{"id":26205,"date":"2025-03-27T10:03:38","date_gmt":"2025-03-27T09:03:38","guid":{"rendered":"https:\/\/ema-bia.com\/?post_type=product&#038;p=26205"},"modified":"2025-09-02T10:57:17","modified_gmt":"2025-09-02T08:57:17","slug":"umschlagtasche-aus-leder-und-seide-mit-schulterriemen-und-ausengriff-schwarz-weis-silky-t-case-pelle-ninfea","status":"publish","type":"product","link":"https:\/\/ema-bia.com\/de\/shop\/taschen\/umschlagtasche-aus-leder-und-seide-mit-schulterriemen-und-ausengriff-schwarz-weis-silky-t-case-pelle-ninfea\/","title":{"rendered":"Umschlagtasche aus Leder und Seide mit Schulterriemen und Au\u00dfengriff Schwarz Wei\u00df &#8211; Silky T-Case pelle Ninfea"},"content":{"rendered":"<p>Umschlagtasche aus Leder und Seide mit Schulterriemen, Au\u00dfengriff aus Seide und Innentasche.<\/p>\n<p data-start=\"96\" data-end=\"109\"><strong data-start=\"96\" data-end=\"107\">\ud83d\udccf Ma\u00dfe<\/strong><\/p>\n<ul data-start=\"110\" data-end=\"194\">\n<li data-start=\"110\" data-end=\"138\">\n<p data-start=\"112\" data-end=\"138\">H\u00f6he: 24,5 cm (\u2248 9.6 in)<\/p>\n<\/li>\n<li data-start=\"139\" data-end=\"167\">\n<p data-start=\"141\" data-end=\"167\">L\u00e4nge: 35 cm (\u2248 13.8 in)<\/p>\n<\/li>\n<li data-start=\"168\" data-end=\"194\">\n<p data-start=\"170\" data-end=\"194\">Tiefe: 3 cm (\u2248 1.2 in)<\/p>\n<\/li>\n<\/ul>\n<p data-start=\"196\" data-end=\"367\">Perfekt geeignet, um Dokumente, Tablets oder schmale Laptops zu verstauen \u2013 die <strong data-start=\"276\" data-end=\"292\">Silky T-Case<\/strong> vereint praktische Funktionalit\u00e4t und Eleganz in einem kompakten Design.<\/p>\n<p>Umschlagtasche aus genarbtem Kalbsleder mit bedruckter Seide im Inneren.<\/p>\n<h3><strong>PRODUKTDETAILS<\/strong><\/h3>\n<ul>\n<li><strong>Zusammensetzung<\/strong>: Au\u00dfenmaterial aus hochwertigem Leder, Innenfutter aus 100 % Seide \u2013 eine perfekte Kombination aus Eleganz und Funktionalit\u00e4t.<\/li>\n<li><strong>Schlaufe<\/strong>: Aus Leder\/Seide gefertigt, entworfen, um den Unterarm hindurchzustecken und die Tasche stilvoll und bequem zu tragen.<\/li>\n<li><strong>Schulterriemen<\/strong>: Verstellbarer Lederriemen mit \u00e4u\u00dferen Haken f\u00fcr eine einfache Befestigung \u2013 verwandelt die Tasche m\u00fchelos von einer Handtasche in eine Umh\u00e4ngetasche.<\/li>\n<li><strong>Innenfach<\/strong>: Mit Rei\u00dfverschluss, um Ihre wichtigsten Gegenst\u00e4nde sicher aufzubewahren.<\/li>\n<li><strong>Au\u00dfenmaterial<\/strong>: Erh\u00e4ltlich in\u00a0<strong>zwei Lederfarben<\/strong>, passend zu verschiedenen Stilen und Vorlieben.<\/li>\n<li><strong>Innenfutter<\/strong>: Vollst\u00e4ndig mit\u00a0<strong>100 % Seide gef\u00fcttert<\/strong>, verf\u00fcgbar in\u00a0<strong>vier floralen Druckvarianten<\/strong>, die Frische und Farbe verleihen.<\/li>\n<li><strong>Herstellung<\/strong>:\u00a0<strong>Komplett handgefertigt in Italien<\/strong>\u00a0\u2013 h\u00f6chste Qualit\u00e4t durch exquisite Handwerkskunst.<\/li>\n<li><strong>Pflege<\/strong>:\u00a0<strong>Nur Trockenreinigung<\/strong>, um die Qualit\u00e4t der Materialien zu bewahren.<\/li>\n<\/ul>\n<h3><strong>BESCHREIBUNG<\/strong><\/h3>\n<p>Die\u00a0<strong>Silky T_CASE Leather<\/strong>\u00a0aus der\u00a0<strong>NINFEA-Kollektion<\/strong>\u00a0vereint\u00a0<strong>Eleganz und Funktionalit\u00e4t<\/strong>\u00a0in einem einzigartigen Accessoire. Das \u00c4u\u00dfere aus\u00a0<strong>hochwertigem Leder<\/strong>\u00a0und das\u00a0<strong>Innenfutter aus 100 % Seide<\/strong>\u00a0schaffen einen raffinierten Kontrast, der die Tasche zu einem vielseitigen Begleiter f\u00fcr jede Gelegenheit macht.<\/p>\n<p>Das exklusive Design verf\u00fcgt \u00fcber eine\u00a0<strong>Leder-\/Seidenschlaufe<\/strong>, die so gestaltet ist, dass Sie Ihren Unterarm hindurchstecken k\u00f6nnen, um die Tasche\u00a0<strong>stilvoll in der Hand zu tragen<\/strong>. Dank der\u00a0<strong>\u00e4u\u00dferen Haken<\/strong>\u00a0kann sie zudem m\u00fchelos in eine\u00a0<strong>Umh\u00e4ngetasche<\/strong>\u00a0verwandelt werden \u2013 eine perfekte Kombination aus Eleganz und Funktionalit\u00e4t.<\/p>\n<p>Das\u00a0<strong>Innenfutter aus 100 % Seide<\/strong>, erh\u00e4ltlich in\u00a0<strong>vier floralen Druckvarianten<\/strong>, verleiht der Tasche eine besondere Frische und Raffinesse. Ein\u00a0<strong>Rei\u00dfverschlussfach im Inneren<\/strong>\u00a0sorgt daf\u00fcr, dass Ihre wichtigsten Gegenst\u00e4nde sicher verstaut bleiben.<\/p>\n<p>Das\u00a0<strong>\u00c4u\u00dfere ist in zwei Lederfarben erh\u00e4ltlich<\/strong>, sodass Sie Ihren pers\u00f6nlichen Stil perfekt erg\u00e4nzen k\u00f6nnen. Jede\u00a0<strong>Silky T_CASE Leather<\/strong>\u00a0wird\u00a0<strong>komplett in Italien handgefertigt<\/strong>\u00a0und \u00fcberzeugt durch ihre\u00a0<strong>hochwertige Verarbeitung<\/strong>, die Langlebigkeit und zeitlose Eleganz garantiert.<\/p>\n<p>Dieses\u00a0<strong>vielseitige und stilvolle Accessoire<\/strong>\u00a0eignet sich perfekt f\u00fcr\u00a0<strong>jeden Anlass \u2013 von tags\u00fcber bis abends<\/strong>. Ein echtes Statement-Piece, das Ihrem Outfit einen\u00a0<strong>Hauch von Luxus und Originalit\u00e4t<\/strong>\u00a0verleiht.<\/p>\n<p>\u2728\u00a0<strong>Entdecken Sie die verschiedenen Varianten und w\u00e4hlen Sie Ihre Lieblingsfarbe f\u00fcr ein stilvolles Highlight in Ihrer Garderobe!<\/strong>\u00a0\u2728<\/p>\n","protected":false},"excerpt":{"rendered":"<p>Umschlagtasche aus Leder und Seide mit Schulterriemen, Au\u00dfengriff aus Seide und Innentasche.<\/p>\n","protected":false},"featured_media":30200,"comment_status":"open","ping_status":"closed","template":"","meta":{"_joinchat":[]},"product_brand":[],"product_cat":[213,212,214],"product_tag":[],"class_list":{"0":"post-26205","1":"product","2":"type-product","3":"status-publish","4":"has-post-thumbnail","6":"product_cat-handtaschen","7":"product_cat-taschen","8":"product_cat-umhaengetaschen","10":"first","11":"instock","12":"taxable","13":"shipping-taxable","14":"purchasable","15":"product-type-simple"},"yoast_head":"<!-- This site is optimized with the Yoast SEO Premium plugin v27.3 (Yoast SEO v27.3) - https:\/\/yoast.com\/product\/yoast-seo-premium-wordpress\/ -->\n<title>Umschlagtasche aus Leder und Seide mit Schulterriemen und Au\u00dfengriff Schwarz Wei\u00df - Silky T-Case pelle Ninfea | Made in Italy | EMA-BIA<\/title>\n<meta name=\"description\" content=\"Kaufen Sie online Umschlagtasche aus Leder und Seide mit Schulterriemen und Au\u00dfengriff Schwarz Wei\u00df - Silky T-Case pelle Ninfea in unserem Shop und entdecken Sie Angebote f\u00fcr EMA-BIA Produkte aus reiner Seide und 100% Made in Italy!\" \/>\n<meta name=\"robots\" content=\"index, follow, max-snippet:-1, max-image-preview:large, max-video-preview:-1\" \/>\n<link rel=\"canonical\" href=\"https:\/\/ema-bia.com\/de\/shop\/taschen\/umschlagtasche-aus-leder-und-seide-mit-schulterriemen-und-ausengriff-schwarz-weis-silky-t-case-pelle-ninfea\/\" \/>\n<meta property=\"og:locale\" content=\"de_DE\" \/>\n<meta property=\"og:type\" content=\"article\" \/>\n<meta property=\"og:title\" content=\"Umschlagtasche aus Leder und Seide mit Schulterriemen und Au\u00dfengriff Schwarz Wei\u00df - Silky T-Case pelle Ninfea\" \/>\n<meta property=\"og:description\" content=\"Kaufen Sie online Umschlagtasche aus Leder und Seide mit Schulterriemen und Au\u00dfengriff Schwarz Wei\u00df - Silky T-Case pelle Ninfea in unserem Shop und entdecken Sie Angebote f\u00fcr EMA-BIA Produkte aus reiner Seide und 100% Made in Italy!\" \/>\n<meta property=\"og:url\" content=\"https:\/\/ema-bia.com\/de\/shop\/taschen\/umschlagtasche-aus-leder-und-seide-mit-schulterriemen-und-ausengriff-schwarz-weis-silky-t-case-pelle-ninfea\/\" \/>\n<meta property=\"og:site_name\" content=\"EMA-BIA\" \/>\n<meta property=\"article:publisher\" content=\"https:\/\/www.facebook.com\/silky.ema.bia\/\" \/>\n<meta property=\"article:modified_time\" content=\"2025-09-02T08:57:17+00:00\" \/>\n<meta property=\"og:image\" content=\"https:\/\/ema-bia.com\/wp-content\/uploads\/2025\/03\/T-CASE-PELLE-X-SHOP-1024x1024.png\" \/>\n\t<meta property=\"og:image:width\" content=\"1024\" \/>\n\t<meta property=\"og:image:height\" content=\"1024\" \/>\n\t<meta property=\"og:image:type\" content=\"image\/png\" \/>\n<meta name=\"twitter:card\" content=\"summary_large_image\" \/>\n<meta name=\"twitter:label1\" content=\"Preis\" \/>\n\t<meta name=\"twitter:data1\" content=\"&euro;&nbsp;360.00\" \/>\n\t<meta name=\"twitter:label2\" content=\"Verf\u00fcgbarkeit\" \/>\n\t<meta name=\"twitter:data2\" content=\"Auf Lager\" \/>\n<script type=\"application\/ld+json\" class=\"yoast-schema-graph\">{\"@context\":\"https:\\\/\\\/schema.org\",\"@graph\":[{\"@type\":\"WebPage\",\"@id\":\"https:\\\/\\\/ema-bia.com\\\/de\\\/shop\\\/taschen\\\/umschlagtasche-aus-leder-und-seide-mit-schulterriemen-und-ausengriff-schwarz-weis-silky-t-case-pelle-ninfea\\\/\",\"url\":\"https:\\\/\\\/ema-bia.com\\\/de\\\/shop\\\/taschen\\\/umschlagtasche-aus-leder-und-seide-mit-schulterriemen-und-ausengriff-schwarz-weis-silky-t-case-pelle-ninfea\\\/\",\"name\":\"Umschlagtasche aus Leder und Seide mit Schulterriemen und Au\u00dfengriff Schwarz Wei\u00df - Silky T-Case pelle Ninfea | Made in Italy | EMA-BIA\",\"isPartOf\":{\"@id\":\"https:\\\/\\\/ema-bia.com\\\/de\\\/#website\"},\"primaryImageOfPage\":{\"@id\":\"https:\\\/\\\/ema-bia.com\\\/de\\\/shop\\\/taschen\\\/umschlagtasche-aus-leder-und-seide-mit-schulterriemen-und-ausengriff-schwarz-weis-silky-t-case-pelle-ninfea\\\/#primaryimage\"},\"image\":{\"@id\":\"https:\\\/\\\/ema-bia.com\\\/de\\\/shop\\\/taschen\\\/umschlagtasche-aus-leder-und-seide-mit-schulterriemen-und-ausengriff-schwarz-weis-silky-t-case-pelle-ninfea\\\/#primaryimage\"},\"thumbnailUrl\":\"https:\\\/\\\/ema-bia.com\\\/wp-content\\\/uploads\\\/2025\\\/03\\\/T-CASE-PELLE-X-SHOP.png\",\"datePublished\":\"2025-03-27T09:03:38+00:00\",\"dateModified\":\"2025-09-02T08:57:17+00:00\",\"description\":\"Kaufen Sie online Umschlagtasche aus Leder und Seide mit Schulterriemen und Au\u00dfengriff Schwarz Wei\u00df - Silky T-Case pelle Ninfea in unserem Shop und entdecken Sie Angebote f\u00fcr EMA-BIA Produkte aus reiner Seide und 100% Made in Italy!\",\"breadcrumb\":{\"@id\":\"https:\\\/\\\/ema-bia.com\\\/de\\\/shop\\\/taschen\\\/umschlagtasche-aus-leder-und-seide-mit-schulterriemen-und-ausengriff-schwarz-weis-silky-t-case-pelle-ninfea\\\/#breadcrumb\"},\"inLanguage\":\"de\",\"potentialAction\":[{\"@type\":\"ReadAction\",\"target\":[\"https:\\\/\\\/ema-bia.com\\\/de\\\/shop\\\/taschen\\\/umschlagtasche-aus-leder-und-seide-mit-schulterriemen-und-ausengriff-schwarz-weis-silky-t-case-pelle-ninfea\\\/\"]}]},{\"@type\":\"ImageObject\",\"inLanguage\":\"de\",\"@id\":\"https:\\\/\\\/ema-bia.com\\\/de\\\/shop\\\/taschen\\\/umschlagtasche-aus-leder-und-seide-mit-schulterriemen-und-ausengriff-schwarz-weis-silky-t-case-pelle-ninfea\\\/#primaryimage\",\"url\":\"https:\\\/\\\/ema-bia.com\\\/wp-content\\\/uploads\\\/2025\\\/03\\\/T-CASE-PELLE-X-SHOP.png\",\"contentUrl\":\"https:\\\/\\\/ema-bia.com\\\/wp-content\\\/uploads\\\/2025\\\/03\\\/T-CASE-PELLE-X-SHOP.png\",\"width\":2295,\"height\":2295},{\"@type\":\"BreadcrumbList\",\"@id\":\"https:\\\/\\\/ema-bia.com\\\/de\\\/shop\\\/taschen\\\/umschlagtasche-aus-leder-und-seide-mit-schulterriemen-und-ausengriff-schwarz-weis-silky-t-case-pelle-ninfea\\\/#breadcrumb\",\"itemListElement\":[{\"@type\":\"ListItem\",\"position\":1,\"name\":\"Home\",\"item\":\"https:\\\/\\\/ema-bia.com\\\/de\\\/\"},{\"@type\":\"ListItem\",\"position\":2,\"name\":\"Shop\",\"item\":\"https:\\\/\\\/ema-bia.com\\\/de\\\/shop\\\/\"},{\"@type\":\"ListItem\",\"position\":3,\"name\":\"Umschlagtasche aus Leder und Seide mit Schulterriemen und Au\u00dfengriff Schwarz Wei\u00df &#8211; Silky T-Case pelle Ninfea\"}]},{\"@type\":\"WebSite\",\"@id\":\"https:\\\/\\\/ema-bia.com\\\/de\\\/#website\",\"url\":\"https:\\\/\\\/ema-bia.com\\\/de\\\/\",\"name\":\"EMA-BIA\",\"description\":\"Accessori e borse in seta di alta qualit\u00e0\",\"publisher\":{\"@id\":\"https:\\\/\\\/ema-bia.com\\\/de\\\/#organization\"},\"alternateName\":\"Borse in seta Made in Italy\",\"potentialAction\":[{\"@type\":\"SearchAction\",\"target\":{\"@type\":\"EntryPoint\",\"urlTemplate\":\"https:\\\/\\\/ema-bia.com\\\/de\\\/?s={search_term_string}\"},\"query-input\":{\"@type\":\"PropertyValueSpecification\",\"valueRequired\":true,\"valueName\":\"search_term_string\"}}],\"inLanguage\":\"de\"},{\"@type\":\"Organization\",\"@id\":\"https:\\\/\\\/ema-bia.com\\\/de\\\/#organization\",\"name\":\"EMA-BIA\",\"alternateName\":\"EMA-BIA borse e accessori\",\"url\":\"https:\\\/\\\/ema-bia.com\\\/de\\\/\",\"logo\":{\"@type\":\"ImageObject\",\"inLanguage\":\"de\",\"@id\":\"https:\\\/\\\/ema-bia.com\\\/de\\\/#\\\/schema\\\/logo\\\/image\\\/\",\"url\":\"https:\\\/\\\/ema-bia.com\\\/wp-content\\\/uploads\\\/2024\\\/12\\\/Nero-Cerchio-con-Posate-Ristorante-Logo.png\",\"contentUrl\":\"https:\\\/\\\/ema-bia.com\\\/wp-content\\\/uploads\\\/2024\\\/12\\\/Nero-Cerchio-con-Posate-Ristorante-Logo.png\",\"width\":1500,\"height\":1500,\"caption\":\"EMA-BIA\"},\"image\":{\"@id\":\"https:\\\/\\\/ema-bia.com\\\/de\\\/#\\\/schema\\\/logo\\\/image\\\/\"},\"sameAs\":[\"https:\\\/\\\/www.facebook.com\\\/silky.ema.bia\\\/\",\"https:\\\/\\\/www.instagram.com\\\/ema.bia\\\/\",\"https:\\\/\\\/www.linkedin.com\\\/company\\\/ema-bia\\\/\",\"https:\\\/\\\/www.youtube.com\\\/@ema-bia3311\\\/featured\",\"https:\\\/\\\/www.tiktok.com\\\/@ema.bia\"],\"hasMerchantReturnPolicy\":{\"@type\":\"MerchantReturnPolicy\",\"merchantReturnLink\":\"https:\\\/\\\/ema-bia.com\\\/diritto-di-recesso\\\/\"}}]}<\/script>\n<meta property=\"product:price:amount\" content=\"360.00\" \/>\n<meta property=\"product:price:currency\" content=\"EUR\" \/>\n<meta property=\"og:availability\" content=\"instock\" \/>\n<meta property=\"product:availability\" content=\"instock\" \/>\n<meta property=\"product:condition\" content=\"new\" \/>\n<!-- \/ Yoast SEO Premium plugin. -->","yoast_head_json":{"title":"Umschlagtasche aus Leder und Seide mit Schulterriemen und Au\u00dfengriff Schwarz Wei\u00df - Silky T-Case pelle Ninfea | Made in Italy | EMA-BIA","description":"Kaufen Sie online Umschlagtasche aus Leder und Seide mit Schulterriemen und Au\u00dfengriff Schwarz Wei\u00df - Silky T-Case pelle Ninfea in unserem Shop und entdecken Sie Angebote f\u00fcr EMA-BIA Produkte aus reiner Seide und 100% Made in Italy!","robots":{"index":"index","follow":"follow","max-snippet":"max-snippet:-1","max-image-preview":"max-image-preview:large","max-video-preview":"max-video-preview:-1"},"canonical":"https:\/\/ema-bia.com\/de\/shop\/taschen\/umschlagtasche-aus-leder-und-seide-mit-schulterriemen-und-ausengriff-schwarz-weis-silky-t-case-pelle-ninfea\/","og_locale":"de_DE","og_type":"article","og_title":"Umschlagtasche aus Leder und Seide mit Schulterriemen und Au\u00dfengriff Schwarz Wei\u00df - Silky T-Case pelle Ninfea","og_description":"Kaufen Sie online Umschlagtasche aus Leder und Seide mit Schulterriemen und Au\u00dfengriff Schwarz Wei\u00df - Silky T-Case pelle Ninfea in unserem Shop und entdecken Sie Angebote f\u00fcr EMA-BIA Produkte aus reiner Seide und 100% Made in Italy!","og_url":"https:\/\/ema-bia.com\/de\/shop\/taschen\/umschlagtasche-aus-leder-und-seide-mit-schulterriemen-und-ausengriff-schwarz-weis-silky-t-case-pelle-ninfea\/","og_site_name":"EMA-BIA","article_publisher":"https:\/\/www.facebook.com\/silky.ema.bia\/","article_modified_time":"2025-09-02T08:57:17+00:00","og_image":[{"width":1024,"height":1024,"url":"https:\/\/ema-bia.com\/wp-content\/uploads\/2025\/03\/T-CASE-PELLE-X-SHOP-1024x1024.png","type":"image\/png"}],"twitter_card":"summary_large_image","twitter_misc":{"Preis":"&euro;&nbsp;360.00","Verf\u00fcgbarkeit":"Auf Lager"},"schema":{"@context":"https:\/\/schema.org","@graph":[{"@type":"WebPage","@id":"https:\/\/ema-bia.com\/de\/shop\/taschen\/umschlagtasche-aus-leder-und-seide-mit-schulterriemen-und-ausengriff-schwarz-weis-silky-t-case-pelle-ninfea\/","url":"https:\/\/ema-bia.com\/de\/shop\/taschen\/umschlagtasche-aus-leder-und-seide-mit-schulterriemen-und-ausengriff-schwarz-weis-silky-t-case-pelle-ninfea\/","name":"Umschlagtasche aus Leder und Seide mit Schulterriemen und Au\u00dfengriff Schwarz Wei\u00df - Silky T-Case pelle Ninfea | Made in Italy | EMA-BIA","isPartOf":{"@id":"https:\/\/ema-bia.com\/de\/#website"},"primaryImageOfPage":{"@id":"https:\/\/ema-bia.com\/de\/shop\/taschen\/umschlagtasche-aus-leder-und-seide-mit-schulterriemen-und-ausengriff-schwarz-weis-silky-t-case-pelle-ninfea\/#primaryimage"},"image":{"@id":"https:\/\/ema-bia.com\/de\/shop\/taschen\/umschlagtasche-aus-leder-und-seide-mit-schulterriemen-und-ausengriff-schwarz-weis-silky-t-case-pelle-ninfea\/#primaryimage"},"thumbnailUrl":"https:\/\/ema-bia.com\/wp-content\/uploads\/2025\/03\/T-CASE-PELLE-X-SHOP.png","datePublished":"2025-03-27T09:03:38+00:00","dateModified":"2025-09-02T08:57:17+00:00","description":"Kaufen Sie online Umschlagtasche aus Leder und Seide mit Schulterriemen und Au\u00dfengriff Schwarz Wei\u00df - Silky T-Case pelle Ninfea in unserem Shop und entdecken Sie Angebote f\u00fcr EMA-BIA Produkte aus reiner Seide und 100% Made in Italy!","breadcrumb":{"@id":"https:\/\/ema-bia.com\/de\/shop\/taschen\/umschlagtasche-aus-leder-und-seide-mit-schulterriemen-und-ausengriff-schwarz-weis-silky-t-case-pelle-ninfea\/#breadcrumb"},"inLanguage":"de","potentialAction":[{"@type":"ReadAction","target":["https:\/\/ema-bia.com\/de\/shop\/taschen\/umschlagtasche-aus-leder-und-seide-mit-schulterriemen-und-ausengriff-schwarz-weis-silky-t-case-pelle-ninfea\/"]}]},{"@type":"ImageObject","inLanguage":"de","@id":"https:\/\/ema-bia.com\/de\/shop\/taschen\/umschlagtasche-aus-leder-und-seide-mit-schulterriemen-und-ausengriff-schwarz-weis-silky-t-case-pelle-ninfea\/#primaryimage","url":"https:\/\/ema-bia.com\/wp-content\/uploads\/2025\/03\/T-CASE-PELLE-X-SHOP.png","contentUrl":"https:\/\/ema-bia.com\/wp-content\/uploads\/2025\/03\/T-CASE-PELLE-X-SHOP.png","width":2295,"height":2295},{"@type":"BreadcrumbList","@id":"https:\/\/ema-bia.com\/de\/shop\/taschen\/umschlagtasche-aus-leder-und-seide-mit-schulterriemen-und-ausengriff-schwarz-weis-silky-t-case-pelle-ninfea\/#breadcrumb","itemListElement":[{"@type":"ListItem","position":1,"name":"Home","item":"https:\/\/ema-bia.com\/de\/"},{"@type":"ListItem","position":2,"name":"Shop","item":"https:\/\/ema-bia.com\/de\/shop\/"},{"@type":"ListItem","position":3,"name":"Umschlagtasche aus Leder und Seide mit Schulterriemen und Au\u00dfengriff Schwarz Wei\u00df &#8211; Silky T-Case pelle Ninfea"}]},{"@type":"WebSite","@id":"https:\/\/ema-bia.com\/de\/#website","url":"https:\/\/ema-bia.com\/de\/","name":"EMA-BIA","description":"Accessori e borse in seta di alta qualit\u00e0","publisher":{"@id":"https:\/\/ema-bia.com\/de\/#organization"},"alternateName":"Borse in seta Made in Italy","potentialAction":[{"@type":"SearchAction","target":{"@type":"EntryPoint","urlTemplate":"https:\/\/ema-bia.com\/de\/?s={search_term_string}"},"query-input":{"@type":"PropertyValueSpecification","valueRequired":true,"valueName":"search_term_string"}}],"inLanguage":"de"},{"@type":"Organization","@id":"https:\/\/ema-bia.com\/de\/#organization","name":"EMA-BIA","alternateName":"EMA-BIA borse e accessori","url":"https:\/\/ema-bia.com\/de\/","logo":{"@type":"ImageObject","inLanguage":"de","@id":"https:\/\/ema-bia.com\/de\/#\/schema\/logo\/image\/","url":"https:\/\/ema-bia.com\/wp-content\/uploads\/2024\/12\/Nero-Cerchio-con-Posate-Ristorante-Logo.png","contentUrl":"https:\/\/ema-bia.com\/wp-content\/uploads\/2024\/12\/Nero-Cerchio-con-Posate-Ristorante-Logo.png","width":1500,"height":1500,"caption":"EMA-BIA"},"image":{"@id":"https:\/\/ema-bia.com\/de\/#\/schema\/logo\/image\/"},"sameAs":["https:\/\/www.facebook.com\/silky.ema.bia\/","https:\/\/www.instagram.com\/ema.bia\/","https:\/\/www.linkedin.com\/company\/ema-bia\/","https:\/\/www.youtube.com\/@ema-bia3311\/featured","https:\/\/www.tiktok.com\/@ema.bia"],"hasMerchantReturnPolicy":{"@type":"MerchantReturnPolicy","merchantReturnLink":"https:\/\/ema-bia.com\/diritto-di-recesso\/"}}]},"product_price_amount":"360.00","product_price_currency":"EUR","og_availability":"instock","product_availability":"instock","product_condition":"new"},"_links":{"self":[{"href":"https:\/\/ema-bia.com\/de\/wp-json\/wp\/v2\/product\/26205","targetHints":{"allow":["GET"]}}],"collection":[{"href":"https:\/\/ema-bia.com\/de\/wp-json\/wp\/v2\/product"}],"about":[{"href":"https:\/\/ema-bia.com\/de\/wp-json\/wp\/v2\/types\/product"}],"replies":[{"embeddable":true,"href":"https:\/\/ema-bia.com\/de\/wp-json\/wp\/v2\/comments?post=26205"}],"wp:featuredmedia":[{"embeddable":true,"href":"https:\/\/ema-bia.com\/de\/wp-json\/wp\/v2\/media\/30200"}],"wp:attachment":[{"href":"https:\/\/ema-bia.com\/de\/wp-json\/wp\/v2\/media?parent=26205"}],"wp:term":[{"taxonomy":"product_brand","embeddable":true,"href":"https:\/\/ema-bia.com\/de\/wp-json\/wp\/v2\/product_brand?post=26205"},{"taxonomy":"product_cat","embeddable":true,"href":"https:\/\/ema-bia.com\/de\/wp-json\/wp\/v2\/product_cat?post=26205"},{"taxonomy":"product_tag","embeddable":true,"href":"https:\/\/ema-bia.com\/de\/wp-json\/wp\/v2\/product_tag?post=26205"}],"curies":[{"name":"wp","href":"https:\/\/api.w.org\/{rel}","templated":true}]}}