{"id":25368,"date":"2024-12-14T10:46:50","date_gmt":"2024-12-14T09:46:50","guid":{"rendered":"https:\/\/ema-bia.com\/shop\/unkategorisiert\/silky-big-moon-nero-bianco\/"},"modified":"2025-02-11T12:55:06","modified_gmt":"2025-02-11T11:55:06","slug":"schwarz-weisse-tasche-aus-leder-und-seide-silky-big-moon","status":"publish","type":"product","link":"https:\/\/ema-bia.com\/de\/shop\/taschen\/schwarz-weisse-tasche-aus-leder-und-seide-silky-big-moon\/","title":{"rendered":"Schwarz-wei\u00dfe Tasche aus Leder und Seide &#8211; Silky Big Moon NINFEA"},"content":{"rendered":"<div class=\"TypographyPresentation TypographyPresentation--medium RichText3-paragraph--withVSpacingNormal RichText3-paragraph\">Ein Accessoire, das Sie bei sich tragen k\u00f6nnen, um Ihre Outfits tags\u00fcber und f\u00fcr informelle Abende zu bereichern. Die Silky Big Moon Tasche ist so strukturiert, dass sie jede Gelegenheit noch komfortabler macht und alles mitnimmt, was Sie brauchen.<br \/>\nAus Seide und Leder, mit abnehmbarem Kettenschulterriemen, Rei\u00dfverschluss und strukturiertem Seideninnenraum mit Taschen.<br \/>\n100% Seide und Leder, 100% handgefertigt in Italien von erfahrenen Handwerkern.<\/div>\n<p>Exklusive Kollektion von Produkten, die f\u00fcr jeden Anlass geeignet sind.<br \/>\nUnsere Kollektionen werden mit Liebe zum Detail und Qualit\u00e4t zusammengestellt, um Ihnen immer das Beste zu bieten.<\/p>\n","protected":false},"excerpt":{"rendered":"<p>Tasche aus Seide und Leder, in der Hand zu halten oder mit abnehmbarem Kettenriemen.<br \/>\nMa\u00dfe: 24,5cm x 16cm x 7cm<br \/>\n100% Seide und Leder, hergestellt in Italien.<\/p>\n","protected":false},"featured_media":25363,"comment_status":"open","ping_status":"closed","template":"","meta":{"_joinchat":[]},"product_brand":[],"product_cat":[213,229,212,214],"product_tag":[],"class_list":{"0":"post-25368","1":"product","2":"type-product","3":"status-publish","4":"has-post-thumbnail","6":"product_cat-handtaschen","7":"product_cat-schultertaschen","8":"product_cat-taschen","9":"product_cat-umhaengetaschen","11":"first","12":"instock","13":"taxable","14":"shipping-taxable","15":"purchasable","16":"product-type-simple"},"yoast_head":"<!-- This site is optimized with the Yoast SEO Premium plugin v27.4 (Yoast SEO v27.4) - https:\/\/yoast.com\/product\/yoast-seo-premium-wordpress\/ -->\n<title>Damen-Umh\u00e4ngetasche aus Seide und fliederfarbenem Leder - Silky Big Moon | Ema Bia<\/title>\n<meta name=\"description\" content=\"Kaufen Sie unsere Umh\u00e4ngetasche Silky Big Moon in Schwarz und Wei\u00df. Zeitlose Eleganz mit hochwertigen Materialien.\" \/>\n<meta name=\"robots\" content=\"index, follow, max-snippet:-1, max-image-preview:large, max-video-preview:-1\" \/>\n<link rel=\"canonical\" href=\"https:\/\/ema-bia.com\/de\/shop\/taschen\/schwarz-weisse-tasche-aus-leder-und-seide-silky-big-moon\/\" \/>\n<meta property=\"og:locale\" content=\"de_DE\" \/>\n<meta property=\"og:type\" content=\"article\" \/>\n<meta property=\"og:title\" content=\"Schwarz-wei\u00dfe Tasche aus Leder und Seide - Silky Big Moon NINFEA\" \/>\n<meta property=\"og:description\" content=\"Kaufen Sie unsere Umh\u00e4ngetasche Silky Big Moon in Schwarz und Wei\u00df. Zeitlose Eleganz mit hochwertigen Materialien.\" \/>\n<meta property=\"og:url\" content=\"https:\/\/ema-bia.com\/de\/shop\/taschen\/schwarz-weisse-tasche-aus-leder-und-seide-silky-big-moon\/\" \/>\n<meta property=\"og:site_name\" content=\"EMA-BIA\" \/>\n<meta property=\"article:publisher\" content=\"https:\/\/www.facebook.com\/silky.ema.bia\/\" \/>\n<meta property=\"article:modified_time\" content=\"2025-02-11T11:55:06+00:00\" \/>\n<meta property=\"og:image\" content=\"https:\/\/ema-bia.com\/wp-content\/uploads\/2024\/12\/ema-bia-borse-p11.jpg\" \/>\n\t<meta property=\"og:image:width\" content=\"1440\" \/>\n\t<meta property=\"og:image:height\" content=\"1440\" \/>\n\t<meta property=\"og:image:type\" content=\"image\/jpeg\" \/>\n<meta name=\"twitter:card\" content=\"summary_large_image\" \/>\n<meta name=\"twitter:label1\" content=\"Preis\" \/>\n\t<meta name=\"twitter:data1\" content=\"&euro;&nbsp;295.00\" \/>\n\t<meta name=\"twitter:label2\" content=\"Verf\u00fcgbarkeit\" \/>\n\t<meta name=\"twitter:data2\" content=\"Auf Lager\" \/>\n<script type=\"application\/ld+json\" class=\"yoast-schema-graph\">{\"@context\":\"https:\\\/\\\/schema.org\",\"@graph\":[{\"@type\":\"WebPage\",\"@id\":\"https:\\\/\\\/ema-bia.com\\\/de\\\/shop\\\/taschen\\\/schwarz-weisse-tasche-aus-leder-und-seide-silky-big-moon\\\/\",\"url\":\"https:\\\/\\\/ema-bia.com\\\/de\\\/shop\\\/taschen\\\/schwarz-weisse-tasche-aus-leder-und-seide-silky-big-moon\\\/\",\"name\":\"Damen-Umh\u00e4ngetasche aus Seide und fliederfarbenem Leder - Silky Big Moon | Ema Bia\",\"isPartOf\":{\"@id\":\"https:\\\/\\\/ema-bia.com\\\/de\\\/#website\"},\"primaryImageOfPage\":{\"@id\":\"https:\\\/\\\/ema-bia.com\\\/de\\\/shop\\\/taschen\\\/schwarz-weisse-tasche-aus-leder-und-seide-silky-big-moon\\\/#primaryimage\"},\"image\":{\"@id\":\"https:\\\/\\\/ema-bia.com\\\/de\\\/shop\\\/taschen\\\/schwarz-weisse-tasche-aus-leder-und-seide-silky-big-moon\\\/#primaryimage\"},\"thumbnailUrl\":\"https:\\\/\\\/ema-bia.com\\\/wp-content\\\/uploads\\\/2024\\\/12\\\/ema-bia-borse-p11.jpg\",\"datePublished\":\"2024-12-14T09:46:50+00:00\",\"dateModified\":\"2025-02-11T11:55:06+00:00\",\"description\":\"Kaufen Sie unsere Umh\u00e4ngetasche Silky Big Moon in Schwarz und Wei\u00df. Zeitlose Eleganz mit hochwertigen Materialien.\",\"breadcrumb\":{\"@id\":\"https:\\\/\\\/ema-bia.com\\\/de\\\/shop\\\/taschen\\\/schwarz-weisse-tasche-aus-leder-und-seide-silky-big-moon\\\/#breadcrumb\"},\"inLanguage\":\"de\",\"potentialAction\":[{\"@type\":\"ReadAction\",\"target\":[\"https:\\\/\\\/ema-bia.com\\\/de\\\/shop\\\/taschen\\\/schwarz-weisse-tasche-aus-leder-und-seide-silky-big-moon\\\/\"]}]},{\"@type\":\"ImageObject\",\"inLanguage\":\"de\",\"@id\":\"https:\\\/\\\/ema-bia.com\\\/de\\\/shop\\\/taschen\\\/schwarz-weisse-tasche-aus-leder-und-seide-silky-big-moon\\\/#primaryimage\",\"url\":\"https:\\\/\\\/ema-bia.com\\\/wp-content\\\/uploads\\\/2024\\\/12\\\/ema-bia-borse-p11.jpg\",\"contentUrl\":\"https:\\\/\\\/ema-bia.com\\\/wp-content\\\/uploads\\\/2024\\\/12\\\/ema-bia-borse-p11.jpg\",\"width\":1440,\"height\":1440},{\"@type\":\"BreadcrumbList\",\"@id\":\"https:\\\/\\\/ema-bia.com\\\/de\\\/shop\\\/taschen\\\/schwarz-weisse-tasche-aus-leder-und-seide-silky-big-moon\\\/#breadcrumb\",\"itemListElement\":[{\"@type\":\"ListItem\",\"position\":1,\"name\":\"Home\",\"item\":\"https:\\\/\\\/ema-bia.com\\\/de\\\/\"},{\"@type\":\"ListItem\",\"position\":2,\"name\":\"Shop\",\"item\":\"https:\\\/\\\/ema-bia.com\\\/de\\\/shop\\\/\"},{\"@type\":\"ListItem\",\"position\":3,\"name\":\"Schwarz-wei\u00dfe Tasche aus Leder und Seide &#8211; Silky Big Moon NINFEA\"}]},{\"@type\":\"WebSite\",\"@id\":\"https:\\\/\\\/ema-bia.com\\\/de\\\/#website\",\"url\":\"https:\\\/\\\/ema-bia.com\\\/de\\\/\",\"name\":\"EMA-BIA\",\"description\":\"Accessori e borse in seta di alta qualit\u00e0\",\"publisher\":{\"@id\":\"https:\\\/\\\/ema-bia.com\\\/de\\\/#organization\"},\"alternateName\":\"Borse in seta Made in Italy\",\"potentialAction\":[{\"@type\":\"SearchAction\",\"target\":{\"@type\":\"EntryPoint\",\"urlTemplate\":\"https:\\\/\\\/ema-bia.com\\\/de\\\/?s={search_term_string}\"},\"query-input\":{\"@type\":\"PropertyValueSpecification\",\"valueRequired\":true,\"valueName\":\"search_term_string\"}}],\"inLanguage\":\"de\"},{\"@type\":\"Organization\",\"@id\":\"https:\\\/\\\/ema-bia.com\\\/de\\\/#organization\",\"name\":\"EMA-BIA\",\"alternateName\":\"EMA-BIA borse e accessori\",\"url\":\"https:\\\/\\\/ema-bia.com\\\/de\\\/\",\"logo\":{\"@type\":\"ImageObject\",\"inLanguage\":\"de\",\"@id\":\"https:\\\/\\\/ema-bia.com\\\/de\\\/#\\\/schema\\\/logo\\\/image\\\/\",\"url\":\"https:\\\/\\\/ema-bia.com\\\/wp-content\\\/uploads\\\/2024\\\/12\\\/Nero-Cerchio-con-Posate-Ristorante-Logo.png\",\"contentUrl\":\"https:\\\/\\\/ema-bia.com\\\/wp-content\\\/uploads\\\/2024\\\/12\\\/Nero-Cerchio-con-Posate-Ristorante-Logo.png\",\"width\":1500,\"height\":1500,\"caption\":\"EMA-BIA\"},\"image\":{\"@id\":\"https:\\\/\\\/ema-bia.com\\\/de\\\/#\\\/schema\\\/logo\\\/image\\\/\"},\"sameAs\":[\"https:\\\/\\\/www.facebook.com\\\/silky.ema.bia\\\/\",\"https:\\\/\\\/www.instagram.com\\\/ema.bia\\\/\",\"https:\\\/\\\/www.linkedin.com\\\/company\\\/ema-bia\\\/\",\"https:\\\/\\\/www.youtube.com\\\/@ema-bia3311\\\/featured\",\"https:\\\/\\\/www.tiktok.com\\\/@ema.bia\"],\"hasMerchantReturnPolicy\":{\"@type\":\"MerchantReturnPolicy\",\"merchantReturnLink\":\"https:\\\/\\\/ema-bia.com\\\/diritto-di-recesso\\\/\"}}]}<\/script>\n<meta property=\"product:price:amount\" content=\"295.00\" \/>\n<meta property=\"product:price:currency\" content=\"EUR\" \/>\n<meta property=\"og:availability\" content=\"instock\" \/>\n<meta property=\"product:availability\" content=\"instock\" \/>\n<meta property=\"product:condition\" content=\"new\" \/>\n<!-- \/ Yoast SEO Premium plugin. -->","yoast_head_json":{"title":"Damen-Umh\u00e4ngetasche aus Seide und fliederfarbenem Leder - Silky Big Moon | Ema Bia","description":"Kaufen Sie unsere Umh\u00e4ngetasche Silky Big Moon in Schwarz und Wei\u00df. Zeitlose Eleganz mit hochwertigen Materialien.","robots":{"index":"index","follow":"follow","max-snippet":"max-snippet:-1","max-image-preview":"max-image-preview:large","max-video-preview":"max-video-preview:-1"},"canonical":"https:\/\/ema-bia.com\/de\/shop\/taschen\/schwarz-weisse-tasche-aus-leder-und-seide-silky-big-moon\/","og_locale":"de_DE","og_type":"article","og_title":"Schwarz-wei\u00dfe Tasche aus Leder und Seide - Silky Big Moon NINFEA","og_description":"Kaufen Sie unsere Umh\u00e4ngetasche Silky Big Moon in Schwarz und Wei\u00df. Zeitlose Eleganz mit hochwertigen Materialien.","og_url":"https:\/\/ema-bia.com\/de\/shop\/taschen\/schwarz-weisse-tasche-aus-leder-und-seide-silky-big-moon\/","og_site_name":"EMA-BIA","article_publisher":"https:\/\/www.facebook.com\/silky.ema.bia\/","article_modified_time":"2025-02-11T11:55:06+00:00","og_image":[{"width":1440,"height":1440,"url":"https:\/\/ema-bia.com\/wp-content\/uploads\/2024\/12\/ema-bia-borse-p11.jpg","type":"image\/jpeg"}],"twitter_card":"summary_large_image","twitter_misc":{"Preis":"&euro;&nbsp;295.00","Verf\u00fcgbarkeit":"Auf Lager"},"schema":{"@context":"https:\/\/schema.org","@graph":[{"@type":"WebPage","@id":"https:\/\/ema-bia.com\/de\/shop\/taschen\/schwarz-weisse-tasche-aus-leder-und-seide-silky-big-moon\/","url":"https:\/\/ema-bia.com\/de\/shop\/taschen\/schwarz-weisse-tasche-aus-leder-und-seide-silky-big-moon\/","name":"Damen-Umh\u00e4ngetasche aus Seide und fliederfarbenem Leder - Silky Big Moon | Ema Bia","isPartOf":{"@id":"https:\/\/ema-bia.com\/de\/#website"},"primaryImageOfPage":{"@id":"https:\/\/ema-bia.com\/de\/shop\/taschen\/schwarz-weisse-tasche-aus-leder-und-seide-silky-big-moon\/#primaryimage"},"image":{"@id":"https:\/\/ema-bia.com\/de\/shop\/taschen\/schwarz-weisse-tasche-aus-leder-und-seide-silky-big-moon\/#primaryimage"},"thumbnailUrl":"https:\/\/ema-bia.com\/wp-content\/uploads\/2024\/12\/ema-bia-borse-p11.jpg","datePublished":"2024-12-14T09:46:50+00:00","dateModified":"2025-02-11T11:55:06+00:00","description":"Kaufen Sie unsere Umh\u00e4ngetasche Silky Big Moon in Schwarz und Wei\u00df. Zeitlose Eleganz mit hochwertigen Materialien.","breadcrumb":{"@id":"https:\/\/ema-bia.com\/de\/shop\/taschen\/schwarz-weisse-tasche-aus-leder-und-seide-silky-big-moon\/#breadcrumb"},"inLanguage":"de","potentialAction":[{"@type":"ReadAction","target":["https:\/\/ema-bia.com\/de\/shop\/taschen\/schwarz-weisse-tasche-aus-leder-und-seide-silky-big-moon\/"]}]},{"@type":"ImageObject","inLanguage":"de","@id":"https:\/\/ema-bia.com\/de\/shop\/taschen\/schwarz-weisse-tasche-aus-leder-und-seide-silky-big-moon\/#primaryimage","url":"https:\/\/ema-bia.com\/wp-content\/uploads\/2024\/12\/ema-bia-borse-p11.jpg","contentUrl":"https:\/\/ema-bia.com\/wp-content\/uploads\/2024\/12\/ema-bia-borse-p11.jpg","width":1440,"height":1440},{"@type":"BreadcrumbList","@id":"https:\/\/ema-bia.com\/de\/shop\/taschen\/schwarz-weisse-tasche-aus-leder-und-seide-silky-big-moon\/#breadcrumb","itemListElement":[{"@type":"ListItem","position":1,"name":"Home","item":"https:\/\/ema-bia.com\/de\/"},{"@type":"ListItem","position":2,"name":"Shop","item":"https:\/\/ema-bia.com\/de\/shop\/"},{"@type":"ListItem","position":3,"name":"Schwarz-wei\u00dfe Tasche aus Leder und Seide &#8211; Silky Big Moon NINFEA"}]},{"@type":"WebSite","@id":"https:\/\/ema-bia.com\/de\/#website","url":"https:\/\/ema-bia.com\/de\/","name":"EMA-BIA","description":"Accessori e borse in seta di alta qualit\u00e0","publisher":{"@id":"https:\/\/ema-bia.com\/de\/#organization"},"alternateName":"Borse in seta Made in Italy","potentialAction":[{"@type":"SearchAction","target":{"@type":"EntryPoint","urlTemplate":"https:\/\/ema-bia.com\/de\/?s={search_term_string}"},"query-input":{"@type":"PropertyValueSpecification","valueRequired":true,"valueName":"search_term_string"}}],"inLanguage":"de"},{"@type":"Organization","@id":"https:\/\/ema-bia.com\/de\/#organization","name":"EMA-BIA","alternateName":"EMA-BIA borse e accessori","url":"https:\/\/ema-bia.com\/de\/","logo":{"@type":"ImageObject","inLanguage":"de","@id":"https:\/\/ema-bia.com\/de\/#\/schema\/logo\/image\/","url":"https:\/\/ema-bia.com\/wp-content\/uploads\/2024\/12\/Nero-Cerchio-con-Posate-Ristorante-Logo.png","contentUrl":"https:\/\/ema-bia.com\/wp-content\/uploads\/2024\/12\/Nero-Cerchio-con-Posate-Ristorante-Logo.png","width":1500,"height":1500,"caption":"EMA-BIA"},"image":{"@id":"https:\/\/ema-bia.com\/de\/#\/schema\/logo\/image\/"},"sameAs":["https:\/\/www.facebook.com\/silky.ema.bia\/","https:\/\/www.instagram.com\/ema.bia\/","https:\/\/www.linkedin.com\/company\/ema-bia\/","https:\/\/www.youtube.com\/@ema-bia3311\/featured","https:\/\/www.tiktok.com\/@ema.bia"],"hasMerchantReturnPolicy":{"@type":"MerchantReturnPolicy","merchantReturnLink":"https:\/\/ema-bia.com\/diritto-di-recesso\/"}}]},"product_price_amount":"295.00","product_price_currency":"EUR","og_availability":"instock","product_availability":"instock","product_condition":"new"},"_links":{"self":[{"href":"https:\/\/ema-bia.com\/de\/wp-json\/wp\/v2\/product\/25368","targetHints":{"allow":["GET"]}}],"collection":[{"href":"https:\/\/ema-bia.com\/de\/wp-json\/wp\/v2\/product"}],"about":[{"href":"https:\/\/ema-bia.com\/de\/wp-json\/wp\/v2\/types\/product"}],"replies":[{"embeddable":true,"href":"https:\/\/ema-bia.com\/de\/wp-json\/wp\/v2\/comments?post=25368"}],"wp:featuredmedia":[{"embeddable":true,"href":"https:\/\/ema-bia.com\/de\/wp-json\/wp\/v2\/media\/25363"}],"wp:attachment":[{"href":"https:\/\/ema-bia.com\/de\/wp-json\/wp\/v2\/media?parent=25368"}],"wp:term":[{"taxonomy":"product_brand","embeddable":true,"href":"https:\/\/ema-bia.com\/de\/wp-json\/wp\/v2\/product_brand?post=25368"},{"taxonomy":"product_cat","embeddable":true,"href":"https:\/\/ema-bia.com\/de\/wp-json\/wp\/v2\/product_cat?post=25368"},{"taxonomy":"product_tag","embeddable":true,"href":"https:\/\/ema-bia.com\/de\/wp-json\/wp\/v2\/product_tag?post=25368"}],"curies":[{"name":"wp","href":"https:\/\/api.w.org\/{rel}","templated":true}]}}