{"id":18783,"date":"2023-04-21T10:35:32","date_gmt":"2023-04-21T08:35:32","guid":{"rendered":"https:\/\/ema-bia.com\/shop\/senza-categoria\/seiden-und-lederhandtasche-mit-braunen-griffen-silky-sun-tinta-unita\/"},"modified":"2025-02-14T15:34:02","modified_gmt":"2025-02-14T14:34:02","slug":"seiden-und-lederhandtasche-mit-braunen-griffen","status":"publish","type":"product","link":"https:\/\/ema-bia.com\/de\/shop\/taschen\/handtaschen\/seiden-und-lederhandtasche-mit-braunen-griffen\/","title":{"rendered":"Seiden- und Lederhandtasche mit braunen Griffen &#8211; Silky Sun Einfarbig"},"content":{"rendered":"<p>Seidentasche in Braun mit <strong>Ledergriffen<\/strong>.<\/p>\n<p>Ger\u00e4umig und bequem dank der praktischen Ledergriffe und der Innentasche mit Rei\u00dfverschluss; die Silky Sun Shopper-Tasche ist <strong>perfekt f\u00fcr jede allt\u00e4gliche Gelegenheit<\/strong>.<\/p>\n<p><strong>Tasche aus Seide und Leder <\/strong><\/p>\n<p><strong>Italienische Struktur mit exklusivem Design aus Como: <\/strong><\/p>\n<p><strong>Handwerkliche Eleganz<\/strong><\/p>\n<p>Entdecken Sie die italienische Kunst und Handwerkskunst mit unserer strukturierten Seidentasche, die in Italien handgefertigt wurde, wo jedes Detail von Exzellenz spricht.<\/p>\n<p><strong>Hochwertiges Materia<\/strong><strong>l<\/strong>: Diese Tasche ist aus hochwertiger strukturierter Seide gefertigt, die au\u00dfergew\u00f6hnliche Festigkeit mit der intrinsischen Zerbrechlichkeit der Seide kombiniert, kombiniert mit sorgf\u00e4ltig ausgew\u00e4hltem feinem Leder, das nicht nur die empfindlichsten Stellen sch\u00fctzt, sondern auch einen einzigartigen Materialkontrast bietet.<\/p>\n<p><strong>Exklusives Design<\/strong><strong>:<\/strong> Das einzigartige und faszinierende Muster wurde von renommierten Designern aus Como entworfen, die Experten in der Gestaltung von Seidenmustern sind. Der Druck, der angefertigt wurde, verleiht der Tasche einen Hauch von st\u00e4ndig wechselnder Originalit\u00e4t und Eleganz, um jeden bevorzugten Stil zu erg\u00e4nzen.<\/p>\n<p><strong>Italienische Handwerkskunst<\/strong><strong>:<\/strong> Italienische Handwerkskunst zeigt sich in jeder Naht und jedem Detail. Diese Tasche ist das Ergebnis handwerklicher Fertigkeiten, die Qualit\u00e4t und Langlebigkeit im Laufe der Zeit gew\u00e4hrleisten. Ausgew\u00e4hlte Leder und galvanisierte metallische Materialien. Handgen\u00e4hte N\u00e4hte an den wichtigsten Stellen, die Widerstandsf\u00e4higkeit im Alltag bieten.<\/p>\n<p>Tragen Sie diese Tasche, um die italienische Kunst und Tradition zu umarmen und das au\u00dfergew\u00f6hnliche Gef\u00fchl der strukturierten Seide zu sp\u00fcren. Es ist ein einzigartiges Accessoire, das zeitlosen Stil und italienische Handwerkskunst vereint und bei jeder Gelegenheit einen Hauch von Luxus und Originalit\u00e4t bietet.<br \/>\nExklusive Kollektion von Produkten, die f\u00fcr jeden Anlass geeignet sind.<br \/>\nUnsere Kollektionen werden mit Liebe zum Detail und Qualit\u00e4t zusammengestellt, um Ihnen immer das Beste zu bieten.<\/p>\n","protected":false},"excerpt":{"rendered":"<p>Seidentasche in Braun mit Ledergriffen. Ger\u00e4umig und bequem dank der praktischen Ledergriffe und der Innentasche mit Rei\u00dfverschluss; die Silky Sun Shopper-Tasche ist perfekt f\u00fcr jede allt\u00e4gliche Gelegenheit. Tasche aus Seide und Leder Italienische Struktur mit exklusivem Design aus Como: Handwerkliche Eleganz Entdecken Sie die italienische Kunst und Handwerkskunst mit unserer strukturierten Seidentasche, die in Italien [&hellip;]<\/p>\n","protected":false},"featured_media":3241,"comment_status":"open","ping_status":"closed","template":"","meta":{"_joinchat":[]},"product_brand":[],"product_cat":[213,229,212],"product_tag":[],"class_list":{"0":"post-18783","1":"product","2":"type-product","3":"status-publish","4":"has-post-thumbnail","6":"product_cat-handtaschen","7":"product_cat-schultertaschen","8":"product_cat-taschen","10":"first","11":"instock","12":"taxable","13":"shipping-taxable","14":"purchasable","15":"product-type-simple"},"yoast_head":"<!-- This site is optimized with the Yoast SEO Premium plugin v27.3 (Yoast SEO v27.3) - https:\/\/yoast.com\/product\/yoast-seo-premium-wordpress\/ -->\n<title>Seiden- und Lederhandtasche mit braunen Griffen - Silky Sun Einfarbig | Made in Italy | EMA-BIA<\/title>\n<meta name=\"description\" content=\"Kaufen Sie online Seiden- und Lederhandtasche mit braunen Griffen - Silky Sun Einfarbig in unserem Shop und entdecken Sie Angebote f\u00fcr EMA-BIA Produkte aus reiner Seide und 100% Made in Italy!\" \/>\n<meta name=\"robots\" content=\"index, follow, max-snippet:-1, max-image-preview:large, max-video-preview:-1\" \/>\n<link rel=\"canonical\" href=\"https:\/\/ema-bia.com\/de\/shop\/taschen\/handtaschen\/seiden-und-lederhandtasche-mit-braunen-griffen\/\" \/>\n<meta property=\"og:locale\" content=\"de_DE\" \/>\n<meta property=\"og:type\" content=\"article\" \/>\n<meta property=\"og:title\" content=\"Seiden- und Lederhandtasche mit braunen Griffen - Silky Sun Einfarbig\" \/>\n<meta property=\"og:description\" content=\"Kaufen Sie online Seiden- und Lederhandtasche mit braunen Griffen - Silky Sun Einfarbig in unserem Shop und entdecken Sie Angebote f\u00fcr EMA-BIA Produkte aus reiner Seide und 100% Made in Italy!\" \/>\n<meta property=\"og:url\" content=\"https:\/\/ema-bia.com\/de\/shop\/taschen\/handtaschen\/seiden-und-lederhandtasche-mit-braunen-griffen\/\" \/>\n<meta property=\"og:site_name\" content=\"EMA-BIA\" \/>\n<meta property=\"article:publisher\" content=\"https:\/\/www.facebook.com\/silky.ema.bia\/\" \/>\n<meta property=\"article:modified_time\" content=\"2025-02-14T14:34:02+00:00\" \/>\n<meta property=\"og:image\" content=\"https:\/\/ema-bia.com\/wp-content\/uploads\/2023\/04\/borsa-in-seta-e-pelle-con-manici-marrone-Silky-Sun-scaled.jpg\" \/>\n\t<meta property=\"og:image:width\" content=\"2560\" \/>\n\t<meta property=\"og:image:height\" content=\"2560\" \/>\n\t<meta property=\"og:image:type\" content=\"image\/jpeg\" \/>\n<meta name=\"twitter:card\" content=\"summary_large_image\" \/>\n<meta name=\"twitter:label1\" content=\"Preis\" \/>\n\t<meta name=\"twitter:data1\" content=\"&euro;&nbsp;550.00\" \/>\n\t<meta name=\"twitter:label2\" content=\"Verf\u00fcgbarkeit\" \/>\n\t<meta name=\"twitter:data2\" content=\"Auf Lager\" \/>\n<script type=\"application\/ld+json\" class=\"yoast-schema-graph\">{\"@context\":\"https:\\\/\\\/schema.org\",\"@graph\":[{\"@type\":\"WebPage\",\"@id\":\"https:\\\/\\\/ema-bia.com\\\/de\\\/shop\\\/taschen\\\/handtaschen\\\/seiden-und-lederhandtasche-mit-braunen-griffen\\\/\",\"url\":\"https:\\\/\\\/ema-bia.com\\\/de\\\/shop\\\/taschen\\\/handtaschen\\\/seiden-und-lederhandtasche-mit-braunen-griffen\\\/\",\"name\":\"Seiden- und Lederhandtasche mit braunen Griffen - Silky Sun Einfarbig | Made in Italy | EMA-BIA\",\"isPartOf\":{\"@id\":\"https:\\\/\\\/ema-bia.com\\\/de\\\/#website\"},\"primaryImageOfPage\":{\"@id\":\"https:\\\/\\\/ema-bia.com\\\/de\\\/shop\\\/taschen\\\/handtaschen\\\/seiden-und-lederhandtasche-mit-braunen-griffen\\\/#primaryimage\"},\"image\":{\"@id\":\"https:\\\/\\\/ema-bia.com\\\/de\\\/shop\\\/taschen\\\/handtaschen\\\/seiden-und-lederhandtasche-mit-braunen-griffen\\\/#primaryimage\"},\"thumbnailUrl\":\"https:\\\/\\\/ema-bia.com\\\/wp-content\\\/uploads\\\/2023\\\/04\\\/borsa-in-seta-e-pelle-con-manici-marrone-Silky-Sun-scaled.jpg\",\"datePublished\":\"2023-04-21T08:35:32+00:00\",\"dateModified\":\"2025-02-14T14:34:02+00:00\",\"description\":\"Kaufen Sie online Seiden- und Lederhandtasche mit braunen Griffen - Silky Sun Einfarbig in unserem Shop und entdecken Sie Angebote f\u00fcr EMA-BIA Produkte aus reiner Seide und 100% Made in Italy!\",\"breadcrumb\":{\"@id\":\"https:\\\/\\\/ema-bia.com\\\/de\\\/shop\\\/taschen\\\/handtaschen\\\/seiden-und-lederhandtasche-mit-braunen-griffen\\\/#breadcrumb\"},\"inLanguage\":\"de\",\"potentialAction\":[{\"@type\":\"ReadAction\",\"target\":[\"https:\\\/\\\/ema-bia.com\\\/de\\\/shop\\\/taschen\\\/handtaschen\\\/seiden-und-lederhandtasche-mit-braunen-griffen\\\/\"]}]},{\"@type\":\"ImageObject\",\"inLanguage\":\"de\",\"@id\":\"https:\\\/\\\/ema-bia.com\\\/de\\\/shop\\\/taschen\\\/handtaschen\\\/seiden-und-lederhandtasche-mit-braunen-griffen\\\/#primaryimage\",\"url\":\"https:\\\/\\\/ema-bia.com\\\/wp-content\\\/uploads\\\/2023\\\/04\\\/borsa-in-seta-e-pelle-con-manici-marrone-Silky-Sun-scaled.jpg\",\"contentUrl\":\"https:\\\/\\\/ema-bia.com\\\/wp-content\\\/uploads\\\/2023\\\/04\\\/borsa-in-seta-e-pelle-con-manici-marrone-Silky-Sun-scaled.jpg\",\"width\":2560,\"height\":2560},{\"@type\":\"BreadcrumbList\",\"@id\":\"https:\\\/\\\/ema-bia.com\\\/de\\\/shop\\\/taschen\\\/handtaschen\\\/seiden-und-lederhandtasche-mit-braunen-griffen\\\/#breadcrumb\",\"itemListElement\":[{\"@type\":\"ListItem\",\"position\":1,\"name\":\"Home\",\"item\":\"https:\\\/\\\/ema-bia.com\\\/de\\\/\"},{\"@type\":\"ListItem\",\"position\":2,\"name\":\"Shop\",\"item\":\"https:\\\/\\\/ema-bia.com\\\/de\\\/shop\\\/\"},{\"@type\":\"ListItem\",\"position\":3,\"name\":\"Seiden- und Lederhandtasche mit braunen Griffen &#8211; Silky Sun Einfarbig\"}]},{\"@type\":\"WebSite\",\"@id\":\"https:\\\/\\\/ema-bia.com\\\/de\\\/#website\",\"url\":\"https:\\\/\\\/ema-bia.com\\\/de\\\/\",\"name\":\"EMA-BIA\",\"description\":\"Accessori e borse in seta di alta qualit\u00e0\",\"publisher\":{\"@id\":\"https:\\\/\\\/ema-bia.com\\\/de\\\/#organization\"},\"alternateName\":\"Borse in seta Made in Italy\",\"potentialAction\":[{\"@type\":\"SearchAction\",\"target\":{\"@type\":\"EntryPoint\",\"urlTemplate\":\"https:\\\/\\\/ema-bia.com\\\/de\\\/?s={search_term_string}\"},\"query-input\":{\"@type\":\"PropertyValueSpecification\",\"valueRequired\":true,\"valueName\":\"search_term_string\"}}],\"inLanguage\":\"de\"},{\"@type\":\"Organization\",\"@id\":\"https:\\\/\\\/ema-bia.com\\\/de\\\/#organization\",\"name\":\"EMA-BIA\",\"alternateName\":\"EMA-BIA borse e accessori\",\"url\":\"https:\\\/\\\/ema-bia.com\\\/de\\\/\",\"logo\":{\"@type\":\"ImageObject\",\"inLanguage\":\"de\",\"@id\":\"https:\\\/\\\/ema-bia.com\\\/de\\\/#\\\/schema\\\/logo\\\/image\\\/\",\"url\":\"https:\\\/\\\/ema-bia.com\\\/wp-content\\\/uploads\\\/2024\\\/12\\\/Nero-Cerchio-con-Posate-Ristorante-Logo.png\",\"contentUrl\":\"https:\\\/\\\/ema-bia.com\\\/wp-content\\\/uploads\\\/2024\\\/12\\\/Nero-Cerchio-con-Posate-Ristorante-Logo.png\",\"width\":1500,\"height\":1500,\"caption\":\"EMA-BIA\"},\"image\":{\"@id\":\"https:\\\/\\\/ema-bia.com\\\/de\\\/#\\\/schema\\\/logo\\\/image\\\/\"},\"sameAs\":[\"https:\\\/\\\/www.facebook.com\\\/silky.ema.bia\\\/\",\"https:\\\/\\\/www.instagram.com\\\/ema.bia\\\/\",\"https:\\\/\\\/www.linkedin.com\\\/company\\\/ema-bia\\\/\",\"https:\\\/\\\/www.youtube.com\\\/@ema-bia3311\\\/featured\",\"https:\\\/\\\/www.tiktok.com\\\/@ema.bia\"],\"hasMerchantReturnPolicy\":{\"@type\":\"MerchantReturnPolicy\",\"merchantReturnLink\":\"https:\\\/\\\/ema-bia.com\\\/diritto-di-recesso\\\/\"}}]}<\/script>\n<meta property=\"product:price:amount\" content=\"550.00\" \/>\n<meta property=\"product:price:currency\" content=\"EUR\" \/>\n<meta property=\"og:availability\" content=\"instock\" \/>\n<meta property=\"product:availability\" content=\"instock\" \/>\n<meta property=\"product:retailer_item_id\" content=\"8056420316025\" \/>\n<meta property=\"product:condition\" content=\"new\" \/>\n<!-- \/ Yoast SEO Premium plugin. -->","yoast_head_json":{"title":"Seiden- und Lederhandtasche mit braunen Griffen - Silky Sun Einfarbig | Made in Italy | EMA-BIA","description":"Kaufen Sie online Seiden- und Lederhandtasche mit braunen Griffen - Silky Sun Einfarbig in unserem Shop und entdecken Sie Angebote f\u00fcr EMA-BIA Produkte aus reiner Seide und 100% Made in Italy!","robots":{"index":"index","follow":"follow","max-snippet":"max-snippet:-1","max-image-preview":"max-image-preview:large","max-video-preview":"max-video-preview:-1"},"canonical":"https:\/\/ema-bia.com\/de\/shop\/taschen\/handtaschen\/seiden-und-lederhandtasche-mit-braunen-griffen\/","og_locale":"de_DE","og_type":"article","og_title":"Seiden- und Lederhandtasche mit braunen Griffen - Silky Sun Einfarbig","og_description":"Kaufen Sie online Seiden- und Lederhandtasche mit braunen Griffen - Silky Sun Einfarbig in unserem Shop und entdecken Sie Angebote f\u00fcr EMA-BIA Produkte aus reiner Seide und 100% Made in Italy!","og_url":"https:\/\/ema-bia.com\/de\/shop\/taschen\/handtaschen\/seiden-und-lederhandtasche-mit-braunen-griffen\/","og_site_name":"EMA-BIA","article_publisher":"https:\/\/www.facebook.com\/silky.ema.bia\/","article_modified_time":"2025-02-14T14:34:02+00:00","og_image":[{"width":2560,"height":2560,"url":"https:\/\/ema-bia.com\/wp-content\/uploads\/2023\/04\/borsa-in-seta-e-pelle-con-manici-marrone-Silky-Sun-scaled.jpg","type":"image\/jpeg"}],"twitter_card":"summary_large_image","twitter_misc":{"Preis":"&euro;&nbsp;550.00","Verf\u00fcgbarkeit":"Auf Lager"},"schema":{"@context":"https:\/\/schema.org","@graph":[{"@type":"WebPage","@id":"https:\/\/ema-bia.com\/de\/shop\/taschen\/handtaschen\/seiden-und-lederhandtasche-mit-braunen-griffen\/","url":"https:\/\/ema-bia.com\/de\/shop\/taschen\/handtaschen\/seiden-und-lederhandtasche-mit-braunen-griffen\/","name":"Seiden- und Lederhandtasche mit braunen Griffen - Silky Sun Einfarbig | Made in Italy | EMA-BIA","isPartOf":{"@id":"https:\/\/ema-bia.com\/de\/#website"},"primaryImageOfPage":{"@id":"https:\/\/ema-bia.com\/de\/shop\/taschen\/handtaschen\/seiden-und-lederhandtasche-mit-braunen-griffen\/#primaryimage"},"image":{"@id":"https:\/\/ema-bia.com\/de\/shop\/taschen\/handtaschen\/seiden-und-lederhandtasche-mit-braunen-griffen\/#primaryimage"},"thumbnailUrl":"https:\/\/ema-bia.com\/wp-content\/uploads\/2023\/04\/borsa-in-seta-e-pelle-con-manici-marrone-Silky-Sun-scaled.jpg","datePublished":"2023-04-21T08:35:32+00:00","dateModified":"2025-02-14T14:34:02+00:00","description":"Kaufen Sie online Seiden- und Lederhandtasche mit braunen Griffen - Silky Sun Einfarbig in unserem Shop und entdecken Sie Angebote f\u00fcr EMA-BIA Produkte aus reiner Seide und 100% Made in Italy!","breadcrumb":{"@id":"https:\/\/ema-bia.com\/de\/shop\/taschen\/handtaschen\/seiden-und-lederhandtasche-mit-braunen-griffen\/#breadcrumb"},"inLanguage":"de","potentialAction":[{"@type":"ReadAction","target":["https:\/\/ema-bia.com\/de\/shop\/taschen\/handtaschen\/seiden-und-lederhandtasche-mit-braunen-griffen\/"]}]},{"@type":"ImageObject","inLanguage":"de","@id":"https:\/\/ema-bia.com\/de\/shop\/taschen\/handtaschen\/seiden-und-lederhandtasche-mit-braunen-griffen\/#primaryimage","url":"https:\/\/ema-bia.com\/wp-content\/uploads\/2023\/04\/borsa-in-seta-e-pelle-con-manici-marrone-Silky-Sun-scaled.jpg","contentUrl":"https:\/\/ema-bia.com\/wp-content\/uploads\/2023\/04\/borsa-in-seta-e-pelle-con-manici-marrone-Silky-Sun-scaled.jpg","width":2560,"height":2560},{"@type":"BreadcrumbList","@id":"https:\/\/ema-bia.com\/de\/shop\/taschen\/handtaschen\/seiden-und-lederhandtasche-mit-braunen-griffen\/#breadcrumb","itemListElement":[{"@type":"ListItem","position":1,"name":"Home","item":"https:\/\/ema-bia.com\/de\/"},{"@type":"ListItem","position":2,"name":"Shop","item":"https:\/\/ema-bia.com\/de\/shop\/"},{"@type":"ListItem","position":3,"name":"Seiden- und Lederhandtasche mit braunen Griffen &#8211; Silky Sun Einfarbig"}]},{"@type":"WebSite","@id":"https:\/\/ema-bia.com\/de\/#website","url":"https:\/\/ema-bia.com\/de\/","name":"EMA-BIA","description":"Accessori e borse in seta di alta qualit\u00e0","publisher":{"@id":"https:\/\/ema-bia.com\/de\/#organization"},"alternateName":"Borse in seta Made in Italy","potentialAction":[{"@type":"SearchAction","target":{"@type":"EntryPoint","urlTemplate":"https:\/\/ema-bia.com\/de\/?s={search_term_string}"},"query-input":{"@type":"PropertyValueSpecification","valueRequired":true,"valueName":"search_term_string"}}],"inLanguage":"de"},{"@type":"Organization","@id":"https:\/\/ema-bia.com\/de\/#organization","name":"EMA-BIA","alternateName":"EMA-BIA borse e accessori","url":"https:\/\/ema-bia.com\/de\/","logo":{"@type":"ImageObject","inLanguage":"de","@id":"https:\/\/ema-bia.com\/de\/#\/schema\/logo\/image\/","url":"https:\/\/ema-bia.com\/wp-content\/uploads\/2024\/12\/Nero-Cerchio-con-Posate-Ristorante-Logo.png","contentUrl":"https:\/\/ema-bia.com\/wp-content\/uploads\/2024\/12\/Nero-Cerchio-con-Posate-Ristorante-Logo.png","width":1500,"height":1500,"caption":"EMA-BIA"},"image":{"@id":"https:\/\/ema-bia.com\/de\/#\/schema\/logo\/image\/"},"sameAs":["https:\/\/www.facebook.com\/silky.ema.bia\/","https:\/\/www.instagram.com\/ema.bia\/","https:\/\/www.linkedin.com\/company\/ema-bia\/","https:\/\/www.youtube.com\/@ema-bia3311\/featured","https:\/\/www.tiktok.com\/@ema.bia"],"hasMerchantReturnPolicy":{"@type":"MerchantReturnPolicy","merchantReturnLink":"https:\/\/ema-bia.com\/diritto-di-recesso\/"}}]},"product_price_amount":"550.00","product_price_currency":"EUR","og_availability":"instock","product_availability":"instock","product_retailer_item_id":"8056420316025","product_condition":"new"},"_links":{"self":[{"href":"https:\/\/ema-bia.com\/de\/wp-json\/wp\/v2\/product\/18783","targetHints":{"allow":["GET"]}}],"collection":[{"href":"https:\/\/ema-bia.com\/de\/wp-json\/wp\/v2\/product"}],"about":[{"href":"https:\/\/ema-bia.com\/de\/wp-json\/wp\/v2\/types\/product"}],"replies":[{"embeddable":true,"href":"https:\/\/ema-bia.com\/de\/wp-json\/wp\/v2\/comments?post=18783"}],"wp:featuredmedia":[{"embeddable":true,"href":"https:\/\/ema-bia.com\/de\/wp-json\/wp\/v2\/media\/3241"}],"wp:attachment":[{"href":"https:\/\/ema-bia.com\/de\/wp-json\/wp\/v2\/media?parent=18783"}],"wp:term":[{"taxonomy":"product_brand","embeddable":true,"href":"https:\/\/ema-bia.com\/de\/wp-json\/wp\/v2\/product_brand?post=18783"},{"taxonomy":"product_cat","embeddable":true,"href":"https:\/\/ema-bia.com\/de\/wp-json\/wp\/v2\/product_cat?post=18783"},{"taxonomy":"product_tag","embeddable":true,"href":"https:\/\/ema-bia.com\/de\/wp-json\/wp\/v2\/product_tag?post=18783"}],"curies":[{"name":"wp","href":"https:\/\/api.w.org\/{rel}","templated":true}]}}