{"id":18522,"date":"2023-04-21T10:36:14","date_gmt":"2023-04-21T08:36:14","guid":{"rendered":"https:\/\/ema-bia.com\/shop\/senza-categoria\/seidentuch-aus-reiner-blauer-seide-mit-blumenmuster-seidenstreifen\/"},"modified":"2025-02-07T11:11:34","modified_gmt":"2025-02-07T10:11:34","slug":"seidentuch-aus-reiner-blauer-seide-mit-floralem-muster","status":"publish","type":"product","link":"https:\/\/ema-bia.com\/de\/shop\/accessoires\/seidentuch-aus-reiner-blauer-seide-mit-floralem-muster\/","title":{"rendered":"Seidentuch aus reiner blauer Seide mit Blumenmuster &#8211; Silky Stripes"},"content":{"rendered":"<p>Schlauchschal <strong>aus reiner blauer Seide<\/strong>, Silky Stripe, mit floralem Muster.<\/p>\n<p>Rundschal aus bedruckter Seide mit Enden aus einfarbiger blauer Seide.<\/p>\n<p>Kleines bedrucktes Seidentuch, <strong>ideal zum Wickeln um den Hal<\/strong>s, als G\u00fcrtel f\u00fcr ein neues Outfit oder als Haaraccessoire.<br \/>\nLass dich von der Seide aus Como w\u00e4rmen, 100% reine Seide.<br \/>Unsere Produkte sind echte <strong>Unikate<\/strong>, die mit Leidenschaft und Handwerkskunst hergestellt werden. Jedes <strong>Einzelst\u00fcck<\/strong> ist Teil einer <strong>exklusiven Kollektion<\/strong>, das Ergebnis einer sorgf\u00e4ltigen Materialauswahl und eines Herstellungsprozesses, der die besonderen Eigenschaften jedes Elements hervorhebt. Unsere Kollektionen repr\u00e4sentieren die Exzellenz der Handwerkskunst und bieten St\u00fccke, die eine einzigartige Geschichte erz\u00e4hlen.<\/em><br \/>Unsere Produkte sind echte <strong>Unikate<\/strong>, die mit Leidenschaft und Handwerkskunst hergestellt werden. Jedes <strong>Einzelst\u00fcck<\/strong> ist Teil einer <strong>exklusiven Kollektion<\/strong>, das Ergebnis einer sorgf\u00e4ltigen Materialauswahl und eines Herstellungsprozesses, der die besonderen Eigenschaften jedes Elements hervorhebt. Unsere Kollektionen repr\u00e4sentieren die Exzellenz der Handwerkskunst und bieten St\u00fccke, die eine einzigartige Geschichte erz\u00e4hlen.<\/em><br \/><em>Unsere Produkte sind echte <strong>Unikate<\/strong>, die mit Leidenschaft und Handwerkskunst hergestellt werden. Jedes <strong>Einzelst\u00fcck<\/strong> ist Teil einer <strong>exklusiven Kollektion<\/strong>, das Ergebnis einer sorgf\u00e4ltigen Materialauswahl und eines Herstellungsprozesses, der die besonderen Eigenschaften jedes Elements hervorhebt. Unsere Kollektionen repr\u00e4sentieren die Exzellenz der Handwerkskunst und bieten St\u00fccke, die eine einzigartige Geschichte erz\u00e4hlen.<\/em><br \/>Exklusive Kollektion von Produkten, die f\u00fcr jeden Anlass geeignet sind.<br \/>\nUnsere Kollektionen werden mit Liebe zum Detail und Qualit\u00e4t zusammengestellt, um Ihnen immer das Beste zu bieten.<\/p>\n","protected":false},"excerpt":{"rendered":"<p>Schlauchschal aus reiner blauer Seide, Silky Stripe, mit floralem Muster. Rundschal aus bedruckter Seide mit Enden aus einfarbiger blauer Seide. Kleines bedrucktes Seidentuch, ideal zum Wickeln um den Hals, als G\u00fcrtel f\u00fcr ein neues Outfit oder als Haaraccessoire. Lass dich von der Seide aus Como w\u00e4rmen, 100% reine Seide.Unsere Produkte sind echte Unikate, die mit [&hellip;]<\/p>\n","protected":false},"featured_media":11596,"comment_status":"open","ping_status":"closed","template":"","meta":{"_joinchat":[]},"product_brand":[],"product_cat":[332,348],"product_tag":[],"class_list":{"0":"post-18522","1":"product","2":"type-product","3":"status-publish","4":"has-post-thumbnail","6":"product_cat-accessoires","7":"product_cat-kopftuch-silky-stripes","9":"first","10":"instock","11":"taxable","12":"shipping-taxable","13":"purchasable","14":"product-type-simple"},"yoast_head":"<!-- This site is optimized with the Yoast SEO Premium plugin v27.3 (Yoast SEO v27.3) - https:\/\/yoast.com\/product\/yoast-seo-premium-wordpress\/ -->\n<title>Seidentuch aus reiner blauer Seide mit Blumenmuster - Silky Stripes | Made in Italy | EMA-BIA<\/title>\n<meta name=\"description\" content=\"Kaufen Sie online das Seidentuch aus reiner blauer Seide mit Blumenmuster - Silky Stripes und entdecken Sie die Angebote f\u00fcr Ema Bia Produkte aus reiner Seide und zu 100% Made in Italy!\" \/>\n<meta name=\"robots\" content=\"index, follow, max-snippet:-1, max-image-preview:large, max-video-preview:-1\" \/>\n<link rel=\"canonical\" href=\"https:\/\/ema-bia.com\/de\/shop\/accessoires\/seidentuch-aus-reiner-blauer-seide-mit-floralem-muster\/\" \/>\n<meta property=\"og:locale\" content=\"de_DE\" \/>\n<meta property=\"og:type\" content=\"article\" \/>\n<meta property=\"og:title\" content=\"Seidentuch aus reiner blauer Seide mit Blumenmuster - Silky Stripes\" \/>\n<meta property=\"og:description\" content=\"Kaufen Sie online das Seidentuch aus reiner blauer Seide mit Blumenmuster - Silky Stripes und entdecken Sie die Angebote f\u00fcr Ema Bia Produkte aus reiner Seide und zu 100% Made in Italy!\" \/>\n<meta property=\"og:url\" content=\"https:\/\/ema-bia.com\/de\/shop\/accessoires\/seidentuch-aus-reiner-blauer-seide-mit-floralem-muster\/\" \/>\n<meta property=\"og:site_name\" content=\"EMA-BIA\" \/>\n<meta property=\"article:publisher\" content=\"https:\/\/www.facebook.com\/silky.ema.bia\/\" \/>\n<meta property=\"article:modified_time\" content=\"2025-02-07T10:11:34+00:00\" \/>\n<meta property=\"og:image\" content=\"https:\/\/ema-bia.com\/wp-content\/uploads\/2023\/04\/Foulard-in-pura-seta-blu-con-stampa-fiorata.jpg\" \/>\n\t<meta property=\"og:image:width\" content=\"1000\" \/>\n\t<meta property=\"og:image:height\" content=\"1000\" \/>\n\t<meta property=\"og:image:type\" content=\"image\/jpeg\" \/>\n<meta name=\"twitter:card\" content=\"summary_large_image\" \/>\n<meta name=\"twitter:label1\" content=\"Preis\" \/>\n\t<meta name=\"twitter:data1\" content=\"&euro;&nbsp;69.00\" \/>\n\t<meta name=\"twitter:label2\" content=\"Verf\u00fcgbarkeit\" \/>\n\t<meta name=\"twitter:data2\" content=\"Auf Lager\" \/>\n<script type=\"application\/ld+json\" class=\"yoast-schema-graph\">{\"@context\":\"https:\\\/\\\/schema.org\",\"@graph\":[{\"@type\":\"WebPage\",\"@id\":\"https:\\\/\\\/ema-bia.com\\\/de\\\/shop\\\/accessoires\\\/seidentuch-aus-reiner-blauer-seide-mit-floralem-muster\\\/\",\"url\":\"https:\\\/\\\/ema-bia.com\\\/de\\\/shop\\\/accessoires\\\/seidentuch-aus-reiner-blauer-seide-mit-floralem-muster\\\/\",\"name\":\"Seidentuch aus reiner blauer Seide mit Blumenmuster - Silky Stripes | Made in Italy | EMA-BIA\",\"isPartOf\":{\"@id\":\"https:\\\/\\\/ema-bia.com\\\/de\\\/#website\"},\"primaryImageOfPage\":{\"@id\":\"https:\\\/\\\/ema-bia.com\\\/de\\\/shop\\\/accessoires\\\/seidentuch-aus-reiner-blauer-seide-mit-floralem-muster\\\/#primaryimage\"},\"image\":{\"@id\":\"https:\\\/\\\/ema-bia.com\\\/de\\\/shop\\\/accessoires\\\/seidentuch-aus-reiner-blauer-seide-mit-floralem-muster\\\/#primaryimage\"},\"thumbnailUrl\":\"https:\\\/\\\/ema-bia.com\\\/wp-content\\\/uploads\\\/2023\\\/04\\\/Foulard-in-pura-seta-blu-con-stampa-fiorata.jpg\",\"datePublished\":\"2023-04-21T08:36:14+00:00\",\"dateModified\":\"2025-02-07T10:11:34+00:00\",\"description\":\"Kaufen Sie online das Seidentuch aus reiner blauer Seide mit Blumenmuster - Silky Stripes und entdecken Sie die Angebote f\u00fcr Ema Bia Produkte aus reiner Seide und zu 100% Made in Italy!\",\"breadcrumb\":{\"@id\":\"https:\\\/\\\/ema-bia.com\\\/de\\\/shop\\\/accessoires\\\/seidentuch-aus-reiner-blauer-seide-mit-floralem-muster\\\/#breadcrumb\"},\"inLanguage\":\"de\",\"potentialAction\":[{\"@type\":\"ReadAction\",\"target\":[\"https:\\\/\\\/ema-bia.com\\\/de\\\/shop\\\/accessoires\\\/seidentuch-aus-reiner-blauer-seide-mit-floralem-muster\\\/\"]}]},{\"@type\":\"ImageObject\",\"inLanguage\":\"de\",\"@id\":\"https:\\\/\\\/ema-bia.com\\\/de\\\/shop\\\/accessoires\\\/seidentuch-aus-reiner-blauer-seide-mit-floralem-muster\\\/#primaryimage\",\"url\":\"https:\\\/\\\/ema-bia.com\\\/wp-content\\\/uploads\\\/2023\\\/04\\\/Foulard-in-pura-seta-blu-con-stampa-fiorata.jpg\",\"contentUrl\":\"https:\\\/\\\/ema-bia.com\\\/wp-content\\\/uploads\\\/2023\\\/04\\\/Foulard-in-pura-seta-blu-con-stampa-fiorata.jpg\",\"width\":1000,\"height\":1000,\"caption\":\"Seidentuch in Blau mit goldenen Blumen\"},{\"@type\":\"BreadcrumbList\",\"@id\":\"https:\\\/\\\/ema-bia.com\\\/de\\\/shop\\\/accessoires\\\/seidentuch-aus-reiner-blauer-seide-mit-floralem-muster\\\/#breadcrumb\",\"itemListElement\":[{\"@type\":\"ListItem\",\"position\":1,\"name\":\"Home\",\"item\":\"https:\\\/\\\/ema-bia.com\\\/de\\\/\"},{\"@type\":\"ListItem\",\"position\":2,\"name\":\"Shop\",\"item\":\"https:\\\/\\\/ema-bia.com\\\/de\\\/shop\\\/\"},{\"@type\":\"ListItem\",\"position\":3,\"name\":\"Seidentuch aus reiner blauer Seide mit Blumenmuster &#8211; Silky Stripes\"}]},{\"@type\":\"WebSite\",\"@id\":\"https:\\\/\\\/ema-bia.com\\\/de\\\/#website\",\"url\":\"https:\\\/\\\/ema-bia.com\\\/de\\\/\",\"name\":\"EMA-BIA\",\"description\":\"Accessori e borse in seta di alta qualit\u00e0\",\"publisher\":{\"@id\":\"https:\\\/\\\/ema-bia.com\\\/de\\\/#organization\"},\"alternateName\":\"Borse in seta Made in Italy\",\"potentialAction\":[{\"@type\":\"SearchAction\",\"target\":{\"@type\":\"EntryPoint\",\"urlTemplate\":\"https:\\\/\\\/ema-bia.com\\\/de\\\/?s={search_term_string}\"},\"query-input\":{\"@type\":\"PropertyValueSpecification\",\"valueRequired\":true,\"valueName\":\"search_term_string\"}}],\"inLanguage\":\"de\"},{\"@type\":\"Organization\",\"@id\":\"https:\\\/\\\/ema-bia.com\\\/de\\\/#organization\",\"name\":\"EMA-BIA\",\"alternateName\":\"EMA-BIA borse e accessori\",\"url\":\"https:\\\/\\\/ema-bia.com\\\/de\\\/\",\"logo\":{\"@type\":\"ImageObject\",\"inLanguage\":\"de\",\"@id\":\"https:\\\/\\\/ema-bia.com\\\/de\\\/#\\\/schema\\\/logo\\\/image\\\/\",\"url\":\"https:\\\/\\\/ema-bia.com\\\/wp-content\\\/uploads\\\/2024\\\/12\\\/Nero-Cerchio-con-Posate-Ristorante-Logo.png\",\"contentUrl\":\"https:\\\/\\\/ema-bia.com\\\/wp-content\\\/uploads\\\/2024\\\/12\\\/Nero-Cerchio-con-Posate-Ristorante-Logo.png\",\"width\":1500,\"height\":1500,\"caption\":\"EMA-BIA\"},\"image\":{\"@id\":\"https:\\\/\\\/ema-bia.com\\\/de\\\/#\\\/schema\\\/logo\\\/image\\\/\"},\"sameAs\":[\"https:\\\/\\\/www.facebook.com\\\/silky.ema.bia\\\/\",\"https:\\\/\\\/www.instagram.com\\\/ema.bia\\\/\",\"https:\\\/\\\/www.linkedin.com\\\/company\\\/ema-bia\\\/\",\"https:\\\/\\\/www.youtube.com\\\/@ema-bia3311\\\/featured\",\"https:\\\/\\\/www.tiktok.com\\\/@ema.bia\"],\"hasMerchantReturnPolicy\":{\"@type\":\"MerchantReturnPolicy\",\"merchantReturnLink\":\"https:\\\/\\\/ema-bia.com\\\/diritto-di-recesso\\\/\"}}]}<\/script>\n<meta property=\"product:price:amount\" content=\"69.00\" \/>\n<meta property=\"product:price:currency\" content=\"EUR\" \/>\n<meta property=\"og:availability\" content=\"instock\" \/>\n<meta property=\"product:availability\" content=\"instock\" \/>\n<meta property=\"product:retailer_item_id\" content=\"8056420311716\" \/>\n<meta property=\"product:condition\" content=\"new\" \/>\n<!-- \/ Yoast SEO Premium plugin. -->","yoast_head_json":{"title":"Seidentuch aus reiner blauer Seide mit Blumenmuster - Silky Stripes | Made in Italy | EMA-BIA","description":"Kaufen Sie online das Seidentuch aus reiner blauer Seide mit Blumenmuster - Silky Stripes und entdecken Sie die Angebote f\u00fcr Ema Bia Produkte aus reiner Seide und zu 100% Made in Italy!","robots":{"index":"index","follow":"follow","max-snippet":"max-snippet:-1","max-image-preview":"max-image-preview:large","max-video-preview":"max-video-preview:-1"},"canonical":"https:\/\/ema-bia.com\/de\/shop\/accessoires\/seidentuch-aus-reiner-blauer-seide-mit-floralem-muster\/","og_locale":"de_DE","og_type":"article","og_title":"Seidentuch aus reiner blauer Seide mit Blumenmuster - Silky Stripes","og_description":"Kaufen Sie online das Seidentuch aus reiner blauer Seide mit Blumenmuster - Silky Stripes und entdecken Sie die Angebote f\u00fcr Ema Bia Produkte aus reiner Seide und zu 100% Made in Italy!","og_url":"https:\/\/ema-bia.com\/de\/shop\/accessoires\/seidentuch-aus-reiner-blauer-seide-mit-floralem-muster\/","og_site_name":"EMA-BIA","article_publisher":"https:\/\/www.facebook.com\/silky.ema.bia\/","article_modified_time":"2025-02-07T10:11:34+00:00","og_image":[{"width":1000,"height":1000,"url":"https:\/\/ema-bia.com\/wp-content\/uploads\/2023\/04\/Foulard-in-pura-seta-blu-con-stampa-fiorata.jpg","type":"image\/jpeg"}],"twitter_card":"summary_large_image","twitter_misc":{"Preis":"&euro;&nbsp;69.00","Verf\u00fcgbarkeit":"Auf Lager"},"schema":{"@context":"https:\/\/schema.org","@graph":[{"@type":"WebPage","@id":"https:\/\/ema-bia.com\/de\/shop\/accessoires\/seidentuch-aus-reiner-blauer-seide-mit-floralem-muster\/","url":"https:\/\/ema-bia.com\/de\/shop\/accessoires\/seidentuch-aus-reiner-blauer-seide-mit-floralem-muster\/","name":"Seidentuch aus reiner blauer Seide mit Blumenmuster - Silky Stripes | Made in Italy | EMA-BIA","isPartOf":{"@id":"https:\/\/ema-bia.com\/de\/#website"},"primaryImageOfPage":{"@id":"https:\/\/ema-bia.com\/de\/shop\/accessoires\/seidentuch-aus-reiner-blauer-seide-mit-floralem-muster\/#primaryimage"},"image":{"@id":"https:\/\/ema-bia.com\/de\/shop\/accessoires\/seidentuch-aus-reiner-blauer-seide-mit-floralem-muster\/#primaryimage"},"thumbnailUrl":"https:\/\/ema-bia.com\/wp-content\/uploads\/2023\/04\/Foulard-in-pura-seta-blu-con-stampa-fiorata.jpg","datePublished":"2023-04-21T08:36:14+00:00","dateModified":"2025-02-07T10:11:34+00:00","description":"Kaufen Sie online das Seidentuch aus reiner blauer Seide mit Blumenmuster - Silky Stripes und entdecken Sie die Angebote f\u00fcr Ema Bia Produkte aus reiner Seide und zu 100% Made in Italy!","breadcrumb":{"@id":"https:\/\/ema-bia.com\/de\/shop\/accessoires\/seidentuch-aus-reiner-blauer-seide-mit-floralem-muster\/#breadcrumb"},"inLanguage":"de","potentialAction":[{"@type":"ReadAction","target":["https:\/\/ema-bia.com\/de\/shop\/accessoires\/seidentuch-aus-reiner-blauer-seide-mit-floralem-muster\/"]}]},{"@type":"ImageObject","inLanguage":"de","@id":"https:\/\/ema-bia.com\/de\/shop\/accessoires\/seidentuch-aus-reiner-blauer-seide-mit-floralem-muster\/#primaryimage","url":"https:\/\/ema-bia.com\/wp-content\/uploads\/2023\/04\/Foulard-in-pura-seta-blu-con-stampa-fiorata.jpg","contentUrl":"https:\/\/ema-bia.com\/wp-content\/uploads\/2023\/04\/Foulard-in-pura-seta-blu-con-stampa-fiorata.jpg","width":1000,"height":1000,"caption":"Seidentuch in Blau mit goldenen Blumen"},{"@type":"BreadcrumbList","@id":"https:\/\/ema-bia.com\/de\/shop\/accessoires\/seidentuch-aus-reiner-blauer-seide-mit-floralem-muster\/#breadcrumb","itemListElement":[{"@type":"ListItem","position":1,"name":"Home","item":"https:\/\/ema-bia.com\/de\/"},{"@type":"ListItem","position":2,"name":"Shop","item":"https:\/\/ema-bia.com\/de\/shop\/"},{"@type":"ListItem","position":3,"name":"Seidentuch aus reiner blauer Seide mit Blumenmuster &#8211; Silky Stripes"}]},{"@type":"WebSite","@id":"https:\/\/ema-bia.com\/de\/#website","url":"https:\/\/ema-bia.com\/de\/","name":"EMA-BIA","description":"Accessori e borse in seta di alta qualit\u00e0","publisher":{"@id":"https:\/\/ema-bia.com\/de\/#organization"},"alternateName":"Borse in seta Made in Italy","potentialAction":[{"@type":"SearchAction","target":{"@type":"EntryPoint","urlTemplate":"https:\/\/ema-bia.com\/de\/?s={search_term_string}"},"query-input":{"@type":"PropertyValueSpecification","valueRequired":true,"valueName":"search_term_string"}}],"inLanguage":"de"},{"@type":"Organization","@id":"https:\/\/ema-bia.com\/de\/#organization","name":"EMA-BIA","alternateName":"EMA-BIA borse e accessori","url":"https:\/\/ema-bia.com\/de\/","logo":{"@type":"ImageObject","inLanguage":"de","@id":"https:\/\/ema-bia.com\/de\/#\/schema\/logo\/image\/","url":"https:\/\/ema-bia.com\/wp-content\/uploads\/2024\/12\/Nero-Cerchio-con-Posate-Ristorante-Logo.png","contentUrl":"https:\/\/ema-bia.com\/wp-content\/uploads\/2024\/12\/Nero-Cerchio-con-Posate-Ristorante-Logo.png","width":1500,"height":1500,"caption":"EMA-BIA"},"image":{"@id":"https:\/\/ema-bia.com\/de\/#\/schema\/logo\/image\/"},"sameAs":["https:\/\/www.facebook.com\/silky.ema.bia\/","https:\/\/www.instagram.com\/ema.bia\/","https:\/\/www.linkedin.com\/company\/ema-bia\/","https:\/\/www.youtube.com\/@ema-bia3311\/featured","https:\/\/www.tiktok.com\/@ema.bia"],"hasMerchantReturnPolicy":{"@type":"MerchantReturnPolicy","merchantReturnLink":"https:\/\/ema-bia.com\/diritto-di-recesso\/"}}]},"product_price_amount":"69.00","product_price_currency":"EUR","og_availability":"instock","product_availability":"instock","product_retailer_item_id":"8056420311716","product_condition":"new"},"_links":{"self":[{"href":"https:\/\/ema-bia.com\/de\/wp-json\/wp\/v2\/product\/18522","targetHints":{"allow":["GET"]}}],"collection":[{"href":"https:\/\/ema-bia.com\/de\/wp-json\/wp\/v2\/product"}],"about":[{"href":"https:\/\/ema-bia.com\/de\/wp-json\/wp\/v2\/types\/product"}],"replies":[{"embeddable":true,"href":"https:\/\/ema-bia.com\/de\/wp-json\/wp\/v2\/comments?post=18522"}],"wp:featuredmedia":[{"embeddable":true,"href":"https:\/\/ema-bia.com\/de\/wp-json\/wp\/v2\/media\/11596"}],"wp:attachment":[{"href":"https:\/\/ema-bia.com\/de\/wp-json\/wp\/v2\/media?parent=18522"}],"wp:term":[{"taxonomy":"product_brand","embeddable":true,"href":"https:\/\/ema-bia.com\/de\/wp-json\/wp\/v2\/product_brand?post=18522"},{"taxonomy":"product_cat","embeddable":true,"href":"https:\/\/ema-bia.com\/de\/wp-json\/wp\/v2\/product_cat?post=18522"},{"taxonomy":"product_tag","embeddable":true,"href":"https:\/\/ema-bia.com\/de\/wp-json\/wp\/v2\/product_tag?post=18522"}],"curies":[{"name":"wp","href":"https:\/\/api.w.org\/{rel}","templated":true}]}}