{"id":18515,"date":"2023-04-21T10:36:13","date_gmt":"2023-04-21T08:36:13","guid":{"rendered":"https:\/\/ema-bia.com\/shop\/senza-categoria\/schwarzes-seidentuch-aus-reiner-seide-mit-floralem-druck-silky-stripes\/"},"modified":"2025-02-07T11:11:34","modified_gmt":"2025-02-07T10:11:34","slug":"schal-schwarz-in-pure-seide-mit-blumendruck","status":"publish","type":"product","link":"https:\/\/ema-bia.com\/de\/shop\/accessoires\/schal-schwarz-in-pure-seide-mit-blumendruck\/","title":{"rendered":"Schwarzes Seidentuch aus reiner Seide mit floralem Druck &#8211; Silky Stripes"},"content":{"rendered":"<p>Schlauchschal aus reiner schwarzer Seide Silky Stripe, mit floralem Druck.<\/p>\n<p>Rundschal aus bedruckter Seide mit Enden aus einfarbiger schwarzer Seide.<\/p>\n<p>Kleines bedrucktes Seidentuch, ideal zum Wickeln um den Hals, als G\u00fcrtel f\u00fcr ein neues Outfit oder als Haaraccessoire.<br \/>\nLass dich von der Seide aus Como w\u00e4rmen, 100% reine Seide.<\/p>\n<p>&nbsp;<br \/>Unsere Produkte sind echte <strong>Unikate<\/strong>, die mit Leidenschaft und Handwerkskunst hergestellt werden. Jedes <strong>Einzelst\u00fcck<\/strong> ist Teil einer <strong>exklusiven Kollektion<\/strong>, das Ergebnis einer sorgf\u00e4ltigen Materialauswahl und eines Herstellungsprozesses, der die besonderen Eigenschaften jedes Elements hervorhebt. Unsere Kollektionen repr\u00e4sentieren die Exzellenz der Handwerkskunst und bieten St\u00fccke, die eine einzigartige Geschichte erz\u00e4hlen.<\/em><br \/>Unsere Produkte sind echte <strong>Unikate<\/strong>, die mit Leidenschaft und Handwerkskunst hergestellt werden. Jedes <strong>Einzelst\u00fcck<\/strong> ist Teil einer <strong>exklusiven Kollektion<\/strong>, das Ergebnis einer sorgf\u00e4ltigen Materialauswahl und eines Herstellungsprozesses, der die besonderen Eigenschaften jedes Elements hervorhebt. Unsere Kollektionen repr\u00e4sentieren die Exzellenz der Handwerkskunst und bieten St\u00fccke, die eine einzigartige Geschichte erz\u00e4hlen.<\/em><br \/><em>Unsere Produkte sind echte <strong>Unikate<\/strong>, die mit Leidenschaft und Handwerkskunst hergestellt werden. Jedes <strong>Einzelst\u00fcck<\/strong> ist Teil einer <strong>exklusiven Kollektion<\/strong>, das Ergebnis einer sorgf\u00e4ltigen Materialauswahl und eines Herstellungsprozesses, der die besonderen Eigenschaften jedes Elements hervorhebt. Unsere Kollektionen repr\u00e4sentieren die Exzellenz der Handwerkskunst und bieten St\u00fccke, die eine einzigartige Geschichte erz\u00e4hlen.<\/em><br \/>Exklusive Kollektion von Produkten, die f\u00fcr jeden Anlass geeignet sind.<br \/>\nUnsere Kollektionen werden mit Liebe zum Detail und Qualit\u00e4t zusammengestellt, um Ihnen immer das Beste zu bieten.<\/p>\n","protected":false},"excerpt":{"rendered":"<p>Schlauchschal aus reiner schwarzer Seide Silky Stripe, mit floralem Druck. Rundschal aus bedruckter Seide mit Enden aus einfarbiger schwarzer Seide. Kleines bedrucktes Seidentuch, ideal zum Wickeln um den Hals, als G\u00fcrtel f\u00fcr ein neues Outfit oder als Haaraccessoire. Lass dich von der Seide aus Como w\u00e4rmen, 100% reine Seide. &nbsp;Unsere Produkte sind echte Unikate, die [&hellip;]<\/p>\n","protected":false},"featured_media":11514,"comment_status":"open","ping_status":"closed","template":"","meta":{"_joinchat":[]},"product_brand":[],"product_cat":[332,348],"product_tag":[],"class_list":{"0":"post-18515","1":"product","2":"type-product","3":"status-publish","4":"has-post-thumbnail","6":"product_cat-accessoires","7":"product_cat-kopftuch-silky-stripes","9":"first","10":"instock","11":"taxable","12":"shipping-taxable","13":"purchasable","14":"product-type-simple"},"yoast_head":"<!-- This site is optimized with the Yoast SEO Premium plugin v27.3 (Yoast SEO v27.3) - https:\/\/yoast.com\/product\/yoast-seo-premium-wordpress\/ -->\n<title>Schwarzes Seidentuch aus reiner Seide mit floralem Druck - Silky Stripes | Made in Italy | EMA-BIA<\/title>\n<meta name=\"description\" content=\"Kaufen Sie online das Schwarzes Seidentuch aus reiner Seide mit floralem Druck - Silky Stripes und entdecken Sie die Angebote f\u00fcr Ema Bia Produkte aus reiner Seide und zu 100% Made in Italy!\" \/>\n<meta name=\"robots\" content=\"index, follow, max-snippet:-1, max-image-preview:large, max-video-preview:-1\" \/>\n<link rel=\"canonical\" href=\"https:\/\/ema-bia.com\/de\/shop\/accessoires\/schal-schwarz-in-pure-seide-mit-blumendruck\/\" \/>\n<meta property=\"og:locale\" content=\"de_DE\" \/>\n<meta property=\"og:type\" content=\"article\" \/>\n<meta property=\"og:title\" content=\"Schwarzes Seidentuch aus reiner Seide mit floralem Druck - Silky Stripes\" \/>\n<meta property=\"og:description\" content=\"Kaufen Sie online das Schwarzes Seidentuch aus reiner Seide mit floralem Druck - Silky Stripes und entdecken Sie die Angebote f\u00fcr Ema Bia Produkte aus reiner Seide und zu 100% Made in Italy!\" \/>\n<meta property=\"og:url\" content=\"https:\/\/ema-bia.com\/de\/shop\/accessoires\/schal-schwarz-in-pure-seide-mit-blumendruck\/\" \/>\n<meta property=\"og:site_name\" content=\"EMA-BIA\" \/>\n<meta property=\"article:publisher\" content=\"https:\/\/www.facebook.com\/silky.ema.bia\/\" \/>\n<meta property=\"article:modified_time\" content=\"2025-02-07T10:11:34+00:00\" \/>\n<meta property=\"og:image\" content=\"https:\/\/ema-bia.com\/wp-content\/uploads\/2023\/04\/Foulard-nero-in-pura-seta-con-stampa-floreale-foglie-marroni.jpg\" \/>\n\t<meta property=\"og:image:width\" content=\"1000\" \/>\n\t<meta property=\"og:image:height\" content=\"1000\" \/>\n\t<meta property=\"og:image:type\" content=\"image\/jpeg\" \/>\n<meta name=\"twitter:card\" content=\"summary_large_image\" \/>\n<meta name=\"twitter:label1\" content=\"Preis\" \/>\n\t<meta name=\"twitter:data1\" content=\"&euro;&nbsp;69.00\" \/>\n\t<meta name=\"twitter:label2\" content=\"Verf\u00fcgbarkeit\" \/>\n\t<meta name=\"twitter:data2\" content=\"Auf Lager\" \/>\n<script type=\"application\/ld+json\" class=\"yoast-schema-graph\">{\"@context\":\"https:\\\/\\\/schema.org\",\"@graph\":[{\"@type\":\"WebPage\",\"@id\":\"https:\\\/\\\/ema-bia.com\\\/de\\\/shop\\\/accessoires\\\/schal-schwarz-in-pure-seide-mit-blumendruck\\\/\",\"url\":\"https:\\\/\\\/ema-bia.com\\\/de\\\/shop\\\/accessoires\\\/schal-schwarz-in-pure-seide-mit-blumendruck\\\/\",\"name\":\"Schwarzes Seidentuch aus reiner Seide mit floralem Druck - Silky Stripes | Made in Italy | EMA-BIA\",\"isPartOf\":{\"@id\":\"https:\\\/\\\/ema-bia.com\\\/de\\\/#website\"},\"primaryImageOfPage\":{\"@id\":\"https:\\\/\\\/ema-bia.com\\\/de\\\/shop\\\/accessoires\\\/schal-schwarz-in-pure-seide-mit-blumendruck\\\/#primaryimage\"},\"image\":{\"@id\":\"https:\\\/\\\/ema-bia.com\\\/de\\\/shop\\\/accessoires\\\/schal-schwarz-in-pure-seide-mit-blumendruck\\\/#primaryimage\"},\"thumbnailUrl\":\"https:\\\/\\\/ema-bia.com\\\/wp-content\\\/uploads\\\/2023\\\/04\\\/Foulard-nero-in-pura-seta-con-stampa-floreale-foglie-marroni.jpg\",\"datePublished\":\"2023-04-21T08:36:13+00:00\",\"dateModified\":\"2025-02-07T10:11:34+00:00\",\"description\":\"Kaufen Sie online das Schwarzes Seidentuch aus reiner Seide mit floralem Druck - Silky Stripes und entdecken Sie die Angebote f\u00fcr Ema Bia Produkte aus reiner Seide und zu 100% Made in Italy!\",\"breadcrumb\":{\"@id\":\"https:\\\/\\\/ema-bia.com\\\/de\\\/shop\\\/accessoires\\\/schal-schwarz-in-pure-seide-mit-blumendruck\\\/#breadcrumb\"},\"inLanguage\":\"de\",\"potentialAction\":[{\"@type\":\"ReadAction\",\"target\":[\"https:\\\/\\\/ema-bia.com\\\/de\\\/shop\\\/accessoires\\\/schal-schwarz-in-pure-seide-mit-blumendruck\\\/\"]}]},{\"@type\":\"ImageObject\",\"inLanguage\":\"de\",\"@id\":\"https:\\\/\\\/ema-bia.com\\\/de\\\/shop\\\/accessoires\\\/schal-schwarz-in-pure-seide-mit-blumendruck\\\/#primaryimage\",\"url\":\"https:\\\/\\\/ema-bia.com\\\/wp-content\\\/uploads\\\/2023\\\/04\\\/Foulard-nero-in-pura-seta-con-stampa-floreale-foglie-marroni.jpg\",\"contentUrl\":\"https:\\\/\\\/ema-bia.com\\\/wp-content\\\/uploads\\\/2023\\\/04\\\/Foulard-nero-in-pura-seta-con-stampa-floreale-foglie-marroni.jpg\",\"width\":1000,\"height\":1000,\"caption\":\"Schwarzes Seidentuch aus reiner Seide mit floralem Druck\"},{\"@type\":\"BreadcrumbList\",\"@id\":\"https:\\\/\\\/ema-bia.com\\\/de\\\/shop\\\/accessoires\\\/schal-schwarz-in-pure-seide-mit-blumendruck\\\/#breadcrumb\",\"itemListElement\":[{\"@type\":\"ListItem\",\"position\":1,\"name\":\"Home\",\"item\":\"https:\\\/\\\/ema-bia.com\\\/de\\\/\"},{\"@type\":\"ListItem\",\"position\":2,\"name\":\"Shop\",\"item\":\"https:\\\/\\\/ema-bia.com\\\/de\\\/shop\\\/\"},{\"@type\":\"ListItem\",\"position\":3,\"name\":\"Schwarzes Seidentuch aus reiner Seide mit floralem Druck &#8211; Silky Stripes\"}]},{\"@type\":\"WebSite\",\"@id\":\"https:\\\/\\\/ema-bia.com\\\/de\\\/#website\",\"url\":\"https:\\\/\\\/ema-bia.com\\\/de\\\/\",\"name\":\"EMA-BIA\",\"description\":\"Accessori e borse in seta di alta qualit\u00e0\",\"publisher\":{\"@id\":\"https:\\\/\\\/ema-bia.com\\\/de\\\/#organization\"},\"alternateName\":\"Borse in seta Made in Italy\",\"potentialAction\":[{\"@type\":\"SearchAction\",\"target\":{\"@type\":\"EntryPoint\",\"urlTemplate\":\"https:\\\/\\\/ema-bia.com\\\/de\\\/?s={search_term_string}\"},\"query-input\":{\"@type\":\"PropertyValueSpecification\",\"valueRequired\":true,\"valueName\":\"search_term_string\"}}],\"inLanguage\":\"de\"},{\"@type\":\"Organization\",\"@id\":\"https:\\\/\\\/ema-bia.com\\\/de\\\/#organization\",\"name\":\"EMA-BIA\",\"alternateName\":\"EMA-BIA borse e accessori\",\"url\":\"https:\\\/\\\/ema-bia.com\\\/de\\\/\",\"logo\":{\"@type\":\"ImageObject\",\"inLanguage\":\"de\",\"@id\":\"https:\\\/\\\/ema-bia.com\\\/de\\\/#\\\/schema\\\/logo\\\/image\\\/\",\"url\":\"https:\\\/\\\/ema-bia.com\\\/wp-content\\\/uploads\\\/2024\\\/12\\\/Nero-Cerchio-con-Posate-Ristorante-Logo.png\",\"contentUrl\":\"https:\\\/\\\/ema-bia.com\\\/wp-content\\\/uploads\\\/2024\\\/12\\\/Nero-Cerchio-con-Posate-Ristorante-Logo.png\",\"width\":1500,\"height\":1500,\"caption\":\"EMA-BIA\"},\"image\":{\"@id\":\"https:\\\/\\\/ema-bia.com\\\/de\\\/#\\\/schema\\\/logo\\\/image\\\/\"},\"sameAs\":[\"https:\\\/\\\/www.facebook.com\\\/silky.ema.bia\\\/\",\"https:\\\/\\\/www.instagram.com\\\/ema.bia\\\/\",\"https:\\\/\\\/www.linkedin.com\\\/company\\\/ema-bia\\\/\",\"https:\\\/\\\/www.youtube.com\\\/@ema-bia3311\\\/featured\",\"https:\\\/\\\/www.tiktok.com\\\/@ema.bia\"],\"hasMerchantReturnPolicy\":{\"@type\":\"MerchantReturnPolicy\",\"merchantReturnLink\":\"https:\\\/\\\/ema-bia.com\\\/diritto-di-recesso\\\/\"}}]}<\/script>\n<meta property=\"product:price:amount\" content=\"69.00\" \/>\n<meta property=\"product:price:currency\" content=\"EUR\" \/>\n<meta property=\"og:availability\" content=\"instock\" \/>\n<meta property=\"product:availability\" content=\"instock\" \/>\n<meta property=\"product:retailer_item_id\" content=\"8056420311808\" \/>\n<meta property=\"product:condition\" content=\"new\" \/>\n<!-- \/ Yoast SEO Premium plugin. -->","yoast_head_json":{"title":"Schwarzes Seidentuch aus reiner Seide mit floralem Druck - Silky Stripes | Made in Italy | EMA-BIA","description":"Kaufen Sie online das Schwarzes Seidentuch aus reiner Seide mit floralem Druck - Silky Stripes und entdecken Sie die Angebote f\u00fcr Ema Bia Produkte aus reiner Seide und zu 100% Made in Italy!","robots":{"index":"index","follow":"follow","max-snippet":"max-snippet:-1","max-image-preview":"max-image-preview:large","max-video-preview":"max-video-preview:-1"},"canonical":"https:\/\/ema-bia.com\/de\/shop\/accessoires\/schal-schwarz-in-pure-seide-mit-blumendruck\/","og_locale":"de_DE","og_type":"article","og_title":"Schwarzes Seidentuch aus reiner Seide mit floralem Druck - Silky Stripes","og_description":"Kaufen Sie online das Schwarzes Seidentuch aus reiner Seide mit floralem Druck - Silky Stripes und entdecken Sie die Angebote f\u00fcr Ema Bia Produkte aus reiner Seide und zu 100% Made in Italy!","og_url":"https:\/\/ema-bia.com\/de\/shop\/accessoires\/schal-schwarz-in-pure-seide-mit-blumendruck\/","og_site_name":"EMA-BIA","article_publisher":"https:\/\/www.facebook.com\/silky.ema.bia\/","article_modified_time":"2025-02-07T10:11:34+00:00","og_image":[{"width":1000,"height":1000,"url":"https:\/\/ema-bia.com\/wp-content\/uploads\/2023\/04\/Foulard-nero-in-pura-seta-con-stampa-floreale-foglie-marroni.jpg","type":"image\/jpeg"}],"twitter_card":"summary_large_image","twitter_misc":{"Preis":"&euro;&nbsp;69.00","Verf\u00fcgbarkeit":"Auf Lager"},"schema":{"@context":"https:\/\/schema.org","@graph":[{"@type":"WebPage","@id":"https:\/\/ema-bia.com\/de\/shop\/accessoires\/schal-schwarz-in-pure-seide-mit-blumendruck\/","url":"https:\/\/ema-bia.com\/de\/shop\/accessoires\/schal-schwarz-in-pure-seide-mit-blumendruck\/","name":"Schwarzes Seidentuch aus reiner Seide mit floralem Druck - Silky Stripes | Made in Italy | EMA-BIA","isPartOf":{"@id":"https:\/\/ema-bia.com\/de\/#website"},"primaryImageOfPage":{"@id":"https:\/\/ema-bia.com\/de\/shop\/accessoires\/schal-schwarz-in-pure-seide-mit-blumendruck\/#primaryimage"},"image":{"@id":"https:\/\/ema-bia.com\/de\/shop\/accessoires\/schal-schwarz-in-pure-seide-mit-blumendruck\/#primaryimage"},"thumbnailUrl":"https:\/\/ema-bia.com\/wp-content\/uploads\/2023\/04\/Foulard-nero-in-pura-seta-con-stampa-floreale-foglie-marroni.jpg","datePublished":"2023-04-21T08:36:13+00:00","dateModified":"2025-02-07T10:11:34+00:00","description":"Kaufen Sie online das Schwarzes Seidentuch aus reiner Seide mit floralem Druck - Silky Stripes und entdecken Sie die Angebote f\u00fcr Ema Bia Produkte aus reiner Seide und zu 100% Made in Italy!","breadcrumb":{"@id":"https:\/\/ema-bia.com\/de\/shop\/accessoires\/schal-schwarz-in-pure-seide-mit-blumendruck\/#breadcrumb"},"inLanguage":"de","potentialAction":[{"@type":"ReadAction","target":["https:\/\/ema-bia.com\/de\/shop\/accessoires\/schal-schwarz-in-pure-seide-mit-blumendruck\/"]}]},{"@type":"ImageObject","inLanguage":"de","@id":"https:\/\/ema-bia.com\/de\/shop\/accessoires\/schal-schwarz-in-pure-seide-mit-blumendruck\/#primaryimage","url":"https:\/\/ema-bia.com\/wp-content\/uploads\/2023\/04\/Foulard-nero-in-pura-seta-con-stampa-floreale-foglie-marroni.jpg","contentUrl":"https:\/\/ema-bia.com\/wp-content\/uploads\/2023\/04\/Foulard-nero-in-pura-seta-con-stampa-floreale-foglie-marroni.jpg","width":1000,"height":1000,"caption":"Schwarzes Seidentuch aus reiner Seide mit floralem Druck"},{"@type":"BreadcrumbList","@id":"https:\/\/ema-bia.com\/de\/shop\/accessoires\/schal-schwarz-in-pure-seide-mit-blumendruck\/#breadcrumb","itemListElement":[{"@type":"ListItem","position":1,"name":"Home","item":"https:\/\/ema-bia.com\/de\/"},{"@type":"ListItem","position":2,"name":"Shop","item":"https:\/\/ema-bia.com\/de\/shop\/"},{"@type":"ListItem","position":3,"name":"Schwarzes Seidentuch aus reiner Seide mit floralem Druck &#8211; Silky Stripes"}]},{"@type":"WebSite","@id":"https:\/\/ema-bia.com\/de\/#website","url":"https:\/\/ema-bia.com\/de\/","name":"EMA-BIA","description":"Accessori e borse in seta di alta qualit\u00e0","publisher":{"@id":"https:\/\/ema-bia.com\/de\/#organization"},"alternateName":"Borse in seta Made in Italy","potentialAction":[{"@type":"SearchAction","target":{"@type":"EntryPoint","urlTemplate":"https:\/\/ema-bia.com\/de\/?s={search_term_string}"},"query-input":{"@type":"PropertyValueSpecification","valueRequired":true,"valueName":"search_term_string"}}],"inLanguage":"de"},{"@type":"Organization","@id":"https:\/\/ema-bia.com\/de\/#organization","name":"EMA-BIA","alternateName":"EMA-BIA borse e accessori","url":"https:\/\/ema-bia.com\/de\/","logo":{"@type":"ImageObject","inLanguage":"de","@id":"https:\/\/ema-bia.com\/de\/#\/schema\/logo\/image\/","url":"https:\/\/ema-bia.com\/wp-content\/uploads\/2024\/12\/Nero-Cerchio-con-Posate-Ristorante-Logo.png","contentUrl":"https:\/\/ema-bia.com\/wp-content\/uploads\/2024\/12\/Nero-Cerchio-con-Posate-Ristorante-Logo.png","width":1500,"height":1500,"caption":"EMA-BIA"},"image":{"@id":"https:\/\/ema-bia.com\/de\/#\/schema\/logo\/image\/"},"sameAs":["https:\/\/www.facebook.com\/silky.ema.bia\/","https:\/\/www.instagram.com\/ema.bia\/","https:\/\/www.linkedin.com\/company\/ema-bia\/","https:\/\/www.youtube.com\/@ema-bia3311\/featured","https:\/\/www.tiktok.com\/@ema.bia"],"hasMerchantReturnPolicy":{"@type":"MerchantReturnPolicy","merchantReturnLink":"https:\/\/ema-bia.com\/diritto-di-recesso\/"}}]},"product_price_amount":"69.00","product_price_currency":"EUR","og_availability":"instock","product_availability":"instock","product_retailer_item_id":"8056420311808","product_condition":"new"},"_links":{"self":[{"href":"https:\/\/ema-bia.com\/de\/wp-json\/wp\/v2\/product\/18515","targetHints":{"allow":["GET"]}}],"collection":[{"href":"https:\/\/ema-bia.com\/de\/wp-json\/wp\/v2\/product"}],"about":[{"href":"https:\/\/ema-bia.com\/de\/wp-json\/wp\/v2\/types\/product"}],"replies":[{"embeddable":true,"href":"https:\/\/ema-bia.com\/de\/wp-json\/wp\/v2\/comments?post=18515"}],"wp:featuredmedia":[{"embeddable":true,"href":"https:\/\/ema-bia.com\/de\/wp-json\/wp\/v2\/media\/11514"}],"wp:attachment":[{"href":"https:\/\/ema-bia.com\/de\/wp-json\/wp\/v2\/media?parent=18515"}],"wp:term":[{"taxonomy":"product_brand","embeddable":true,"href":"https:\/\/ema-bia.com\/de\/wp-json\/wp\/v2\/product_brand?post=18515"},{"taxonomy":"product_cat","embeddable":true,"href":"https:\/\/ema-bia.com\/de\/wp-json\/wp\/v2\/product_cat?post=18515"},{"taxonomy":"product_tag","embeddable":true,"href":"https:\/\/ema-bia.com\/de\/wp-json\/wp\/v2\/product_tag?post=18515"}],"curies":[{"name":"wp","href":"https:\/\/api.w.org\/{rel}","templated":true}]}}