{"id":18437,"date":"2023-04-21T10:36:11","date_gmt":"2023-04-21T08:36:11","guid":{"rendered":"https:\/\/www.ema-bia.com\/shop\/unkategorisiert\/cuscini-quadrati-arredo-con-stampa-verde\/"},"modified":"2025-02-05T11:09:05","modified_gmt":"2025-02-05T10:09:05","slug":"dekorative-quadratische-kissen-mit-gruenem-druck","status":"publish","type":"product","link":"https:\/\/www.ema-bia.com\/de\/shop\/haushalt\/dekorative-quadratische-kissen-mit-gruenem-druck\/","title":{"rendered":"Dekorative quadratische Kissen mit gr\u00fcnem Druck &#8211; Silky Pillows Square"},"content":{"rendered":"<p>Set aus 2 quadratischen Sofakissen aus bedruckter Seide, komplett mit F\u00fcllung.<\/p>\n<p><strong>Gr\u00fcne Kissen<\/strong> mit gedruckten Schildkr\u00f6ten.<\/p>\n<p>Quadratische Kissen, 30&#215;30 cm, mit einer Dicke von 20 cm.<\/p>\n<p>Como-Seidenkissen, geschaffen zur Dekoration von klassischen und modernen Sofas.<br \/>Unsere Produkte sind echte <strong>Unikate<\/strong>, die mit Leidenschaft und Handwerkskunst hergestellt werden. Jedes <strong>Einzelst\u00fcck<\/strong> ist Teil einer <strong>exklusiven Kollektion<\/strong>, das Ergebnis einer sorgf\u00e4ltigen Materialauswahl und eines Herstellungsprozesses, der die besonderen Eigenschaften jedes Elements hervorhebt. Unsere Kollektionen repr\u00e4sentieren die Exzellenz der Handwerkskunst und bieten St\u00fccke, die eine einzigartige Geschichte erz\u00e4hlen.<\/em><br \/>Unsere Produkte sind echte <strong>Unikate<\/strong>, die mit Leidenschaft und Handwerkskunst hergestellt werden. Jedes <strong>Einzelst\u00fcck<\/strong> ist Teil einer <strong>exklusiven Kollektion<\/strong>, das Ergebnis einer sorgf\u00e4ltigen Materialauswahl und eines Herstellungsprozesses, der die besonderen Eigenschaften jedes Elements hervorhebt. Unsere Kollektionen repr\u00e4sentieren die Exzellenz der Handwerkskunst und bieten St\u00fccke, die eine einzigartige Geschichte erz\u00e4hlen.<\/em><\/p>\n","protected":false},"excerpt":{"rendered":"<p>Set aus 2 quadratischen Sofakissen aus bedruckter Seide, komplett mit F\u00fcllung. Gr\u00fcne Kissen mit gedruckten Schildkr\u00f6ten. Quadratische Kissen, 30&#215;30 cm, mit einer Dicke von 20 cm. Como-Seidenkissen, geschaffen zur Dekoration von klassischen und modernen Sofas.Unsere Produkte sind echte Unikate, die mit Leidenschaft und Handwerkskunst hergestellt werden. Jedes Einzelst\u00fcck ist Teil einer exklusiven Kollektion, das Ergebnis [&hellip;]<\/p>\n","protected":false},"featured_media":7875,"comment_status":"open","ping_status":"closed","template":"","meta":{"_joinchat":[]},"product_brand":[],"product_cat":[333,350],"product_tag":[],"class_list":{"0":"post-18437","1":"product","2":"type-product","3":"status-publish","4":"has-post-thumbnail","6":"product_cat-haushalt","7":"product_cat-seidiges-quadratisches-kissen","9":"first","10":"instock","11":"taxable","12":"shipping-taxable","13":"purchasable","14":"product-type-simple"},"yoast_head":"<!-- This site is optimized with the Yoast SEO Premium plugin v27.4 (Yoast SEO v27.4) - https:\/\/yoast.com\/product\/yoast-seo-premium-wordpress\/ -->\n<title>Dekorative quadratische Kissen mit gr\u00fcnem Druck - Silky Pillows Square | Per divano | EMA-BIA<\/title>\n<meta name=\"description\" content=\"Kaufen Sie online Dekorative quadratische Kissen mit gr\u00fcnem Druck - Silky Pillows Square in unserem Shop und entdecken Sie Angebote f\u00fcr EMA-BIA Produkte aus reiner Seide und 100% Made in Italy!\" \/>\n<meta name=\"robots\" content=\"index, follow, max-snippet:-1, max-image-preview:large, max-video-preview:-1\" \/>\n<link rel=\"canonical\" href=\"https:\/\/www.ema-bia.com\/de\/shop\/haushalt\/dekorative-quadratische-kissen-mit-gruenem-druck\/\" \/>\n<meta property=\"og:locale\" content=\"de_DE\" \/>\n<meta property=\"og:type\" content=\"article\" \/>\n<meta property=\"og:title\" content=\"Dekorative quadratische Kissen mit gr\u00fcnem Druck - Silky Pillows Square\" \/>\n<meta property=\"og:description\" content=\"Kaufen Sie online Dekorative quadratische Kissen mit gr\u00fcnem Druck - Silky Pillows Square in unserem Shop und entdecken Sie Angebote f\u00fcr EMA-BIA Produkte aus reiner Seide und 100% Made in Italy!\" \/>\n<meta property=\"og:url\" content=\"https:\/\/www.ema-bia.com\/de\/shop\/haushalt\/dekorative-quadratische-kissen-mit-gruenem-druck\/\" \/>\n<meta property=\"og:site_name\" content=\"EMA-BIA\" \/>\n<meta property=\"article:publisher\" content=\"https:\/\/www.facebook.com\/silky.ema.bia\/\" \/>\n<meta property=\"article:modified_time\" content=\"2025-02-05T10:09:05+00:00\" \/>\n<meta property=\"og:image\" content=\"https:\/\/www.ema-bia.com\/wp-content\/uploads\/2023\/04\/cuscini-quadrati-arredo-con-stampa-verde.jpg\" \/>\n\t<meta property=\"og:image:width\" content=\"1300\" \/>\n\t<meta property=\"og:image:height\" content=\"866\" \/>\n\t<meta property=\"og:image:type\" content=\"image\/jpeg\" \/>\n<meta name=\"twitter:card\" content=\"summary_large_image\" \/>\n<meta name=\"twitter:label1\" content=\"Preis\" \/>\n\t<meta name=\"twitter:data1\" content=\"&euro;&nbsp;95.00\" \/>\n\t<meta name=\"twitter:label2\" content=\"Verf\u00fcgbarkeit\" \/>\n\t<meta name=\"twitter:data2\" content=\"Auf Lager\" \/>\n<script type=\"application\/ld+json\" class=\"yoast-schema-graph\">{\"@context\":\"https:\\\/\\\/schema.org\",\"@graph\":[{\"@type\":\"WebPage\",\"@id\":\"https:\\\/\\\/www.ema-bia.com\\\/de\\\/shop\\\/haushalt\\\/dekorative-quadratische-kissen-mit-gruenem-druck\\\/\",\"url\":\"https:\\\/\\\/www.ema-bia.com\\\/de\\\/shop\\\/haushalt\\\/dekorative-quadratische-kissen-mit-gruenem-druck\\\/\",\"name\":\"Dekorative quadratische Kissen mit gr\u00fcnem Druck - Silky Pillows Square | Per divano | EMA-BIA\",\"isPartOf\":{\"@id\":\"https:\\\/\\\/www.ema-bia.com\\\/de\\\/#website\"},\"primaryImageOfPage\":{\"@id\":\"https:\\\/\\\/www.ema-bia.com\\\/de\\\/shop\\\/haushalt\\\/dekorative-quadratische-kissen-mit-gruenem-druck\\\/#primaryimage\"},\"image\":{\"@id\":\"https:\\\/\\\/www.ema-bia.com\\\/de\\\/shop\\\/haushalt\\\/dekorative-quadratische-kissen-mit-gruenem-druck\\\/#primaryimage\"},\"thumbnailUrl\":\"https:\\\/\\\/www.ema-bia.com\\\/wp-content\\\/uploads\\\/2023\\\/04\\\/cuscini-quadrati-arredo-con-stampa-verde.jpg\",\"datePublished\":\"2023-04-21T08:36:11+00:00\",\"dateModified\":\"2025-02-05T10:09:05+00:00\",\"description\":\"Kaufen Sie online Dekorative quadratische Kissen mit gr\u00fcnem Druck - Silky Pillows Square in unserem Shop und entdecken Sie Angebote f\u00fcr EMA-BIA Produkte aus reiner Seide und 100% Made in Italy!\",\"breadcrumb\":{\"@id\":\"https:\\\/\\\/www.ema-bia.com\\\/de\\\/shop\\\/haushalt\\\/dekorative-quadratische-kissen-mit-gruenem-druck\\\/#breadcrumb\"},\"inLanguage\":\"de\",\"potentialAction\":[{\"@type\":\"ReadAction\",\"target\":[\"https:\\\/\\\/www.ema-bia.com\\\/de\\\/shop\\\/haushalt\\\/dekorative-quadratische-kissen-mit-gruenem-druck\\\/\"]}]},{\"@type\":\"ImageObject\",\"inLanguage\":\"de\",\"@id\":\"https:\\\/\\\/www.ema-bia.com\\\/de\\\/shop\\\/haushalt\\\/dekorative-quadratische-kissen-mit-gruenem-druck\\\/#primaryimage\",\"url\":\"https:\\\/\\\/www.ema-bia.com\\\/wp-content\\\/uploads\\\/2023\\\/04\\\/cuscini-quadrati-arredo-con-stampa-verde.jpg\",\"contentUrl\":\"https:\\\/\\\/www.ema-bia.com\\\/wp-content\\\/uploads\\\/2023\\\/04\\\/cuscini-quadrati-arredo-con-stampa-verde.jpg\",\"width\":1300,\"height\":866,\"caption\":\"Cuscini quadrati arredo con stampa verde\"},{\"@type\":\"BreadcrumbList\",\"@id\":\"https:\\\/\\\/www.ema-bia.com\\\/de\\\/shop\\\/haushalt\\\/dekorative-quadratische-kissen-mit-gruenem-druck\\\/#breadcrumb\",\"itemListElement\":[{\"@type\":\"ListItem\",\"position\":1,\"name\":\"Home\",\"item\":\"https:\\\/\\\/www.ema-bia.com\\\/de\\\/\"},{\"@type\":\"ListItem\",\"position\":2,\"name\":\"Shop\",\"item\":\"https:\\\/\\\/www.ema-bia.com\\\/de\\\/shop\\\/\"},{\"@type\":\"ListItem\",\"position\":3,\"name\":\"Dekorative quadratische Kissen mit gr\u00fcnem Druck &#8211; Silky Pillows Square\"}]},{\"@type\":\"WebSite\",\"@id\":\"https:\\\/\\\/www.ema-bia.com\\\/de\\\/#website\",\"url\":\"https:\\\/\\\/www.ema-bia.com\\\/de\\\/\",\"name\":\"EMA-BIA\",\"description\":\"Accessori e borse in seta di alta qualit\u00e0\",\"publisher\":{\"@id\":\"https:\\\/\\\/www.ema-bia.com\\\/de\\\/#organization\"},\"alternateName\":\"Borse in seta Made in Italy\",\"potentialAction\":[{\"@type\":\"SearchAction\",\"target\":{\"@type\":\"EntryPoint\",\"urlTemplate\":\"https:\\\/\\\/www.ema-bia.com\\\/de\\\/?s={search_term_string}\"},\"query-input\":{\"@type\":\"PropertyValueSpecification\",\"valueRequired\":true,\"valueName\":\"search_term_string\"}}],\"inLanguage\":\"de\"},{\"@type\":\"Organization\",\"@id\":\"https:\\\/\\\/www.ema-bia.com\\\/de\\\/#organization\",\"name\":\"EMA-BIA\",\"alternateName\":\"EMA-BIA borse e accessori\",\"url\":\"https:\\\/\\\/www.ema-bia.com\\\/de\\\/\",\"logo\":{\"@type\":\"ImageObject\",\"inLanguage\":\"de\",\"@id\":\"https:\\\/\\\/www.ema-bia.com\\\/de\\\/#\\\/schema\\\/logo\\\/image\\\/\",\"url\":\"https:\\\/\\\/www.ema-bia.com\\\/wp-content\\\/uploads\\\/2024\\\/12\\\/Nero-Cerchio-con-Posate-Ristorante-Logo.png\",\"contentUrl\":\"https:\\\/\\\/www.ema-bia.com\\\/wp-content\\\/uploads\\\/2024\\\/12\\\/Nero-Cerchio-con-Posate-Ristorante-Logo.png\",\"width\":1500,\"height\":1500,\"caption\":\"EMA-BIA\"},\"image\":{\"@id\":\"https:\\\/\\\/www.ema-bia.com\\\/de\\\/#\\\/schema\\\/logo\\\/image\\\/\"},\"sameAs\":[\"https:\\\/\\\/www.facebook.com\\\/silky.ema.bia\\\/\",\"https:\\\/\\\/www.instagram.com\\\/ema.bia\\\/\",\"https:\\\/\\\/www.linkedin.com\\\/company\\\/ema-bia\\\/\",\"https:\\\/\\\/www.youtube.com\\\/@ema-bia3311\\\/featured\",\"https:\\\/\\\/www.tiktok.com\\\/@ema.bia\"],\"hasMerchantReturnPolicy\":{\"@type\":\"MerchantReturnPolicy\",\"merchantReturnLink\":\"https:\\\/\\\/www.ema-bia.com\\\/diritto-di-recesso\\\/\"}}]}<\/script>\n<meta property=\"product:price:amount\" content=\"95.00\" \/>\n<meta property=\"product:price:currency\" content=\"EUR\" \/>\n<meta property=\"og:availability\" content=\"instock\" \/>\n<meta property=\"product:availability\" content=\"instock\" \/>\n<meta property=\"product:retailer_item_id\" content=\"8056420310658\" \/>\n<meta property=\"product:condition\" content=\"new\" \/>\n<!-- \/ Yoast SEO Premium plugin. -->","yoast_head_json":{"title":"Dekorative quadratische Kissen mit gr\u00fcnem Druck - Silky Pillows Square | Per divano | EMA-BIA","description":"Kaufen Sie online Dekorative quadratische Kissen mit gr\u00fcnem Druck - Silky Pillows Square in unserem Shop und entdecken Sie Angebote f\u00fcr EMA-BIA Produkte aus reiner Seide und 100% Made in Italy!","robots":{"index":"index","follow":"follow","max-snippet":"max-snippet:-1","max-image-preview":"max-image-preview:large","max-video-preview":"max-video-preview:-1"},"canonical":"https:\/\/www.ema-bia.com\/de\/shop\/haushalt\/dekorative-quadratische-kissen-mit-gruenem-druck\/","og_locale":"de_DE","og_type":"article","og_title":"Dekorative quadratische Kissen mit gr\u00fcnem Druck - Silky Pillows Square","og_description":"Kaufen Sie online Dekorative quadratische Kissen mit gr\u00fcnem Druck - Silky Pillows Square in unserem Shop und entdecken Sie Angebote f\u00fcr EMA-BIA Produkte aus reiner Seide und 100% Made in Italy!","og_url":"https:\/\/www.ema-bia.com\/de\/shop\/haushalt\/dekorative-quadratische-kissen-mit-gruenem-druck\/","og_site_name":"EMA-BIA","article_publisher":"https:\/\/www.facebook.com\/silky.ema.bia\/","article_modified_time":"2025-02-05T10:09:05+00:00","og_image":[{"width":1300,"height":866,"url":"https:\/\/www.ema-bia.com\/wp-content\/uploads\/2023\/04\/cuscini-quadrati-arredo-con-stampa-verde.jpg","type":"image\/jpeg"}],"twitter_card":"summary_large_image","twitter_misc":{"Preis":"&euro;&nbsp;95.00","Verf\u00fcgbarkeit":"Auf Lager"},"schema":{"@context":"https:\/\/schema.org","@graph":[{"@type":"WebPage","@id":"https:\/\/www.ema-bia.com\/de\/shop\/haushalt\/dekorative-quadratische-kissen-mit-gruenem-druck\/","url":"https:\/\/www.ema-bia.com\/de\/shop\/haushalt\/dekorative-quadratische-kissen-mit-gruenem-druck\/","name":"Dekorative quadratische Kissen mit gr\u00fcnem Druck - Silky Pillows Square | Per divano | EMA-BIA","isPartOf":{"@id":"https:\/\/www.ema-bia.com\/de\/#website"},"primaryImageOfPage":{"@id":"https:\/\/www.ema-bia.com\/de\/shop\/haushalt\/dekorative-quadratische-kissen-mit-gruenem-druck\/#primaryimage"},"image":{"@id":"https:\/\/www.ema-bia.com\/de\/shop\/haushalt\/dekorative-quadratische-kissen-mit-gruenem-druck\/#primaryimage"},"thumbnailUrl":"https:\/\/www.ema-bia.com\/wp-content\/uploads\/2023\/04\/cuscini-quadrati-arredo-con-stampa-verde.jpg","datePublished":"2023-04-21T08:36:11+00:00","dateModified":"2025-02-05T10:09:05+00:00","description":"Kaufen Sie online Dekorative quadratische Kissen mit gr\u00fcnem Druck - Silky Pillows Square in unserem Shop und entdecken Sie Angebote f\u00fcr EMA-BIA Produkte aus reiner Seide und 100% Made in Italy!","breadcrumb":{"@id":"https:\/\/www.ema-bia.com\/de\/shop\/haushalt\/dekorative-quadratische-kissen-mit-gruenem-druck\/#breadcrumb"},"inLanguage":"de","potentialAction":[{"@type":"ReadAction","target":["https:\/\/www.ema-bia.com\/de\/shop\/haushalt\/dekorative-quadratische-kissen-mit-gruenem-druck\/"]}]},{"@type":"ImageObject","inLanguage":"de","@id":"https:\/\/www.ema-bia.com\/de\/shop\/haushalt\/dekorative-quadratische-kissen-mit-gruenem-druck\/#primaryimage","url":"https:\/\/www.ema-bia.com\/wp-content\/uploads\/2023\/04\/cuscini-quadrati-arredo-con-stampa-verde.jpg","contentUrl":"https:\/\/www.ema-bia.com\/wp-content\/uploads\/2023\/04\/cuscini-quadrati-arredo-con-stampa-verde.jpg","width":1300,"height":866,"caption":"Cuscini quadrati arredo con stampa verde"},{"@type":"BreadcrumbList","@id":"https:\/\/www.ema-bia.com\/de\/shop\/haushalt\/dekorative-quadratische-kissen-mit-gruenem-druck\/#breadcrumb","itemListElement":[{"@type":"ListItem","position":1,"name":"Home","item":"https:\/\/www.ema-bia.com\/de\/"},{"@type":"ListItem","position":2,"name":"Shop","item":"https:\/\/www.ema-bia.com\/de\/shop\/"},{"@type":"ListItem","position":3,"name":"Dekorative quadratische Kissen mit gr\u00fcnem Druck &#8211; Silky Pillows Square"}]},{"@type":"WebSite","@id":"https:\/\/www.ema-bia.com\/de\/#website","url":"https:\/\/www.ema-bia.com\/de\/","name":"EMA-BIA","description":"Accessori e borse in seta di alta qualit\u00e0","publisher":{"@id":"https:\/\/www.ema-bia.com\/de\/#organization"},"alternateName":"Borse in seta Made in Italy","potentialAction":[{"@type":"SearchAction","target":{"@type":"EntryPoint","urlTemplate":"https:\/\/www.ema-bia.com\/de\/?s={search_term_string}"},"query-input":{"@type":"PropertyValueSpecification","valueRequired":true,"valueName":"search_term_string"}}],"inLanguage":"de"},{"@type":"Organization","@id":"https:\/\/www.ema-bia.com\/de\/#organization","name":"EMA-BIA","alternateName":"EMA-BIA borse e accessori","url":"https:\/\/www.ema-bia.com\/de\/","logo":{"@type":"ImageObject","inLanguage":"de","@id":"https:\/\/www.ema-bia.com\/de\/#\/schema\/logo\/image\/","url":"https:\/\/www.ema-bia.com\/wp-content\/uploads\/2024\/12\/Nero-Cerchio-con-Posate-Ristorante-Logo.png","contentUrl":"https:\/\/www.ema-bia.com\/wp-content\/uploads\/2024\/12\/Nero-Cerchio-con-Posate-Ristorante-Logo.png","width":1500,"height":1500,"caption":"EMA-BIA"},"image":{"@id":"https:\/\/www.ema-bia.com\/de\/#\/schema\/logo\/image\/"},"sameAs":["https:\/\/www.facebook.com\/silky.ema.bia\/","https:\/\/www.instagram.com\/ema.bia\/","https:\/\/www.linkedin.com\/company\/ema-bia\/","https:\/\/www.youtube.com\/@ema-bia3311\/featured","https:\/\/www.tiktok.com\/@ema.bia"],"hasMerchantReturnPolicy":{"@type":"MerchantReturnPolicy","merchantReturnLink":"https:\/\/www.ema-bia.com\/diritto-di-recesso\/"}}]},"product_price_amount":"95.00","product_price_currency":"EUR","og_availability":"instock","product_availability":"instock","product_retailer_item_id":"8056420310658","product_condition":"new"},"_links":{"self":[{"href":"https:\/\/www.ema-bia.com\/de\/wp-json\/wp\/v2\/product\/18437","targetHints":{"allow":["GET"]}}],"collection":[{"href":"https:\/\/www.ema-bia.com\/de\/wp-json\/wp\/v2\/product"}],"about":[{"href":"https:\/\/www.ema-bia.com\/de\/wp-json\/wp\/v2\/types\/product"}],"replies":[{"embeddable":true,"href":"https:\/\/www.ema-bia.com\/de\/wp-json\/wp\/v2\/comments?post=18437"}],"wp:featuredmedia":[{"embeddable":true,"href":"https:\/\/www.ema-bia.com\/de\/wp-json\/wp\/v2\/media\/7875"}],"wp:attachment":[{"href":"https:\/\/www.ema-bia.com\/de\/wp-json\/wp\/v2\/media?parent=18437"}],"wp:term":[{"taxonomy":"product_brand","embeddable":true,"href":"https:\/\/www.ema-bia.com\/de\/wp-json\/wp\/v2\/product_brand?post=18437"},{"taxonomy":"product_cat","embeddable":true,"href":"https:\/\/www.ema-bia.com\/de\/wp-json\/wp\/v2\/product_cat?post=18437"},{"taxonomy":"product_tag","embeddable":true,"href":"https:\/\/www.ema-bia.com\/de\/wp-json\/wp\/v2\/product_tag?post=18437"}],"curies":[{"name":"wp","href":"https:\/\/api.w.org\/{rel}","templated":true}]}}