{"id":18020,"date":"2023-04-21T10:35:30","date_gmt":"2023-04-21T08:35:30","guid":{"rendered":"https:\/\/ema-bia.com\/shop\/unkategorisiert\/camicia-in-seta-zebrata-nera-silky-shirt-orizzonti\/"},"modified":"2025-02-05T11:09:20","modified_gmt":"2025-02-05T10:09:20","slug":"schwarzes-seidenhemd-mit-zebramuster","status":"publish","type":"product","link":"https:\/\/ema-bia.com\/de\/shop\/bekleidung\/hemden-orizzonti\/schwarzes-seidenhemd-mit-zebramuster\/","title":{"rendered":"Schwarzes Seidenhemd mit Zebramuster &#8211; Silky Shirt Orizzonti"},"content":{"rendered":"<p><strong>100% Seidenhemd.<\/strong><\/p>\n<p><strong>Klassischer Schnitt; <\/strong>6 Kn\u00f6pfe, Kragen mit 1 Knopf, \u00c4rmel mit 1 Knopf.<\/p>\n<p>Vollst\u00e4ndig in Italien hergestellt, werden die Seidenstoffe in der renommierten Stadt Como gedruckt, mit Kollektionen, die von Experten der Branche entworfen wurden.<\/p>\n<p>Dieses Produkt wird in Italien verpackt, geschnitten und handgefertigt.<\/p>\n<p>Das Hemd f\u00fchlt sich sehr weich an und ist \u00e4u\u00dferst angenehm zu tragen. Es ist leicht und zart auf der Haut.<\/p>\n<p>Ein Hauch von Zartheit auf den K\u00f6rper.<\/p>\n<p>CHEMISCHE REINIGUNG<\/p>\n<p><strong>Hemd aus reiner italienischer Seide mit exklusivem Druck von Como Designer<\/strong><\/p>\n<p>Willkommen in der eleganten Welt der italienischen Mode, in der handwerkliche Tradition mit dem Talent der Designer aus Como verschmilzt, um <strong>ein reines Seidenhemd <\/strong>zu kreieren, das ein tragbares Kunstwerk ist. Unser reines Seidenhemd wird in Italien hergestellt und verarbeitet und spiegelt den Stolz und die Leidenschaft f\u00fcr Qualit\u00e4t wider, die die italienische Mode auszeichnet.<\/p>\n<p><strong>Wertvolle Materialien und handwerkliche Verarbeitung<\/strong><\/p>\n<p>Die Grundlage dieses Hemdes besteht aus hochwertiger reiner Seide, einer Faser, die f\u00fcr ihren nat\u00fcrlichen Glanz und das luxuri\u00f6se Gef\u00fchl beim Ber\u00fchren bewundert wird. Aber was dieses Hemd wirklich au\u00dfergew\u00f6hnlich macht, ist der Herstellungsprozess und die erfahrenen H\u00e4nde, die dahinter stehen.<\/p>\n<p>Die Designer aus Como, weltweit renommiert f\u00fcr ihre Meisterschaft im Seidendruck, haben ein exklusives Muster geschaffen, das dieses Hemd zu einem wahren Meisterwerk macht. Der Druck ist reich an Details und Nuancen, was ein einzigartiges und faszinierendes Aussehen schafft.<\/p>\n<p>Jedes Hemd ist ein Unikat, da <strong>das Design von Hand aufgetragen wird<\/strong>, was ihm eine pers\u00f6nliche Note verleiht, die in Massenproduktionen nicht zu finden ist.<\/p>\n<p><strong>Unvergleichliche Weichheit und Leichtigkeit<\/strong><\/p>\n<p>Das Gef\u00fchl auf der Haut dieses reinen Seidenhemds ist einfach unbeschreiblich. Seide ist bekannt f\u00fcr ihre Weichheit und Zartheit, aber wenn Sie dieses Hemd tragen, werden Sie sich fragen, wie Sie jemals ohne es leben konnten. Seide ist unglaublich leicht und umh\u00fcllt Sie mit ihrer sanften und einladenden Umarmung, sodass Sie sich mit Anmut und Eleganz bewegen k\u00f6nnen.<\/p>\n<p><strong>Ein Meisterwerk der handwerklichen Verarbeitung<\/strong><\/p>\n<p>Jedes Detail dieses Hemdes ist das Ergebnis von Handwerkskunst. Von den perfekten N\u00e4hten bis zu den handgen\u00e4hten Kn\u00f6pfen wurde jedes Element mit gr\u00f6\u00dfter Sorgfalt hergestellt. Italienische Handwerker stecken ihre Erfahrung und Leidenschaft in jedes St\u00fcck, um sicherzustellen, dass dieses Hemd Sie in den kommenden Jahren begleiten wird.<\/p>\n<p>Das Tragen dieses Hemdes ist eine au\u00dfergew\u00f6hnliche Erfahrung, eine Hommage an die italienische Kunst und Handwerkskunst. Es ist ein Kleidungsst\u00fcck, das von Klasse, Eleganz und zeitlosem Stil spricht. Es verk\u00f6rpert Luxus und Sch\u00f6nheit und wird Sie jedes Mal, wenn Sie es tragen, wirklich besonders f\u00fchlen lassen.<br \/>Unsere Produkte sind echte <strong>Unikate<\/strong>, die mit Leidenschaft und Handwerkskunst hergestellt werden. Jedes <strong>Einzelst\u00fcck<\/strong> ist Teil einer <strong>exklusiven Kollektion<\/strong>, das Ergebnis einer sorgf\u00e4ltigen Materialauswahl und eines Herstellungsprozesses, der die besonderen Eigenschaften jedes Elements hervorhebt. Unsere Kollektionen repr\u00e4sentieren die Exzellenz der Handwerkskunst und bieten St\u00fccke, die eine einzigartige Geschichte erz\u00e4hlen.<\/em><br \/>Unsere Produkte sind echte <strong>Unikate<\/strong>, die mit Leidenschaft und Handwerkskunst hergestellt werden. Jedes <strong>Einzelst\u00fcck<\/strong> ist Teil einer <strong>exklusiven Kollektion<\/strong>, das Ergebnis einer sorgf\u00e4ltigen Materialauswahl und eines Herstellungsprozesses, der die besonderen Eigenschaften jedes Elements hervorhebt. Unsere Kollektionen repr\u00e4sentieren die Exzellenz der Handwerkskunst und bieten St\u00fccke, die eine einzigartige Geschichte erz\u00e4hlen.<\/em><\/p>\n","protected":false},"excerpt":{"rendered":"<p>100% Seidenhemd. Klassischer Schnitt; 6 Kn\u00f6pfe, Kragen mit 1 Knopf, \u00c4rmel mit 1 Knopf. Vollst\u00e4ndig in Italien hergestellt, werden die Seidenstoffe in der renommierten Stadt Como gedruckt, mit Kollektionen, die von Experten der Branche entworfen wurden. Dieses Produkt wird in Italien verpackt, geschnitten und handgefertigt. Das Hemd f\u00fchlt sich sehr weich an und ist \u00e4u\u00dferst [&hellip;]<\/p>\n","protected":false},"featured_media":33720,"comment_status":"open","ping_status":"closed","template":"","meta":{"_joinchat":[]},"product_brand":[],"product_cat":[331,345],"product_tag":[],"class_list":{"0":"post-18020","1":"product","2":"type-product","3":"status-publish","4":"has-post-thumbnail","6":"product_cat-bekleidung","7":"product_cat-hemden-orizzonti","9":"first","10":"instock","11":"taxable","12":"shipping-taxable","13":"purchasable","14":"product-type-variable","15":"rtwpvg-product"},"yoast_head":"<!-- This site is optimized with the Yoast SEO Premium plugin v27.3 (Yoast SEO v27.3) - https:\/\/yoast.com\/product\/yoast-seo-premium-wordpress\/ -->\n<title>Schwarzes Seidenhemd mit Zebramuster - Silky Shirt Orizzonti | Made in Italy | EMA-BIA<\/title>\n<meta name=\"description\" content=\"Kaufen Sie online Schwarzes Seidenhemd mit Zebramuster - Silky Shirt Orizzonti in unserem Shop und entdecken Sie Angebote f\u00fcr EMA-BIA Produkte aus reiner Seide und 100% Made in Italy!\" \/>\n<meta name=\"robots\" content=\"index, follow, max-snippet:-1, max-image-preview:large, max-video-preview:-1\" \/>\n<link rel=\"canonical\" href=\"https:\/\/ema-bia.com\/de\/shop\/bekleidung\/hemden-orizzonti\/schwarzes-seidenhemd-mit-zebramuster\/\" \/>\n<meta property=\"og:locale\" content=\"de_DE\" \/>\n<meta property=\"og:type\" content=\"article\" \/>\n<meta property=\"og:title\" content=\"Schwarzes Seidenhemd mit Zebramuster - Silky Shirt Orizzonti\" \/>\n<meta property=\"og:description\" content=\"Kaufen Sie online Schwarzes Seidenhemd mit Zebramuster - Silky Shirt Orizzonti in unserem Shop und entdecken Sie Angebote f\u00fcr EMA-BIA Produkte aus reiner Seide und 100% Made in Italy!\" \/>\n<meta property=\"og:url\" content=\"https:\/\/ema-bia.com\/de\/shop\/bekleidung\/hemden-orizzonti\/schwarzes-seidenhemd-mit-zebramuster\/\" \/>\n<meta property=\"og:site_name\" content=\"EMA-BIA\" \/>\n<meta property=\"article:publisher\" content=\"https:\/\/www.facebook.com\/silky.ema.bia\/\" \/>\n<meta property=\"article:modified_time\" content=\"2025-02-05T10:09:20+00:00\" \/>\n<meta property=\"og:image\" content=\"https:\/\/ema-bia.com\/wp-content\/uploads\/2023\/04\/camicia-in-seta-maculata-nera-1-scaled.jpg\" \/>\n\t<meta property=\"og:image:width\" content=\"2560\" \/>\n\t<meta property=\"og:image:height\" content=\"2560\" \/>\n\t<meta property=\"og:image:type\" content=\"image\/jpeg\" \/>\n<meta name=\"twitter:card\" content=\"summary_large_image\" \/>\n<meta name=\"twitter:label1\" content=\"Verf\u00fcgbarkeit\" \/>\n\t<meta name=\"twitter:data1\" content=\"Auf Lager\" \/>\n<script type=\"application\/ld+json\" class=\"yoast-schema-graph\">{\"@context\":\"https:\\\/\\\/schema.org\",\"@graph\":[{\"@type\":\"WebPage\",\"@id\":\"https:\\\/\\\/ema-bia.com\\\/de\\\/shop\\\/bekleidung\\\/hemden-orizzonti\\\/schwarzes-seidenhemd-mit-zebramuster\\\/\",\"url\":\"https:\\\/\\\/ema-bia.com\\\/de\\\/shop\\\/bekleidung\\\/hemden-orizzonti\\\/schwarzes-seidenhemd-mit-zebramuster\\\/\",\"name\":\"Schwarzes Seidenhemd mit Zebramuster - Silky Shirt Orizzonti | Made in Italy | EMA-BIA\",\"isPartOf\":{\"@id\":\"https:\\\/\\\/ema-bia.com\\\/de\\\/#website\"},\"primaryImageOfPage\":{\"@id\":\"https:\\\/\\\/ema-bia.com\\\/de\\\/shop\\\/bekleidung\\\/hemden-orizzonti\\\/schwarzes-seidenhemd-mit-zebramuster\\\/#primaryimage\"},\"image\":{\"@id\":\"https:\\\/\\\/ema-bia.com\\\/de\\\/shop\\\/bekleidung\\\/hemden-orizzonti\\\/schwarzes-seidenhemd-mit-zebramuster\\\/#primaryimage\"},\"thumbnailUrl\":\"https:\\\/\\\/ema-bia.com\\\/wp-content\\\/uploads\\\/2023\\\/04\\\/Copia-di-vest-seta-fantasia-x-shop.png\",\"datePublished\":\"2023-04-21T08:35:30+00:00\",\"dateModified\":\"2025-02-05T10:09:20+00:00\",\"description\":\"Kaufen Sie online Schwarzes Seidenhemd mit Zebramuster - Silky Shirt Orizzonti in unserem Shop und entdecken Sie Angebote f\u00fcr EMA-BIA Produkte aus reiner Seide und 100% Made in Italy!\",\"breadcrumb\":{\"@id\":\"https:\\\/\\\/ema-bia.com\\\/de\\\/shop\\\/bekleidung\\\/hemden-orizzonti\\\/schwarzes-seidenhemd-mit-zebramuster\\\/#breadcrumb\"},\"inLanguage\":\"de\",\"potentialAction\":[{\"@type\":\"ReadAction\",\"target\":[\"https:\\\/\\\/ema-bia.com\\\/de\\\/shop\\\/bekleidung\\\/hemden-orizzonti\\\/schwarzes-seidenhemd-mit-zebramuster\\\/\"]}]},{\"@type\":\"ImageObject\",\"inLanguage\":\"de\",\"@id\":\"https:\\\/\\\/ema-bia.com\\\/de\\\/shop\\\/bekleidung\\\/hemden-orizzonti\\\/schwarzes-seidenhemd-mit-zebramuster\\\/#primaryimage\",\"url\":\"https:\\\/\\\/ema-bia.com\\\/wp-content\\\/uploads\\\/2023\\\/04\\\/Copia-di-vest-seta-fantasia-x-shop.png\",\"contentUrl\":\"https:\\\/\\\/ema-bia.com\\\/wp-content\\\/uploads\\\/2023\\\/04\\\/Copia-di-vest-seta-fantasia-x-shop.png\",\"width\":1080,\"height\":1080},{\"@type\":\"BreadcrumbList\",\"@id\":\"https:\\\/\\\/ema-bia.com\\\/de\\\/shop\\\/bekleidung\\\/hemden-orizzonti\\\/schwarzes-seidenhemd-mit-zebramuster\\\/#breadcrumb\",\"itemListElement\":[{\"@type\":\"ListItem\",\"position\":1,\"name\":\"Home\",\"item\":\"https:\\\/\\\/ema-bia.com\\\/de\\\/\"},{\"@type\":\"ListItem\",\"position\":2,\"name\":\"Shop\",\"item\":\"https:\\\/\\\/ema-bia.com\\\/de\\\/shop\\\/\"},{\"@type\":\"ListItem\",\"position\":3,\"name\":\"Schwarzes Seidenhemd mit Zebramuster &#8211; Silky Shirt Orizzonti\"}]},{\"@type\":\"WebSite\",\"@id\":\"https:\\\/\\\/ema-bia.com\\\/de\\\/#website\",\"url\":\"https:\\\/\\\/ema-bia.com\\\/de\\\/\",\"name\":\"EMA-BIA\",\"description\":\"Accessori e borse in seta di alta qualit\u00e0\",\"publisher\":{\"@id\":\"https:\\\/\\\/ema-bia.com\\\/de\\\/#organization\"},\"alternateName\":\"Borse in seta Made in Italy\",\"potentialAction\":[{\"@type\":\"SearchAction\",\"target\":{\"@type\":\"EntryPoint\",\"urlTemplate\":\"https:\\\/\\\/ema-bia.com\\\/de\\\/?s={search_term_string}\"},\"query-input\":{\"@type\":\"PropertyValueSpecification\",\"valueRequired\":true,\"valueName\":\"search_term_string\"}}],\"inLanguage\":\"de\"},{\"@type\":\"Organization\",\"@id\":\"https:\\\/\\\/ema-bia.com\\\/de\\\/#organization\",\"name\":\"EMA-BIA\",\"alternateName\":\"EMA-BIA borse e accessori\",\"url\":\"https:\\\/\\\/ema-bia.com\\\/de\\\/\",\"logo\":{\"@type\":\"ImageObject\",\"inLanguage\":\"de\",\"@id\":\"https:\\\/\\\/ema-bia.com\\\/de\\\/#\\\/schema\\\/logo\\\/image\\\/\",\"url\":\"https:\\\/\\\/ema-bia.com\\\/wp-content\\\/uploads\\\/2024\\\/12\\\/Nero-Cerchio-con-Posate-Ristorante-Logo.png\",\"contentUrl\":\"https:\\\/\\\/ema-bia.com\\\/wp-content\\\/uploads\\\/2024\\\/12\\\/Nero-Cerchio-con-Posate-Ristorante-Logo.png\",\"width\":1500,\"height\":1500,\"caption\":\"EMA-BIA\"},\"image\":{\"@id\":\"https:\\\/\\\/ema-bia.com\\\/de\\\/#\\\/schema\\\/logo\\\/image\\\/\"},\"sameAs\":[\"https:\\\/\\\/www.facebook.com\\\/silky.ema.bia\\\/\",\"https:\\\/\\\/www.instagram.com\\\/ema.bia\\\/\",\"https:\\\/\\\/www.linkedin.com\\\/company\\\/ema-bia\\\/\",\"https:\\\/\\\/www.youtube.com\\\/@ema-bia3311\\\/featured\",\"https:\\\/\\\/www.tiktok.com\\\/@ema.bia\"],\"hasMerchantReturnPolicy\":{\"@type\":\"MerchantReturnPolicy\",\"merchantReturnLink\":\"https:\\\/\\\/ema-bia.com\\\/diritto-di-recesso\\\/\"}}]}<\/script>\n<meta property=\"og:availability\" content=\"instock\" \/>\n<meta property=\"product:availability\" content=\"instock\" \/>\n<meta property=\"product:condition\" content=\"new\" \/>\n<!-- \/ Yoast SEO Premium plugin. -->","yoast_head_json":{"title":"Schwarzes Seidenhemd mit Zebramuster - Silky Shirt Orizzonti | Made in Italy | EMA-BIA","description":"Kaufen Sie online Schwarzes Seidenhemd mit Zebramuster - Silky Shirt Orizzonti in unserem Shop und entdecken Sie Angebote f\u00fcr EMA-BIA Produkte aus reiner Seide und 100% Made in Italy!","robots":{"index":"index","follow":"follow","max-snippet":"max-snippet:-1","max-image-preview":"max-image-preview:large","max-video-preview":"max-video-preview:-1"},"canonical":"https:\/\/ema-bia.com\/de\/shop\/bekleidung\/hemden-orizzonti\/schwarzes-seidenhemd-mit-zebramuster\/","og_locale":"de_DE","og_type":"article","og_title":"Schwarzes Seidenhemd mit Zebramuster - Silky Shirt Orizzonti","og_description":"Kaufen Sie online Schwarzes Seidenhemd mit Zebramuster - Silky Shirt Orizzonti in unserem Shop und entdecken Sie Angebote f\u00fcr EMA-BIA Produkte aus reiner Seide und 100% Made in Italy!","og_url":"https:\/\/ema-bia.com\/de\/shop\/bekleidung\/hemden-orizzonti\/schwarzes-seidenhemd-mit-zebramuster\/","og_site_name":"EMA-BIA","article_publisher":"https:\/\/www.facebook.com\/silky.ema.bia\/","article_modified_time":"2025-02-05T10:09:20+00:00","og_image":[{"width":2560,"height":2560,"url":"https:\/\/ema-bia.com\/wp-content\/uploads\/2023\/04\/camicia-in-seta-maculata-nera-1-scaled.jpg","type":"image\/jpeg"}],"twitter_card":"summary_large_image","twitter_misc":{"Verf\u00fcgbarkeit":"Auf Lager"},"schema":{"@context":"https:\/\/schema.org","@graph":[{"@type":"WebPage","@id":"https:\/\/ema-bia.com\/de\/shop\/bekleidung\/hemden-orizzonti\/schwarzes-seidenhemd-mit-zebramuster\/","url":"https:\/\/ema-bia.com\/de\/shop\/bekleidung\/hemden-orizzonti\/schwarzes-seidenhemd-mit-zebramuster\/","name":"Schwarzes Seidenhemd mit Zebramuster - Silky Shirt Orizzonti | Made in Italy | EMA-BIA","isPartOf":{"@id":"https:\/\/ema-bia.com\/de\/#website"},"primaryImageOfPage":{"@id":"https:\/\/ema-bia.com\/de\/shop\/bekleidung\/hemden-orizzonti\/schwarzes-seidenhemd-mit-zebramuster\/#primaryimage"},"image":{"@id":"https:\/\/ema-bia.com\/de\/shop\/bekleidung\/hemden-orizzonti\/schwarzes-seidenhemd-mit-zebramuster\/#primaryimage"},"thumbnailUrl":"https:\/\/ema-bia.com\/wp-content\/uploads\/2023\/04\/Copia-di-vest-seta-fantasia-x-shop.png","datePublished":"2023-04-21T08:35:30+00:00","dateModified":"2025-02-05T10:09:20+00:00","description":"Kaufen Sie online Schwarzes Seidenhemd mit Zebramuster - Silky Shirt Orizzonti in unserem Shop und entdecken Sie Angebote f\u00fcr EMA-BIA Produkte aus reiner Seide und 100% Made in Italy!","breadcrumb":{"@id":"https:\/\/ema-bia.com\/de\/shop\/bekleidung\/hemden-orizzonti\/schwarzes-seidenhemd-mit-zebramuster\/#breadcrumb"},"inLanguage":"de","potentialAction":[{"@type":"ReadAction","target":["https:\/\/ema-bia.com\/de\/shop\/bekleidung\/hemden-orizzonti\/schwarzes-seidenhemd-mit-zebramuster\/"]}]},{"@type":"ImageObject","inLanguage":"de","@id":"https:\/\/ema-bia.com\/de\/shop\/bekleidung\/hemden-orizzonti\/schwarzes-seidenhemd-mit-zebramuster\/#primaryimage","url":"https:\/\/ema-bia.com\/wp-content\/uploads\/2023\/04\/Copia-di-vest-seta-fantasia-x-shop.png","contentUrl":"https:\/\/ema-bia.com\/wp-content\/uploads\/2023\/04\/Copia-di-vest-seta-fantasia-x-shop.png","width":1080,"height":1080},{"@type":"BreadcrumbList","@id":"https:\/\/ema-bia.com\/de\/shop\/bekleidung\/hemden-orizzonti\/schwarzes-seidenhemd-mit-zebramuster\/#breadcrumb","itemListElement":[{"@type":"ListItem","position":1,"name":"Home","item":"https:\/\/ema-bia.com\/de\/"},{"@type":"ListItem","position":2,"name":"Shop","item":"https:\/\/ema-bia.com\/de\/shop\/"},{"@type":"ListItem","position":3,"name":"Schwarzes Seidenhemd mit Zebramuster &#8211; Silky Shirt Orizzonti"}]},{"@type":"WebSite","@id":"https:\/\/ema-bia.com\/de\/#website","url":"https:\/\/ema-bia.com\/de\/","name":"EMA-BIA","description":"Accessori e borse in seta di alta qualit\u00e0","publisher":{"@id":"https:\/\/ema-bia.com\/de\/#organization"},"alternateName":"Borse in seta Made in Italy","potentialAction":[{"@type":"SearchAction","target":{"@type":"EntryPoint","urlTemplate":"https:\/\/ema-bia.com\/de\/?s={search_term_string}"},"query-input":{"@type":"PropertyValueSpecification","valueRequired":true,"valueName":"search_term_string"}}],"inLanguage":"de"},{"@type":"Organization","@id":"https:\/\/ema-bia.com\/de\/#organization","name":"EMA-BIA","alternateName":"EMA-BIA borse e accessori","url":"https:\/\/ema-bia.com\/de\/","logo":{"@type":"ImageObject","inLanguage":"de","@id":"https:\/\/ema-bia.com\/de\/#\/schema\/logo\/image\/","url":"https:\/\/ema-bia.com\/wp-content\/uploads\/2024\/12\/Nero-Cerchio-con-Posate-Ristorante-Logo.png","contentUrl":"https:\/\/ema-bia.com\/wp-content\/uploads\/2024\/12\/Nero-Cerchio-con-Posate-Ristorante-Logo.png","width":1500,"height":1500,"caption":"EMA-BIA"},"image":{"@id":"https:\/\/ema-bia.com\/de\/#\/schema\/logo\/image\/"},"sameAs":["https:\/\/www.facebook.com\/silky.ema.bia\/","https:\/\/www.instagram.com\/ema.bia\/","https:\/\/www.linkedin.com\/company\/ema-bia\/","https:\/\/www.youtube.com\/@ema-bia3311\/featured","https:\/\/www.tiktok.com\/@ema.bia"],"hasMerchantReturnPolicy":{"@type":"MerchantReturnPolicy","merchantReturnLink":"https:\/\/ema-bia.com\/diritto-di-recesso\/"}}]},"og_availability":"instock","product_availability":"instock","product_condition":"new"},"_links":{"self":[{"href":"https:\/\/ema-bia.com\/de\/wp-json\/wp\/v2\/product\/18020","targetHints":{"allow":["GET"]}}],"collection":[{"href":"https:\/\/ema-bia.com\/de\/wp-json\/wp\/v2\/product"}],"about":[{"href":"https:\/\/ema-bia.com\/de\/wp-json\/wp\/v2\/types\/product"}],"replies":[{"embeddable":true,"href":"https:\/\/ema-bia.com\/de\/wp-json\/wp\/v2\/comments?post=18020"}],"wp:featuredmedia":[{"embeddable":true,"href":"https:\/\/ema-bia.com\/de\/wp-json\/wp\/v2\/media\/33720"}],"wp:attachment":[{"href":"https:\/\/ema-bia.com\/de\/wp-json\/wp\/v2\/media?parent=18020"}],"wp:term":[{"taxonomy":"product_brand","embeddable":true,"href":"https:\/\/ema-bia.com\/de\/wp-json\/wp\/v2\/product_brand?post=18020"},{"taxonomy":"product_cat","embeddable":true,"href":"https:\/\/ema-bia.com\/de\/wp-json\/wp\/v2\/product_cat?post=18020"},{"taxonomy":"product_tag","embeddable":true,"href":"https:\/\/ema-bia.com\/de\/wp-json\/wp\/v2\/product_tag?post=18020"}],"curies":[{"name":"wp","href":"https:\/\/api.w.org\/{rel}","templated":true}]}}