{"id":17826,"date":"2023-06-14T10:04:26","date_gmt":"2023-06-14T08:04:26","guid":{"rendered":"https:\/\/ema-bia.com\/shop\/unkategorisiert\/camicia-in-seta-jasmine-con-maniche-ampie-blu\/"},"modified":"2025-02-07T11:12:16","modified_gmt":"2025-02-07T10:12:16","slug":"seidenhemd-mit-weiten-blauen-aermeln","status":"publish","type":"product","link":"https:\/\/ema-bia.com\/de\/shop\/bekleidung\/hemden-natura\/seidenhemd-mit-weiten-blauen-aermeln\/","title":{"rendered":"Seidenhemd mit weiten blauen \u00c4rmeln. &#8211; Silky Shirt Natura Jasmine"},"content":{"rendered":"<p><strong>Seidenhemd 100%.<\/strong><\/p>\n<p>V-Ausschnitt Hemd mit weiten \u00c4rmeln. Die B\u00e4nder am Hals und an den Manschetten vervollst\u00e4ndigen den Bon Ton und romantischen Stil des Jasmine-Modells.<\/p>\n<p><strong>Englische Verarbeitung<\/strong>, vollst\u00e4ndig in Italien hergestellt, Seidendruck mit Kollektionen, die von Branchenexperten in der renommierten Stadt Como entworfen wurden.<\/p>\n<p>Dieses verpackte Produkt wurde in Italien handgefertigt und mit hochwertigen Verarbeitungen geschnitten und bearbeitet.<\/p>\n<p>Das Hemd ist sehr weich im Griff und sehr bequem zu tragen, es ist leicht und zart auf der Haut. Eine wahre Ber\u00fchrung von Feinheit am K\u00f6rper.<\/p>\n<p>TROCKENREINIGUNG<\/p>\n<p>Auf der Suche nach dem ultimativen Luxus und zeitloser Eleganz? Unser in Italien hergestelltes und verarbeitetes reines Seidenhemd ist ein wahrer Ausdruck italienischer Kunst und Handwerkskunst.<\/p>\n<p><strong>Materialien von h\u00f6chster Qualit\u00e4t<\/strong>: Das Hemd wird aus reiner Seide von h\u00f6chster Qualit\u00e4t hergestellt, einer Faser, die f\u00fcr ihren nat\u00fcrlichen Glanz, Weichheit und au\u00dfergew\u00f6hnliche Leichtigkeit bekannt ist. Das Gef\u00fchl auf der Haut ist umh\u00fcllend und luxuri\u00f6s und gew\u00e4hrleistet unvergleichlichen Komfort.<\/p>\n<p><strong>Exklusiver Druck<\/strong>: Das einzigartige Muster ist das Ergebnis der Kreativit\u00e4t der Designer aus Como, die weltweit f\u00fcr ihr K\u00f6nnen im Seidendruck bekannt sind. Dieser Druck bietet eine F\u00fclle von Details und Nuancen, die jedes Hemd zu einem individuellen Meisterwerk machen.<\/p>\n<p><strong>Handwerkliche Verarbeitung<\/strong>: Jedes Hemd ist das Ergebnis italienischer Handwerkskunst, von perfekten N\u00e4hten bis zu handgen\u00e4hten Kn\u00f6pfen und \u00d6sen. Diese Liebe zum Detail garantiert ein Kleidungsst\u00fcck von au\u00dfergew\u00f6hnlicher Qualit\u00e4t und Langlebigkeit.<\/p>\n<p>Wenn Sie dieses Hemd tragen, umarmen Sie die italienische Tradition von Klasse und Eleganz und sp\u00fcren auf Ihrer Haut die Feinheit und Leichtigkeit reiner Seide. Es ist ein tragbares Kunstwerk, das von zeitlosem Stil spricht und Ihnen ein luxuri\u00f6ses Erlebnis bietet, das Sie sich wirklich besonders f\u00fchlen l\u00e4sst.<br \/>Exklusive Kollektion von Produkten, die f\u00fcr jeden Anlass geeignet sind.<br \/>\nUnsere Kollektionen werden mit Liebe zum Detail und Qualit\u00e4t zusammengestellt, um Ihnen immer das Beste zu bieten.<\/p>\n","protected":false},"excerpt":{"rendered":"<p>Seidenhemd 100%. V-Ausschnitt Hemd mit weiten \u00c4rmeln. Die B\u00e4nder am Hals und an den Manschetten vervollst\u00e4ndigen den Bon Ton und romantischen Stil des Jasmine-Modells. Englische Verarbeitung, vollst\u00e4ndig in Italien hergestellt, Seidendruck mit Kollektionen, die von Branchenexperten in der renommierten Stadt Como entworfen wurden. Dieses verpackte Produkt wurde in Italien handgefertigt und mit hochwertigen Verarbeitungen geschnitten [&hellip;]<\/p>\n","protected":false},"featured_media":33633,"comment_status":"open","ping_status":"closed","template":"","meta":{"_joinchat":[]},"product_brand":[],"product_cat":[331,344],"product_tag":[],"class_list":{"0":"post-17826","1":"product","2":"type-product","3":"status-publish","4":"has-post-thumbnail","6":"product_cat-bekleidung","7":"product_cat-hemden-natura","9":"first","10":"instock","11":"taxable","12":"shipping-taxable","13":"purchasable","14":"product-type-variable","15":"rtwpvg-product"},"yoast_head":"<!-- This site is optimized with the Yoast SEO Premium plugin v27.3 (Yoast SEO v27.3) - https:\/\/yoast.com\/product\/yoast-seo-premium-wordpress\/ -->\n<title>Seidenhemd mit weiten blauen \u00c4rmeln. - Silky Shirt Natura Jasmine | EMA-BIA<\/title>\n<meta name=\"description\" content=\"Kaufen Sie online Seidenhemd mit weiten blauen \u00c4rmeln. - Silky Shirt Natura Jasmine in unserem Shop und entdecken Sie Angebote f\u00fcr EMA-BIA Produkte aus reiner Seide und 100% Made in Italy!\" \/>\n<meta name=\"robots\" content=\"index, follow, max-snippet:-1, max-image-preview:large, max-video-preview:-1\" \/>\n<link rel=\"canonical\" href=\"https:\/\/ema-bia.com\/de\/shop\/bekleidung\/hemden-natura\/seidenhemd-mit-weiten-blauen-aermeln\/\" \/>\n<meta property=\"og:locale\" content=\"de_DE\" \/>\n<meta property=\"og:type\" content=\"article\" \/>\n<meta property=\"og:title\" content=\"Seidenhemd mit weiten blauen \u00c4rmeln. - Silky Shirt Natura Jasmine\" \/>\n<meta property=\"og:description\" content=\"Kaufen Sie online Seidenhemd mit weiten blauen \u00c4rmeln. - Silky Shirt Natura Jasmine in unserem Shop und entdecken Sie Angebote f\u00fcr EMA-BIA Produkte aus reiner Seide und 100% Made in Italy!\" \/>\n<meta property=\"og:url\" content=\"https:\/\/ema-bia.com\/de\/shop\/bekleidung\/hemden-natura\/seidenhemd-mit-weiten-blauen-aermeln\/\" \/>\n<meta property=\"og:site_name\" content=\"EMA-BIA\" \/>\n<meta property=\"article:publisher\" content=\"https:\/\/www.facebook.com\/silky.ema.bia\/\" \/>\n<meta property=\"article:modified_time\" content=\"2025-02-07T10:12:16+00:00\" \/>\n<meta property=\"og:image\" content=\"https:\/\/ema-bia.com\/wp-content\/uploads\/2023\/05\/camicia-in-seta-jasmine-maniche-ampie-blu-scaled.jpg\" \/>\n\t<meta property=\"og:image:width\" content=\"2560\" \/>\n\t<meta property=\"og:image:height\" content=\"2560\" \/>\n\t<meta property=\"og:image:type\" content=\"image\/jpeg\" \/>\n<meta name=\"twitter:card\" content=\"summary_large_image\" \/>\n<meta name=\"twitter:label1\" content=\"Verf\u00fcgbarkeit\" \/>\n\t<meta name=\"twitter:data1\" content=\"Auf Lager\" \/>\n<script type=\"application\/ld+json\" class=\"yoast-schema-graph\">{\"@context\":\"https:\\\/\\\/schema.org\",\"@graph\":[{\"@type\":\"WebPage\",\"@id\":\"https:\\\/\\\/ema-bia.com\\\/de\\\/shop\\\/bekleidung\\\/hemden-natura\\\/seidenhemd-mit-weiten-blauen-aermeln\\\/\",\"url\":\"https:\\\/\\\/ema-bia.com\\\/de\\\/shop\\\/bekleidung\\\/hemden-natura\\\/seidenhemd-mit-weiten-blauen-aermeln\\\/\",\"name\":\"Seidenhemd mit weiten blauen \u00c4rmeln. - Silky Shirt Natura Jasmine | EMA-BIA\",\"isPartOf\":{\"@id\":\"https:\\\/\\\/ema-bia.com\\\/de\\\/#website\"},\"primaryImageOfPage\":{\"@id\":\"https:\\\/\\\/ema-bia.com\\\/de\\\/shop\\\/bekleidung\\\/hemden-natura\\\/seidenhemd-mit-weiten-blauen-aermeln\\\/#primaryimage\"},\"image\":{\"@id\":\"https:\\\/\\\/ema-bia.com\\\/de\\\/shop\\\/bekleidung\\\/hemden-natura\\\/seidenhemd-mit-weiten-blauen-aermeln\\\/#primaryimage\"},\"thumbnailUrl\":\"https:\\\/\\\/ema-bia.com\\\/wp-content\\\/uploads\\\/2023\\\/07\\\/72.png\",\"datePublished\":\"2023-06-14T08:04:26+00:00\",\"dateModified\":\"2025-02-07T10:12:16+00:00\",\"description\":\"Kaufen Sie online Seidenhemd mit weiten blauen \u00c4rmeln. - Silky Shirt Natura Jasmine in unserem Shop und entdecken Sie Angebote f\u00fcr EMA-BIA Produkte aus reiner Seide und 100% Made in Italy!\",\"breadcrumb\":{\"@id\":\"https:\\\/\\\/ema-bia.com\\\/de\\\/shop\\\/bekleidung\\\/hemden-natura\\\/seidenhemd-mit-weiten-blauen-aermeln\\\/#breadcrumb\"},\"inLanguage\":\"de\",\"potentialAction\":[{\"@type\":\"ReadAction\",\"target\":[\"https:\\\/\\\/ema-bia.com\\\/de\\\/shop\\\/bekleidung\\\/hemden-natura\\\/seidenhemd-mit-weiten-blauen-aermeln\\\/\"]}]},{\"@type\":\"ImageObject\",\"inLanguage\":\"de\",\"@id\":\"https:\\\/\\\/ema-bia.com\\\/de\\\/shop\\\/bekleidung\\\/hemden-natura\\\/seidenhemd-mit-weiten-blauen-aermeln\\\/#primaryimage\",\"url\":\"https:\\\/\\\/ema-bia.com\\\/wp-content\\\/uploads\\\/2023\\\/07\\\/72.png\",\"contentUrl\":\"https:\\\/\\\/ema-bia.com\\\/wp-content\\\/uploads\\\/2023\\\/07\\\/72.png\",\"width\":1080,\"height\":1080},{\"@type\":\"BreadcrumbList\",\"@id\":\"https:\\\/\\\/ema-bia.com\\\/de\\\/shop\\\/bekleidung\\\/hemden-natura\\\/seidenhemd-mit-weiten-blauen-aermeln\\\/#breadcrumb\",\"itemListElement\":[{\"@type\":\"ListItem\",\"position\":1,\"name\":\"Home\",\"item\":\"https:\\\/\\\/ema-bia.com\\\/de\\\/\"},{\"@type\":\"ListItem\",\"position\":2,\"name\":\"Shop\",\"item\":\"https:\\\/\\\/ema-bia.com\\\/de\\\/shop\\\/\"},{\"@type\":\"ListItem\",\"position\":3,\"name\":\"Seidenhemd mit weiten blauen \u00c4rmeln. &#8211; Silky Shirt Natura Jasmine\"}]},{\"@type\":\"WebSite\",\"@id\":\"https:\\\/\\\/ema-bia.com\\\/de\\\/#website\",\"url\":\"https:\\\/\\\/ema-bia.com\\\/de\\\/\",\"name\":\"EMA-BIA\",\"description\":\"Accessori e borse in seta di alta qualit\u00e0\",\"publisher\":{\"@id\":\"https:\\\/\\\/ema-bia.com\\\/de\\\/#organization\"},\"alternateName\":\"Borse in seta Made in Italy\",\"potentialAction\":[{\"@type\":\"SearchAction\",\"target\":{\"@type\":\"EntryPoint\",\"urlTemplate\":\"https:\\\/\\\/ema-bia.com\\\/de\\\/?s={search_term_string}\"},\"query-input\":{\"@type\":\"PropertyValueSpecification\",\"valueRequired\":true,\"valueName\":\"search_term_string\"}}],\"inLanguage\":\"de\"},{\"@type\":\"Organization\",\"@id\":\"https:\\\/\\\/ema-bia.com\\\/de\\\/#organization\",\"name\":\"EMA-BIA\",\"alternateName\":\"EMA-BIA borse e accessori\",\"url\":\"https:\\\/\\\/ema-bia.com\\\/de\\\/\",\"logo\":{\"@type\":\"ImageObject\",\"inLanguage\":\"de\",\"@id\":\"https:\\\/\\\/ema-bia.com\\\/de\\\/#\\\/schema\\\/logo\\\/image\\\/\",\"url\":\"https:\\\/\\\/ema-bia.com\\\/wp-content\\\/uploads\\\/2024\\\/12\\\/Nero-Cerchio-con-Posate-Ristorante-Logo.png\",\"contentUrl\":\"https:\\\/\\\/ema-bia.com\\\/wp-content\\\/uploads\\\/2024\\\/12\\\/Nero-Cerchio-con-Posate-Ristorante-Logo.png\",\"width\":1500,\"height\":1500,\"caption\":\"EMA-BIA\"},\"image\":{\"@id\":\"https:\\\/\\\/ema-bia.com\\\/de\\\/#\\\/schema\\\/logo\\\/image\\\/\"},\"sameAs\":[\"https:\\\/\\\/www.facebook.com\\\/silky.ema.bia\\\/\",\"https:\\\/\\\/www.instagram.com\\\/ema.bia\\\/\",\"https:\\\/\\\/www.linkedin.com\\\/company\\\/ema-bia\\\/\",\"https:\\\/\\\/www.youtube.com\\\/@ema-bia3311\\\/featured\",\"https:\\\/\\\/www.tiktok.com\\\/@ema.bia\"],\"hasMerchantReturnPolicy\":{\"@type\":\"MerchantReturnPolicy\",\"merchantReturnLink\":\"https:\\\/\\\/ema-bia.com\\\/diritto-di-recesso\\\/\"}}]}<\/script>\n<meta property=\"og:availability\" content=\"instock\" \/>\n<meta property=\"product:availability\" content=\"instock\" \/>\n<meta property=\"product:condition\" content=\"new\" \/>\n<!-- \/ Yoast SEO Premium plugin. -->","yoast_head_json":{"title":"Seidenhemd mit weiten blauen \u00c4rmeln. - Silky Shirt Natura Jasmine | EMA-BIA","description":"Kaufen Sie online Seidenhemd mit weiten blauen \u00c4rmeln. - Silky Shirt Natura Jasmine in unserem Shop und entdecken Sie Angebote f\u00fcr EMA-BIA Produkte aus reiner Seide und 100% Made in Italy!","robots":{"index":"index","follow":"follow","max-snippet":"max-snippet:-1","max-image-preview":"max-image-preview:large","max-video-preview":"max-video-preview:-1"},"canonical":"https:\/\/ema-bia.com\/de\/shop\/bekleidung\/hemden-natura\/seidenhemd-mit-weiten-blauen-aermeln\/","og_locale":"de_DE","og_type":"article","og_title":"Seidenhemd mit weiten blauen \u00c4rmeln. - Silky Shirt Natura Jasmine","og_description":"Kaufen Sie online Seidenhemd mit weiten blauen \u00c4rmeln. - Silky Shirt Natura Jasmine in unserem Shop und entdecken Sie Angebote f\u00fcr EMA-BIA Produkte aus reiner Seide und 100% Made in Italy!","og_url":"https:\/\/ema-bia.com\/de\/shop\/bekleidung\/hemden-natura\/seidenhemd-mit-weiten-blauen-aermeln\/","og_site_name":"EMA-BIA","article_publisher":"https:\/\/www.facebook.com\/silky.ema.bia\/","article_modified_time":"2025-02-07T10:12:16+00:00","og_image":[{"width":2560,"height":2560,"url":"https:\/\/ema-bia.com\/wp-content\/uploads\/2023\/05\/camicia-in-seta-jasmine-maniche-ampie-blu-scaled.jpg","type":"image\/jpeg"}],"twitter_card":"summary_large_image","twitter_misc":{"Verf\u00fcgbarkeit":"Auf Lager"},"schema":{"@context":"https:\/\/schema.org","@graph":[{"@type":"WebPage","@id":"https:\/\/ema-bia.com\/de\/shop\/bekleidung\/hemden-natura\/seidenhemd-mit-weiten-blauen-aermeln\/","url":"https:\/\/ema-bia.com\/de\/shop\/bekleidung\/hemden-natura\/seidenhemd-mit-weiten-blauen-aermeln\/","name":"Seidenhemd mit weiten blauen \u00c4rmeln. - Silky Shirt Natura Jasmine | EMA-BIA","isPartOf":{"@id":"https:\/\/ema-bia.com\/de\/#website"},"primaryImageOfPage":{"@id":"https:\/\/ema-bia.com\/de\/shop\/bekleidung\/hemden-natura\/seidenhemd-mit-weiten-blauen-aermeln\/#primaryimage"},"image":{"@id":"https:\/\/ema-bia.com\/de\/shop\/bekleidung\/hemden-natura\/seidenhemd-mit-weiten-blauen-aermeln\/#primaryimage"},"thumbnailUrl":"https:\/\/ema-bia.com\/wp-content\/uploads\/2023\/07\/72.png","datePublished":"2023-06-14T08:04:26+00:00","dateModified":"2025-02-07T10:12:16+00:00","description":"Kaufen Sie online Seidenhemd mit weiten blauen \u00c4rmeln. - Silky Shirt Natura Jasmine in unserem Shop und entdecken Sie Angebote f\u00fcr EMA-BIA Produkte aus reiner Seide und 100% Made in Italy!","breadcrumb":{"@id":"https:\/\/ema-bia.com\/de\/shop\/bekleidung\/hemden-natura\/seidenhemd-mit-weiten-blauen-aermeln\/#breadcrumb"},"inLanguage":"de","potentialAction":[{"@type":"ReadAction","target":["https:\/\/ema-bia.com\/de\/shop\/bekleidung\/hemden-natura\/seidenhemd-mit-weiten-blauen-aermeln\/"]}]},{"@type":"ImageObject","inLanguage":"de","@id":"https:\/\/ema-bia.com\/de\/shop\/bekleidung\/hemden-natura\/seidenhemd-mit-weiten-blauen-aermeln\/#primaryimage","url":"https:\/\/ema-bia.com\/wp-content\/uploads\/2023\/07\/72.png","contentUrl":"https:\/\/ema-bia.com\/wp-content\/uploads\/2023\/07\/72.png","width":1080,"height":1080},{"@type":"BreadcrumbList","@id":"https:\/\/ema-bia.com\/de\/shop\/bekleidung\/hemden-natura\/seidenhemd-mit-weiten-blauen-aermeln\/#breadcrumb","itemListElement":[{"@type":"ListItem","position":1,"name":"Home","item":"https:\/\/ema-bia.com\/de\/"},{"@type":"ListItem","position":2,"name":"Shop","item":"https:\/\/ema-bia.com\/de\/shop\/"},{"@type":"ListItem","position":3,"name":"Seidenhemd mit weiten blauen \u00c4rmeln. &#8211; Silky Shirt Natura Jasmine"}]},{"@type":"WebSite","@id":"https:\/\/ema-bia.com\/de\/#website","url":"https:\/\/ema-bia.com\/de\/","name":"EMA-BIA","description":"Accessori e borse in seta di alta qualit\u00e0","publisher":{"@id":"https:\/\/ema-bia.com\/de\/#organization"},"alternateName":"Borse in seta Made in Italy","potentialAction":[{"@type":"SearchAction","target":{"@type":"EntryPoint","urlTemplate":"https:\/\/ema-bia.com\/de\/?s={search_term_string}"},"query-input":{"@type":"PropertyValueSpecification","valueRequired":true,"valueName":"search_term_string"}}],"inLanguage":"de"},{"@type":"Organization","@id":"https:\/\/ema-bia.com\/de\/#organization","name":"EMA-BIA","alternateName":"EMA-BIA borse e accessori","url":"https:\/\/ema-bia.com\/de\/","logo":{"@type":"ImageObject","inLanguage":"de","@id":"https:\/\/ema-bia.com\/de\/#\/schema\/logo\/image\/","url":"https:\/\/ema-bia.com\/wp-content\/uploads\/2024\/12\/Nero-Cerchio-con-Posate-Ristorante-Logo.png","contentUrl":"https:\/\/ema-bia.com\/wp-content\/uploads\/2024\/12\/Nero-Cerchio-con-Posate-Ristorante-Logo.png","width":1500,"height":1500,"caption":"EMA-BIA"},"image":{"@id":"https:\/\/ema-bia.com\/de\/#\/schema\/logo\/image\/"},"sameAs":["https:\/\/www.facebook.com\/silky.ema.bia\/","https:\/\/www.instagram.com\/ema.bia\/","https:\/\/www.linkedin.com\/company\/ema-bia\/","https:\/\/www.youtube.com\/@ema-bia3311\/featured","https:\/\/www.tiktok.com\/@ema.bia"],"hasMerchantReturnPolicy":{"@type":"MerchantReturnPolicy","merchantReturnLink":"https:\/\/ema-bia.com\/diritto-di-recesso\/"}}]},"og_availability":"instock","product_availability":"instock","product_condition":"new"},"_links":{"self":[{"href":"https:\/\/ema-bia.com\/de\/wp-json\/wp\/v2\/product\/17826","targetHints":{"allow":["GET"]}}],"collection":[{"href":"https:\/\/ema-bia.com\/de\/wp-json\/wp\/v2\/product"}],"about":[{"href":"https:\/\/ema-bia.com\/de\/wp-json\/wp\/v2\/types\/product"}],"replies":[{"embeddable":true,"href":"https:\/\/ema-bia.com\/de\/wp-json\/wp\/v2\/comments?post=17826"}],"wp:featuredmedia":[{"embeddable":true,"href":"https:\/\/ema-bia.com\/de\/wp-json\/wp\/v2\/media\/33633"}],"wp:attachment":[{"href":"https:\/\/ema-bia.com\/de\/wp-json\/wp\/v2\/media?parent=17826"}],"wp:term":[{"taxonomy":"product_brand","embeddable":true,"href":"https:\/\/ema-bia.com\/de\/wp-json\/wp\/v2\/product_brand?post=17826"},{"taxonomy":"product_cat","embeddable":true,"href":"https:\/\/ema-bia.com\/de\/wp-json\/wp\/v2\/product_cat?post=17826"},{"taxonomy":"product_tag","embeddable":true,"href":"https:\/\/ema-bia.com\/de\/wp-json\/wp\/v2\/product_tag?post=17826"}],"curies":[{"name":"wp","href":"https:\/\/api.w.org\/{rel}","templated":true}]}}