{"id":17715,"date":"2023-04-21T10:35:50","date_gmt":"2023-04-21T08:35:50","guid":{"rendered":"https:\/\/ema-bia.com\/shop\/unkategorisiert\/kit-clutch-nera-foulard-e-borsetta\/"},"modified":"2025-02-07T11:12:28","modified_gmt":"2025-02-07T10:12:28","slug":"kit-mit-schwarzer-clutch-foulard-und-handtasche","status":"publish","type":"product","link":"https:\/\/ema-bia.com\/de\/shop\/taschen\/handtaschen\/kit-mit-schwarzer-clutch-foulard-und-handtasche\/","title":{"rendered":"Kit mit schwarzer Clutch, Foulard und Handtasche &#8211; Silky Kit Clutch"},"content":{"rendered":"<p><strong>Schwarze Clutch<\/strong>, feste Handtasche aus Seide mit floralem Druck, inklusive 2 passenden Seidenhalst\u00fcchern, &#8216;Silky Stripes&#8217;.<\/p>\n<p><strong>Der elastische Seidenhenkel ist das besondere Merkmal, das diese Clutch einzigartig macht,<\/strong> um die Handtasche praktischer und bequemer zu halten.<\/p>\n<p>Sie werden nicht mehr gezwungen sein, Ihre Handtasche abzulegen und darauf zu achten;<strong> Sie k\u00f6nnen sie jetzt \u00fcberall bei sich behalten.<\/strong><\/p>\n<p>Das Innere der Clutch ist mit Lam\u00e9-Stoff ausgekleidet, mit einer mit goldener Seide gef\u00fctterten Tasche.<\/p>\n<p>Die Metalleins\u00e4tze heben die Farbt\u00f6ne der Seide hervor.<\/p>\n<p>Goldfarbener Druckknopf, passend zu den Innen- und Einsatzelementen.<\/p>\n<p><strong>Eine schicke Abendtasche, die zu eleganten Abend- oder Cocktailoutfits passt.<\/strong> Verleihen Sie Ihrem Outfit das gewisse Etwas.<\/p>\n<p>Auch die <strong>Verpackung<\/strong>, in der die Clutch verkauft wird, wurde entworfen, um sowohl n\u00fctzlich als auch sch\u00f6n zu sein: Die Kunstleder-Verpackung eignet sich zur Aufbewahrung des Kits, kann aber auch verwendet werden, um andere Gegenst\u00e4nde sicher aufzubewahren.<\/p>\n<p>Jedes Set besteht aus 1 Silky Clutch und 2 Silky Stripes.<\/p>\n<p>*Die dazu passenden Accessoires des &#8216;Silky Kit&#8217; k\u00f6nnen nicht einzeln verkauft werden.<\/p>\n<p><strong>Seiden- und Lederhandtasche<\/strong><\/p>\n<p><strong>Italienische Struktur mit exklusivem Design aus Como:<\/strong><\/p>\n<p><strong>Handwerkliche Eleganz<\/strong><\/p>\n<p>Erkunden Sie die italienische Kunst und Handwerkskunst mit unserer handgefertigten strukturierten Seidentasche in Italien, wo jedes Detail von Exzellenz spricht.<\/p>\n<p><strong>Hochwertiges Material<\/strong>: Diese Tasche besteht aus hochwertiger strukturierter Seide, die au\u00dfergew\u00f6hnliche Festigkeit mit der intrinsischen Zartheit der Seide kombiniert, zusammen mit ausgew\u00e4hlten und edlen Lederarten, die nicht nur empfindliche Stellen sch\u00fctzen, sondern auch einen einzigartigen Materialkontrast bieten<\/p>\n<p><strong>Exklusives Design<\/strong>: Das einzigartige und faszinierende Muster wurde von renommierten Designern aus Como erstellt, die sich auf die Gestaltung von Seidenmustern spezialisiert haben. Der Druck verleiht der Tasche stets eine unterschiedliche Note von Originalit\u00e4t und Eleganz, um jeden bevorzugten Stil abzudecken.<\/p>\n<p><strong>Italienische Handwerk<\/strong>: Die italienische handwerkliche Verarbeitung ist in jeder Naht und jedem Detail offensichtlich. Diese Tasche ist das Ergebnis handwerklicher Fertigkeiten, die Qualit\u00e4t und Langlebigkeit im Laufe der Zeit garantieren. Ausgew\u00e4hlte Leder und galvanisierte Metallmaterialien. Handgen\u00e4hte Stellen an den wichtigsten Punkten verleihen Widerstandsf\u00e4higkeit im t\u00e4glichen Gebrauch.<\/p>\n<p>Wenn Sie diese Tasche tragen, werden Sie die Kunst und die italienische Tradition umarmen und das au\u00dfergew\u00f6hnliche Gef\u00fchl der strukturierten Seide sp\u00fcren. Es ist ein einzigartiges Accessoire, das zeitlosen Stil und italienische Handwerkskunst vereint und bei jeder Gelegenheit einen Hauch von Luxus und Originalit\u00e4t bietet.<br \/><em>Unsere Produkte sind echte <strong>Unikate<\/strong>, die mit Leidenschaft und Handwerkskunst hergestellt werden. Jedes <strong>Einzelst\u00fcck<\/strong> ist Teil einer <strong>exklusiven Kollektion<\/strong>, das Ergebnis einer sorgf\u00e4ltigen Materialauswahl und eines Herstellungsprozesses, der die besonderen Eigenschaften jedes Elements hervorhebt. Unsere Kollektionen repr\u00e4sentieren die Exzellenz der Handwerkskunst und bieten St\u00fccke, die eine einzigartige Geschichte erz\u00e4hlen.<\/em><br \/>Exklusive Kollektion von Produkten, die f\u00fcr jeden Anlass geeignet sind.<br \/>\nUnsere Kollektionen werden mit Liebe zum Detail und Qualit\u00e4t zusammengestellt, um Ihnen immer das Beste zu bieten.<\/p>\n","protected":false},"excerpt":{"rendered":"<p>Schwarze Clutch, feste Handtasche aus Seide mit floralem Druck, inklusive 2 passenden Seidenhalst\u00fcchern, &#8216;Silky Stripes&#8217;. Der elastische Seidenhenkel ist das besondere Merkmal, das diese Clutch einzigartig macht, um die Handtasche praktischer und bequemer zu halten. Sie werden nicht mehr gezwungen sein, Ihre Handtasche abzulegen und darauf zu achten; Sie k\u00f6nnen sie jetzt \u00fcberall bei sich [&hellip;]<\/p>\n","protected":false},"featured_media":4499,"comment_status":"open","ping_status":"closed","template":"","meta":{"_joinchat":[]},"product_brand":[],"product_cat":[213,322],"product_tag":[],"class_list":{"0":"post-17715","1":"product","2":"type-product","3":"status-publish","4":"has-post-thumbnail","6":"product_cat-handtaschen","7":"product_cat-silky-kit-de","9":"first","10":"instock","11":"taxable","12":"shipping-taxable","13":"purchasable","14":"product-type-simple"},"yoast_head":"<!-- This site is optimized with the Yoast SEO Premium plugin v27.3 (Yoast SEO v27.3) - https:\/\/yoast.com\/product\/yoast-seo-premium-wordpress\/ -->\n<title>Kit mit schwarzer Clutch, Foulard und Handtasche - Silky Kit Clutch | Made in Italy | EMA-BIA<\/title>\n<meta name=\"description\" content=\"Kaufen Sie online Kit mit schwarzer Clutch, Foulard und Handtasche - Silky Kit Clutch in unserem Shop und entdecken Sie Angebote f\u00fcr EMA-BIA Produkte aus reiner Seide und 100% Made in Italy!\" \/>\n<meta name=\"robots\" content=\"index, follow, max-snippet:-1, max-image-preview:large, max-video-preview:-1\" \/>\n<link rel=\"canonical\" href=\"https:\/\/ema-bia.com\/de\/shop\/taschen\/handtaschen\/kit-mit-schwarzer-clutch-foulard-und-handtasche\/\" \/>\n<meta property=\"og:locale\" content=\"de_DE\" \/>\n<meta property=\"og:type\" content=\"article\" \/>\n<meta property=\"og:title\" content=\"Kit mit schwarzer Clutch, Foulard und Handtasche - Silky Kit Clutch\" \/>\n<meta property=\"og:description\" content=\"Kaufen Sie online Kit mit schwarzer Clutch, Foulard und Handtasche - Silky Kit Clutch in unserem Shop und entdecken Sie Angebote f\u00fcr EMA-BIA Produkte aus reiner Seide und 100% Made in Italy!\" \/>\n<meta property=\"og:url\" content=\"https:\/\/ema-bia.com\/de\/shop\/taschen\/handtaschen\/kit-mit-schwarzer-clutch-foulard-und-handtasche\/\" \/>\n<meta property=\"og:site_name\" content=\"EMA-BIA\" \/>\n<meta property=\"article:publisher\" content=\"https:\/\/www.facebook.com\/silky.ema.bia\/\" \/>\n<meta property=\"article:modified_time\" content=\"2025-02-07T10:12:28+00:00\" \/>\n<meta property=\"og:image\" content=\"https:\/\/ema-bia.com\/wp-content\/uploads\/2023\/04\/kit-clutch-nera-foulard-e-borsetta.jpg\" \/>\n\t<meta property=\"og:image:width\" content=\"2412\" \/>\n\t<meta property=\"og:image:height\" content=\"2412\" \/>\n\t<meta property=\"og:image:type\" content=\"image\/jpeg\" \/>\n<meta name=\"twitter:card\" content=\"summary_large_image\" \/>\n<meta name=\"twitter:label1\" content=\"Preis\" \/>\n\t<meta name=\"twitter:data1\" content=\"&euro;&nbsp;370.00\" \/>\n\t<meta name=\"twitter:label2\" content=\"Verf\u00fcgbarkeit\" \/>\n\t<meta name=\"twitter:data2\" content=\"Auf Lager\" \/>\n<script type=\"application\/ld+json\" class=\"yoast-schema-graph\">{\"@context\":\"https:\\\/\\\/schema.org\",\"@graph\":[{\"@type\":\"WebPage\",\"@id\":\"https:\\\/\\\/ema-bia.com\\\/de\\\/shop\\\/taschen\\\/handtaschen\\\/kit-mit-schwarzer-clutch-foulard-und-handtasche\\\/\",\"url\":\"https:\\\/\\\/ema-bia.com\\\/de\\\/shop\\\/taschen\\\/handtaschen\\\/kit-mit-schwarzer-clutch-foulard-und-handtasche\\\/\",\"name\":\"Kit mit schwarzer Clutch, Foulard und Handtasche - Silky Kit Clutch | Made in Italy | EMA-BIA\",\"isPartOf\":{\"@id\":\"https:\\\/\\\/ema-bia.com\\\/de\\\/#website\"},\"primaryImageOfPage\":{\"@id\":\"https:\\\/\\\/ema-bia.com\\\/de\\\/shop\\\/taschen\\\/handtaschen\\\/kit-mit-schwarzer-clutch-foulard-und-handtasche\\\/#primaryimage\"},\"image\":{\"@id\":\"https:\\\/\\\/ema-bia.com\\\/de\\\/shop\\\/taschen\\\/handtaschen\\\/kit-mit-schwarzer-clutch-foulard-und-handtasche\\\/#primaryimage\"},\"thumbnailUrl\":\"https:\\\/\\\/ema-bia.com\\\/wp-content\\\/uploads\\\/2023\\\/04\\\/kit-clutch-nera-foulard-e-borsetta.jpg\",\"datePublished\":\"2023-04-21T08:35:50+00:00\",\"dateModified\":\"2025-02-07T10:12:28+00:00\",\"description\":\"Kaufen Sie online Kit mit schwarzer Clutch, Foulard und Handtasche - Silky Kit Clutch in unserem Shop und entdecken Sie Angebote f\u00fcr EMA-BIA Produkte aus reiner Seide und 100% Made in Italy!\",\"breadcrumb\":{\"@id\":\"https:\\\/\\\/ema-bia.com\\\/de\\\/shop\\\/taschen\\\/handtaschen\\\/kit-mit-schwarzer-clutch-foulard-und-handtasche\\\/#breadcrumb\"},\"inLanguage\":\"de\",\"potentialAction\":[{\"@type\":\"ReadAction\",\"target\":[\"https:\\\/\\\/ema-bia.com\\\/de\\\/shop\\\/taschen\\\/handtaschen\\\/kit-mit-schwarzer-clutch-foulard-und-handtasche\\\/\"]}]},{\"@type\":\"ImageObject\",\"inLanguage\":\"de\",\"@id\":\"https:\\\/\\\/ema-bia.com\\\/de\\\/shop\\\/taschen\\\/handtaschen\\\/kit-mit-schwarzer-clutch-foulard-und-handtasche\\\/#primaryimage\",\"url\":\"https:\\\/\\\/ema-bia.com\\\/wp-content\\\/uploads\\\/2023\\\/04\\\/kit-clutch-nera-foulard-e-borsetta.jpg\",\"contentUrl\":\"https:\\\/\\\/ema-bia.com\\\/wp-content\\\/uploads\\\/2023\\\/04\\\/kit-clutch-nera-foulard-e-borsetta.jpg\",\"width\":2412,\"height\":2412,\"caption\":\"Kit Clutch nera foulard e borsetta\"},{\"@type\":\"BreadcrumbList\",\"@id\":\"https:\\\/\\\/ema-bia.com\\\/de\\\/shop\\\/taschen\\\/handtaschen\\\/kit-mit-schwarzer-clutch-foulard-und-handtasche\\\/#breadcrumb\",\"itemListElement\":[{\"@type\":\"ListItem\",\"position\":1,\"name\":\"Home\",\"item\":\"https:\\\/\\\/ema-bia.com\\\/de\\\/\"},{\"@type\":\"ListItem\",\"position\":2,\"name\":\"Shop\",\"item\":\"https:\\\/\\\/ema-bia.com\\\/de\\\/shop\\\/\"},{\"@type\":\"ListItem\",\"position\":3,\"name\":\"Kit mit schwarzer Clutch, Foulard und Handtasche &#8211; Silky Kit Clutch\"}]},{\"@type\":\"WebSite\",\"@id\":\"https:\\\/\\\/ema-bia.com\\\/de\\\/#website\",\"url\":\"https:\\\/\\\/ema-bia.com\\\/de\\\/\",\"name\":\"EMA-BIA\",\"description\":\"Accessori e borse in seta di alta qualit\u00e0\",\"publisher\":{\"@id\":\"https:\\\/\\\/ema-bia.com\\\/de\\\/#organization\"},\"alternateName\":\"Borse in seta Made in Italy\",\"potentialAction\":[{\"@type\":\"SearchAction\",\"target\":{\"@type\":\"EntryPoint\",\"urlTemplate\":\"https:\\\/\\\/ema-bia.com\\\/de\\\/?s={search_term_string}\"},\"query-input\":{\"@type\":\"PropertyValueSpecification\",\"valueRequired\":true,\"valueName\":\"search_term_string\"}}],\"inLanguage\":\"de\"},{\"@type\":\"Organization\",\"@id\":\"https:\\\/\\\/ema-bia.com\\\/de\\\/#organization\",\"name\":\"EMA-BIA\",\"alternateName\":\"EMA-BIA borse e accessori\",\"url\":\"https:\\\/\\\/ema-bia.com\\\/de\\\/\",\"logo\":{\"@type\":\"ImageObject\",\"inLanguage\":\"de\",\"@id\":\"https:\\\/\\\/ema-bia.com\\\/de\\\/#\\\/schema\\\/logo\\\/image\\\/\",\"url\":\"https:\\\/\\\/ema-bia.com\\\/wp-content\\\/uploads\\\/2024\\\/12\\\/Nero-Cerchio-con-Posate-Ristorante-Logo.png\",\"contentUrl\":\"https:\\\/\\\/ema-bia.com\\\/wp-content\\\/uploads\\\/2024\\\/12\\\/Nero-Cerchio-con-Posate-Ristorante-Logo.png\",\"width\":1500,\"height\":1500,\"caption\":\"EMA-BIA\"},\"image\":{\"@id\":\"https:\\\/\\\/ema-bia.com\\\/de\\\/#\\\/schema\\\/logo\\\/image\\\/\"},\"sameAs\":[\"https:\\\/\\\/www.facebook.com\\\/silky.ema.bia\\\/\",\"https:\\\/\\\/www.instagram.com\\\/ema.bia\\\/\",\"https:\\\/\\\/www.linkedin.com\\\/company\\\/ema-bia\\\/\",\"https:\\\/\\\/www.youtube.com\\\/@ema-bia3311\\\/featured\",\"https:\\\/\\\/www.tiktok.com\\\/@ema.bia\"],\"hasMerchantReturnPolicy\":{\"@type\":\"MerchantReturnPolicy\",\"merchantReturnLink\":\"https:\\\/\\\/ema-bia.com\\\/diritto-di-recesso\\\/\"}}]}<\/script>\n<meta property=\"product:price:amount\" content=\"370.00\" \/>\n<meta property=\"product:price:currency\" content=\"EUR\" \/>\n<meta property=\"og:availability\" content=\"instock\" \/>\n<meta property=\"product:availability\" content=\"instock\" \/>\n<meta property=\"product:retailer_item_id\" content=\"8056420313475\" \/>\n<meta property=\"product:condition\" content=\"new\" \/>\n<!-- \/ Yoast SEO Premium plugin. -->","yoast_head_json":{"title":"Kit mit schwarzer Clutch, Foulard und Handtasche - Silky Kit Clutch | Made in Italy | EMA-BIA","description":"Kaufen Sie online Kit mit schwarzer Clutch, Foulard und Handtasche - Silky Kit Clutch in unserem Shop und entdecken Sie Angebote f\u00fcr EMA-BIA Produkte aus reiner Seide und 100% Made in Italy!","robots":{"index":"index","follow":"follow","max-snippet":"max-snippet:-1","max-image-preview":"max-image-preview:large","max-video-preview":"max-video-preview:-1"},"canonical":"https:\/\/ema-bia.com\/de\/shop\/taschen\/handtaschen\/kit-mit-schwarzer-clutch-foulard-und-handtasche\/","og_locale":"de_DE","og_type":"article","og_title":"Kit mit schwarzer Clutch, Foulard und Handtasche - Silky Kit Clutch","og_description":"Kaufen Sie online Kit mit schwarzer Clutch, Foulard und Handtasche - Silky Kit Clutch in unserem Shop und entdecken Sie Angebote f\u00fcr EMA-BIA Produkte aus reiner Seide und 100% Made in Italy!","og_url":"https:\/\/ema-bia.com\/de\/shop\/taschen\/handtaschen\/kit-mit-schwarzer-clutch-foulard-und-handtasche\/","og_site_name":"EMA-BIA","article_publisher":"https:\/\/www.facebook.com\/silky.ema.bia\/","article_modified_time":"2025-02-07T10:12:28+00:00","og_image":[{"width":2412,"height":2412,"url":"https:\/\/ema-bia.com\/wp-content\/uploads\/2023\/04\/kit-clutch-nera-foulard-e-borsetta.jpg","type":"image\/jpeg"}],"twitter_card":"summary_large_image","twitter_misc":{"Preis":"&euro;&nbsp;370.00","Verf\u00fcgbarkeit":"Auf Lager"},"schema":{"@context":"https:\/\/schema.org","@graph":[{"@type":"WebPage","@id":"https:\/\/ema-bia.com\/de\/shop\/taschen\/handtaschen\/kit-mit-schwarzer-clutch-foulard-und-handtasche\/","url":"https:\/\/ema-bia.com\/de\/shop\/taschen\/handtaschen\/kit-mit-schwarzer-clutch-foulard-und-handtasche\/","name":"Kit mit schwarzer Clutch, Foulard und Handtasche - Silky Kit Clutch | Made in Italy | EMA-BIA","isPartOf":{"@id":"https:\/\/ema-bia.com\/de\/#website"},"primaryImageOfPage":{"@id":"https:\/\/ema-bia.com\/de\/shop\/taschen\/handtaschen\/kit-mit-schwarzer-clutch-foulard-und-handtasche\/#primaryimage"},"image":{"@id":"https:\/\/ema-bia.com\/de\/shop\/taschen\/handtaschen\/kit-mit-schwarzer-clutch-foulard-und-handtasche\/#primaryimage"},"thumbnailUrl":"https:\/\/ema-bia.com\/wp-content\/uploads\/2023\/04\/kit-clutch-nera-foulard-e-borsetta.jpg","datePublished":"2023-04-21T08:35:50+00:00","dateModified":"2025-02-07T10:12:28+00:00","description":"Kaufen Sie online Kit mit schwarzer Clutch, Foulard und Handtasche - Silky Kit Clutch in unserem Shop und entdecken Sie Angebote f\u00fcr EMA-BIA Produkte aus reiner Seide und 100% Made in Italy!","breadcrumb":{"@id":"https:\/\/ema-bia.com\/de\/shop\/taschen\/handtaschen\/kit-mit-schwarzer-clutch-foulard-und-handtasche\/#breadcrumb"},"inLanguage":"de","potentialAction":[{"@type":"ReadAction","target":["https:\/\/ema-bia.com\/de\/shop\/taschen\/handtaschen\/kit-mit-schwarzer-clutch-foulard-und-handtasche\/"]}]},{"@type":"ImageObject","inLanguage":"de","@id":"https:\/\/ema-bia.com\/de\/shop\/taschen\/handtaschen\/kit-mit-schwarzer-clutch-foulard-und-handtasche\/#primaryimage","url":"https:\/\/ema-bia.com\/wp-content\/uploads\/2023\/04\/kit-clutch-nera-foulard-e-borsetta.jpg","contentUrl":"https:\/\/ema-bia.com\/wp-content\/uploads\/2023\/04\/kit-clutch-nera-foulard-e-borsetta.jpg","width":2412,"height":2412,"caption":"Kit Clutch nera foulard e borsetta"},{"@type":"BreadcrumbList","@id":"https:\/\/ema-bia.com\/de\/shop\/taschen\/handtaschen\/kit-mit-schwarzer-clutch-foulard-und-handtasche\/#breadcrumb","itemListElement":[{"@type":"ListItem","position":1,"name":"Home","item":"https:\/\/ema-bia.com\/de\/"},{"@type":"ListItem","position":2,"name":"Shop","item":"https:\/\/ema-bia.com\/de\/shop\/"},{"@type":"ListItem","position":3,"name":"Kit mit schwarzer Clutch, Foulard und Handtasche &#8211; Silky Kit Clutch"}]},{"@type":"WebSite","@id":"https:\/\/ema-bia.com\/de\/#website","url":"https:\/\/ema-bia.com\/de\/","name":"EMA-BIA","description":"Accessori e borse in seta di alta qualit\u00e0","publisher":{"@id":"https:\/\/ema-bia.com\/de\/#organization"},"alternateName":"Borse in seta Made in Italy","potentialAction":[{"@type":"SearchAction","target":{"@type":"EntryPoint","urlTemplate":"https:\/\/ema-bia.com\/de\/?s={search_term_string}"},"query-input":{"@type":"PropertyValueSpecification","valueRequired":true,"valueName":"search_term_string"}}],"inLanguage":"de"},{"@type":"Organization","@id":"https:\/\/ema-bia.com\/de\/#organization","name":"EMA-BIA","alternateName":"EMA-BIA borse e accessori","url":"https:\/\/ema-bia.com\/de\/","logo":{"@type":"ImageObject","inLanguage":"de","@id":"https:\/\/ema-bia.com\/de\/#\/schema\/logo\/image\/","url":"https:\/\/ema-bia.com\/wp-content\/uploads\/2024\/12\/Nero-Cerchio-con-Posate-Ristorante-Logo.png","contentUrl":"https:\/\/ema-bia.com\/wp-content\/uploads\/2024\/12\/Nero-Cerchio-con-Posate-Ristorante-Logo.png","width":1500,"height":1500,"caption":"EMA-BIA"},"image":{"@id":"https:\/\/ema-bia.com\/de\/#\/schema\/logo\/image\/"},"sameAs":["https:\/\/www.facebook.com\/silky.ema.bia\/","https:\/\/www.instagram.com\/ema.bia\/","https:\/\/www.linkedin.com\/company\/ema-bia\/","https:\/\/www.youtube.com\/@ema-bia3311\/featured","https:\/\/www.tiktok.com\/@ema.bia"],"hasMerchantReturnPolicy":{"@type":"MerchantReturnPolicy","merchantReturnLink":"https:\/\/ema-bia.com\/diritto-di-recesso\/"}}]},"product_price_amount":"370.00","product_price_currency":"EUR","og_availability":"instock","product_availability":"instock","product_retailer_item_id":"8056420313475","product_condition":"new"},"_links":{"self":[{"href":"https:\/\/ema-bia.com\/de\/wp-json\/wp\/v2\/product\/17715","targetHints":{"allow":["GET"]}}],"collection":[{"href":"https:\/\/ema-bia.com\/de\/wp-json\/wp\/v2\/product"}],"about":[{"href":"https:\/\/ema-bia.com\/de\/wp-json\/wp\/v2\/types\/product"}],"replies":[{"embeddable":true,"href":"https:\/\/ema-bia.com\/de\/wp-json\/wp\/v2\/comments?post=17715"}],"wp:featuredmedia":[{"embeddable":true,"href":"https:\/\/ema-bia.com\/de\/wp-json\/wp\/v2\/media\/4499"}],"wp:attachment":[{"href":"https:\/\/ema-bia.com\/de\/wp-json\/wp\/v2\/media?parent=17715"}],"wp:term":[{"taxonomy":"product_brand","embeddable":true,"href":"https:\/\/ema-bia.com\/de\/wp-json\/wp\/v2\/product_brand?post=17715"},{"taxonomy":"product_cat","embeddable":true,"href":"https:\/\/ema-bia.com\/de\/wp-json\/wp\/v2\/product_cat?post=17715"},{"taxonomy":"product_tag","embeddable":true,"href":"https:\/\/ema-bia.com\/de\/wp-json\/wp\/v2\/product_tag?post=17715"}],"curies":[{"name":"wp","href":"https:\/\/api.w.org\/{rel}","templated":true}]}}