{"id":17636,"date":"2023-04-21T10:36:18","date_gmt":"2023-04-21T08:36:18","guid":{"rendered":"https:\/\/ema-bia.com\/shop\/unkategorisiert\/kit-clutch-pochette-e-foulard-marrone\/"},"modified":"2025-02-07T11:12:35","modified_gmt":"2025-02-07T10:12:35","slug":"kit-aus-brauner-clutch-pochette-und-schal","status":"publish","type":"product","link":"https:\/\/ema-bia.com\/de\/shop\/taschen\/silky-kit-de\/kit-aus-brauner-clutch-pochette-und-schal\/","title":{"rendered":"Kit aus brauner Clutch, Pochette und Schal &#8211; Silky Kit Clutch"},"content":{"rendered":"<p><strong>Clutch in bedruckter brauner Seide in den Farbt\u00f6nen Blau und Gelb.<\/strong><\/p>\n<p>Die Seiten der Clutch sind mit Seide bezogen.<\/p>\n<p>Die Silky Kit Clutch besteht aus hochwertigen Materialien aus <strong>Seide und Leder.<\/strong><\/p>\n<p>Das Innere der Clutch besteht aus <strong>Lam\u00e9-Stoff mit einer Tasche mit Seidenbezug, goldfarben<\/strong>.<\/p>\n<p>Metalleins\u00e4tze betonen die Schattierungen von Seide.<\/p>\n<p>Druckknopf in Gold, passend zum Interieur und den Eins\u00e4tzen.<\/p>\n<p><strong>Der elastische Seidengriff ist das Detail, das diese Clutch einzigartig macht, ein Detail, das verwendet wurde<\/strong>, um die Handtasche praktischer und bequemer zum Mitnehmen zu gestalten.<\/p>\n<p>Die Silky Kit Clutch von EMA-BIA ist die kleine, praktische und nie gew\u00f6hnliche Clutch-Tasche, ideal f\u00fcr elegante Abende und besondere Veranstaltungen oder um einem legeren und schicken Outfit eine pers\u00f6nliche Note und Stil zu verleihen.<\/p>\n<p><strong>Im Kit sind au\u00dferdem zwei auf die Tasche abgestimmte Seidenstreifen enthalten,<\/strong> ein glamour\u00f6ses Detail, das als Schal, G\u00fcrtel, Armband oder auf jede gew\u00fcnschte Weise verwendet werden kann, um dem Look eine noch einzigartigere und besondere Note zu verleihen.<\/p>\n<p>Auch die <strong>Verpackung<\/strong>, in der die Clutch verkauft wird, wurde entworfen, um sowohl n\u00fctzlich als auch sch\u00f6n zu sein: Die Kunstleder-Verpackung eignet sich zur Aufbewahrung des Kits, kann aber auch verwendet werden, um andere Gegenst\u00e4nde sicher aufzubewahren.<\/p>\n<p>Jedes Set besteht aus 1 Silky Clutch und 2 Silky Stripes.<\/p>\n<p>*Die dazu passenden Accessoires des &#8216;Silky Kit&#8217; k\u00f6nnen nicht einzeln verkauft werden.<\/p>\n<p><strong>Seiden- und Lederhandtasche<\/strong><\/p>\n<p><strong>Italienische Struktur mit exklusivem Design aus Como:<\/strong><\/p>\n<p><strong>Handwerkliche Eleganz<\/strong><\/p>\n<p>Erkunden Sie die italienische Kunst und Handwerkskunst mit unserer handgefertigten strukturierten Seidentasche in Italien, wo jedes Detail von Exzellenz spricht.<\/p>\n<p><strong>Hochwertiges Material<\/strong>: Diese Tasche besteht aus hochwertiger strukturierter Seide, die au\u00dfergew\u00f6hnliche Festigkeit mit der intrinsischen Zartheit der Seide kombiniert, zusammen mit ausgew\u00e4hlten und edlen Lederarten, die nicht nur empfindliche Stellen sch\u00fctzen, sondern auch einen einzigartigen Materialkontrast bieten<\/p>\n<p><strong>Exklusives Design<\/strong>: Das einzigartige und faszinierende Muster wurde von renommierten Designern aus Como erstellt, die sich auf die Gestaltung von Seidenmustern spezialisiert haben. Der Druck verleiht der Tasche stets eine unterschiedliche Note von Originalit\u00e4t und Eleganz, um jeden bevorzugten Stil abzudecken.<\/p>\n<p><strong>Italienische Handwerk<\/strong>: Die italienische handwerkliche Verarbeitung ist in jeder Naht und jedem Detail offensichtlich. Diese Tasche ist das Ergebnis handwerklicher Fertigkeiten, die Qualit\u00e4t und Langlebigkeit im Laufe der Zeit garantieren. Ausgew\u00e4hlte Leder und galvanisierte Metallmaterialien. Handgen\u00e4hte Stellen an den wichtigsten Punkten verleihen Widerstandsf\u00e4higkeit im t\u00e4glichen Gebrauch.<\/p>\n<p>Wenn Sie diese Tasche tragen, werden Sie die Kunst und die italienische Tradition umarmen und das au\u00dfergew\u00f6hnliche Gef\u00fchl der strukturierten Seide sp\u00fcren. Es ist ein einzigartiges Accessoire, das zeitlosen Stil und italienische Handwerkskunst vereint und bei jeder Gelegenheit einen Hauch von Luxus und Originalit\u00e4t bietet.<\/p>\n<p>&nbsp;<br \/><em>Unsere Produkte sind echte <strong>Unikate<\/strong>, die mit Leidenschaft und Handwerkskunst hergestellt werden. Jedes <strong>Einzelst\u00fcck<\/strong> ist Teil einer <strong>exklusiven Kollektion<\/strong>, das Ergebnis einer sorgf\u00e4ltigen Materialauswahl und eines Herstellungsprozesses, der die besonderen Eigenschaften jedes Elements hervorhebt. Unsere Kollektionen repr\u00e4sentieren die Exzellenz der Handwerkskunst und bieten St\u00fccke, die eine einzigartige Geschichte erz\u00e4hlen.<\/em><br \/>Exklusive Kollektion von Produkten, die f\u00fcr jeden Anlass geeignet sind.<br \/>\nUnsere Kollektionen werden mit Liebe zum Detail und Qualit\u00e4t zusammengestellt, um Ihnen immer das Beste zu bieten.<\/p>\n","protected":false},"excerpt":{"rendered":"<p>Clutch in bedruckter brauner Seide in den Farbt\u00f6nen Blau und Gelb. Die Seiten der Clutch sind mit Seide bezogen. Die Silky Kit Clutch besteht aus hochwertigen Materialien aus Seide und Leder. Das Innere der Clutch besteht aus Lam\u00e9-Stoff mit einer Tasche mit Seidenbezug, goldfarben. Metalleins\u00e4tze betonen die Schattierungen von Seide. Druckknopf in Gold, passend zum [&hellip;]<\/p>\n","protected":false},"featured_media":5232,"comment_status":"open","ping_status":"closed","template":"","meta":{"_joinchat":[]},"product_brand":[],"product_cat":[213,229,322,212],"product_tag":[],"class_list":{"0":"post-17636","1":"product","2":"type-product","3":"status-publish","4":"has-post-thumbnail","6":"product_cat-handtaschen","7":"product_cat-schultertaschen","8":"product_cat-silky-kit-de","9":"product_cat-taschen","11":"first","12":"instock","13":"taxable","14":"shipping-taxable","15":"purchasable","16":"product-type-simple"},"yoast_head":"<!-- This site is optimized with the Yoast SEO Premium plugin v27.4 (Yoast SEO v27.4) - https:\/\/yoast.com\/product\/yoast-seo-premium-wordpress\/ -->\n<title>Kit aus brauner Clutch, Pochette und Schal - Silky Kit Clutch | Made in Italy | EMA-BIA<\/title>\n<meta name=\"description\" content=\"Kaufen Sie online Kit aus brauner Clutch, Pochette und Schal - Silky Kit Clutch in unserem Shop und entdecken Sie Angebote f\u00fcr EMA-BIA Produkte aus reiner Seide und 100% Made in Italy!\" \/>\n<meta name=\"robots\" content=\"index, follow, max-snippet:-1, max-image-preview:large, max-video-preview:-1\" \/>\n<link rel=\"canonical\" href=\"https:\/\/ema-bia.com\/de\/shop\/taschen\/silky-kit-de\/kit-aus-brauner-clutch-pochette-und-schal\/\" \/>\n<meta property=\"og:locale\" content=\"de_DE\" \/>\n<meta property=\"og:type\" content=\"article\" \/>\n<meta property=\"og:title\" content=\"Kit aus brauner Clutch, Pochette und Schal - Silky Kit Clutch\" \/>\n<meta property=\"og:description\" content=\"Kaufen Sie online Kit aus brauner Clutch, Pochette und Schal - Silky Kit Clutch in unserem Shop und entdecken Sie Angebote f\u00fcr EMA-BIA Produkte aus reiner Seide und 100% Made in Italy!\" \/>\n<meta property=\"og:url\" content=\"https:\/\/ema-bia.com\/de\/shop\/taschen\/silky-kit-de\/kit-aus-brauner-clutch-pochette-und-schal\/\" \/>\n<meta property=\"og:site_name\" content=\"EMA-BIA\" \/>\n<meta property=\"article:publisher\" content=\"https:\/\/www.facebook.com\/silky.ema.bia\/\" \/>\n<meta property=\"article:modified_time\" content=\"2025-02-07T10:12:35+00:00\" \/>\n<meta property=\"og:image\" content=\"https:\/\/ema-bia.com\/wp-content\/uploads\/2023\/04\/kit-clutch-pochette-e-foulard-marrone.jpg\" \/>\n\t<meta property=\"og:image:width\" content=\"1200\" \/>\n\t<meta property=\"og:image:height\" content=\"1200\" \/>\n\t<meta property=\"og:image:type\" content=\"image\/jpeg\" \/>\n<meta name=\"twitter:card\" content=\"summary_large_image\" \/>\n<meta name=\"twitter:label1\" content=\"Preis\" \/>\n\t<meta name=\"twitter:data1\" content=\"&euro;&nbsp;370.00\" \/>\n\t<meta name=\"twitter:label2\" content=\"Verf\u00fcgbarkeit\" \/>\n\t<meta name=\"twitter:data2\" content=\"Auf Lager\" \/>\n<script type=\"application\/ld+json\" class=\"yoast-schema-graph\">{\"@context\":\"https:\\\/\\\/schema.org\",\"@graph\":[{\"@type\":\"WebPage\",\"@id\":\"https:\\\/\\\/ema-bia.com\\\/de\\\/shop\\\/taschen\\\/silky-kit-de\\\/kit-aus-brauner-clutch-pochette-und-schal\\\/\",\"url\":\"https:\\\/\\\/ema-bia.com\\\/de\\\/shop\\\/taschen\\\/silky-kit-de\\\/kit-aus-brauner-clutch-pochette-und-schal\\\/\",\"name\":\"Kit aus brauner Clutch, Pochette und Schal - Silky Kit Clutch | Made in Italy | EMA-BIA\",\"isPartOf\":{\"@id\":\"https:\\\/\\\/ema-bia.com\\\/de\\\/#website\"},\"primaryImageOfPage\":{\"@id\":\"https:\\\/\\\/ema-bia.com\\\/de\\\/shop\\\/taschen\\\/silky-kit-de\\\/kit-aus-brauner-clutch-pochette-und-schal\\\/#primaryimage\"},\"image\":{\"@id\":\"https:\\\/\\\/ema-bia.com\\\/de\\\/shop\\\/taschen\\\/silky-kit-de\\\/kit-aus-brauner-clutch-pochette-und-schal\\\/#primaryimage\"},\"thumbnailUrl\":\"https:\\\/\\\/ema-bia.com\\\/wp-content\\\/uploads\\\/2023\\\/04\\\/kit-clutch-pochette-e-foulard-marrone.jpg\",\"datePublished\":\"2023-04-21T08:36:18+00:00\",\"dateModified\":\"2025-02-07T10:12:35+00:00\",\"description\":\"Kaufen Sie online Kit aus brauner Clutch, Pochette und Schal - Silky Kit Clutch in unserem Shop und entdecken Sie Angebote f\u00fcr EMA-BIA Produkte aus reiner Seide und 100% Made in Italy!\",\"breadcrumb\":{\"@id\":\"https:\\\/\\\/ema-bia.com\\\/de\\\/shop\\\/taschen\\\/silky-kit-de\\\/kit-aus-brauner-clutch-pochette-und-schal\\\/#breadcrumb\"},\"inLanguage\":\"de\",\"potentialAction\":[{\"@type\":\"ReadAction\",\"target\":[\"https:\\\/\\\/ema-bia.com\\\/de\\\/shop\\\/taschen\\\/silky-kit-de\\\/kit-aus-brauner-clutch-pochette-und-schal\\\/\"]}]},{\"@type\":\"ImageObject\",\"inLanguage\":\"de\",\"@id\":\"https:\\\/\\\/ema-bia.com\\\/de\\\/shop\\\/taschen\\\/silky-kit-de\\\/kit-aus-brauner-clutch-pochette-und-schal\\\/#primaryimage\",\"url\":\"https:\\\/\\\/ema-bia.com\\\/wp-content\\\/uploads\\\/2023\\\/04\\\/kit-clutch-pochette-e-foulard-marrone.jpg\",\"contentUrl\":\"https:\\\/\\\/ema-bia.com\\\/wp-content\\\/uploads\\\/2023\\\/04\\\/kit-clutch-pochette-e-foulard-marrone.jpg\",\"width\":1200,\"height\":1200,\"caption\":\"Kit Clutch pochette e foulard marrone\"},{\"@type\":\"BreadcrumbList\",\"@id\":\"https:\\\/\\\/ema-bia.com\\\/de\\\/shop\\\/taschen\\\/silky-kit-de\\\/kit-aus-brauner-clutch-pochette-und-schal\\\/#breadcrumb\",\"itemListElement\":[{\"@type\":\"ListItem\",\"position\":1,\"name\":\"Home\",\"item\":\"https:\\\/\\\/ema-bia.com\\\/de\\\/\"},{\"@type\":\"ListItem\",\"position\":2,\"name\":\"Shop\",\"item\":\"https:\\\/\\\/ema-bia.com\\\/de\\\/shop\\\/\"},{\"@type\":\"ListItem\",\"position\":3,\"name\":\"Kit aus brauner Clutch, Pochette und Schal &#8211; Silky Kit Clutch\"}]},{\"@type\":\"WebSite\",\"@id\":\"https:\\\/\\\/ema-bia.com\\\/de\\\/#website\",\"url\":\"https:\\\/\\\/ema-bia.com\\\/de\\\/\",\"name\":\"EMA-BIA\",\"description\":\"Accessori e borse in seta di alta qualit\u00e0\",\"publisher\":{\"@id\":\"https:\\\/\\\/ema-bia.com\\\/de\\\/#organization\"},\"alternateName\":\"Borse in seta Made in Italy\",\"potentialAction\":[{\"@type\":\"SearchAction\",\"target\":{\"@type\":\"EntryPoint\",\"urlTemplate\":\"https:\\\/\\\/ema-bia.com\\\/de\\\/?s={search_term_string}\"},\"query-input\":{\"@type\":\"PropertyValueSpecification\",\"valueRequired\":true,\"valueName\":\"search_term_string\"}}],\"inLanguage\":\"de\"},{\"@type\":\"Organization\",\"@id\":\"https:\\\/\\\/ema-bia.com\\\/de\\\/#organization\",\"name\":\"EMA-BIA\",\"alternateName\":\"EMA-BIA borse e accessori\",\"url\":\"https:\\\/\\\/ema-bia.com\\\/de\\\/\",\"logo\":{\"@type\":\"ImageObject\",\"inLanguage\":\"de\",\"@id\":\"https:\\\/\\\/ema-bia.com\\\/de\\\/#\\\/schema\\\/logo\\\/image\\\/\",\"url\":\"https:\\\/\\\/ema-bia.com\\\/wp-content\\\/uploads\\\/2024\\\/12\\\/Nero-Cerchio-con-Posate-Ristorante-Logo.png\",\"contentUrl\":\"https:\\\/\\\/ema-bia.com\\\/wp-content\\\/uploads\\\/2024\\\/12\\\/Nero-Cerchio-con-Posate-Ristorante-Logo.png\",\"width\":1500,\"height\":1500,\"caption\":\"EMA-BIA\"},\"image\":{\"@id\":\"https:\\\/\\\/ema-bia.com\\\/de\\\/#\\\/schema\\\/logo\\\/image\\\/\"},\"sameAs\":[\"https:\\\/\\\/www.facebook.com\\\/silky.ema.bia\\\/\",\"https:\\\/\\\/www.instagram.com\\\/ema.bia\\\/\",\"https:\\\/\\\/www.linkedin.com\\\/company\\\/ema-bia\\\/\",\"https:\\\/\\\/www.youtube.com\\\/@ema-bia3311\\\/featured\",\"https:\\\/\\\/www.tiktok.com\\\/@ema.bia\"],\"hasMerchantReturnPolicy\":{\"@type\":\"MerchantReturnPolicy\",\"merchantReturnLink\":\"https:\\\/\\\/ema-bia.com\\\/diritto-di-recesso\\\/\"}}]}<\/script>\n<meta property=\"product:price:amount\" content=\"370.00\" \/>\n<meta property=\"product:price:currency\" content=\"EUR\" \/>\n<meta property=\"og:availability\" content=\"instock\" \/>\n<meta property=\"product:availability\" content=\"instock\" \/>\n<meta property=\"product:retailer_item_id\" content=\"8056420311136\" \/>\n<meta property=\"product:condition\" content=\"new\" \/>\n<!-- \/ Yoast SEO Premium plugin. -->","yoast_head_json":{"title":"Kit aus brauner Clutch, Pochette und Schal - Silky Kit Clutch | Made in Italy | EMA-BIA","description":"Kaufen Sie online Kit aus brauner Clutch, Pochette und Schal - Silky Kit Clutch in unserem Shop und entdecken Sie Angebote f\u00fcr EMA-BIA Produkte aus reiner Seide und 100% Made in Italy!","robots":{"index":"index","follow":"follow","max-snippet":"max-snippet:-1","max-image-preview":"max-image-preview:large","max-video-preview":"max-video-preview:-1"},"canonical":"https:\/\/ema-bia.com\/de\/shop\/taschen\/silky-kit-de\/kit-aus-brauner-clutch-pochette-und-schal\/","og_locale":"de_DE","og_type":"article","og_title":"Kit aus brauner Clutch, Pochette und Schal - Silky Kit Clutch","og_description":"Kaufen Sie online Kit aus brauner Clutch, Pochette und Schal - Silky Kit Clutch in unserem Shop und entdecken Sie Angebote f\u00fcr EMA-BIA Produkte aus reiner Seide und 100% Made in Italy!","og_url":"https:\/\/ema-bia.com\/de\/shop\/taschen\/silky-kit-de\/kit-aus-brauner-clutch-pochette-und-schal\/","og_site_name":"EMA-BIA","article_publisher":"https:\/\/www.facebook.com\/silky.ema.bia\/","article_modified_time":"2025-02-07T10:12:35+00:00","og_image":[{"width":1200,"height":1200,"url":"https:\/\/ema-bia.com\/wp-content\/uploads\/2023\/04\/kit-clutch-pochette-e-foulard-marrone.jpg","type":"image\/jpeg"}],"twitter_card":"summary_large_image","twitter_misc":{"Preis":"&euro;&nbsp;370.00","Verf\u00fcgbarkeit":"Auf Lager"},"schema":{"@context":"https:\/\/schema.org","@graph":[{"@type":"WebPage","@id":"https:\/\/ema-bia.com\/de\/shop\/taschen\/silky-kit-de\/kit-aus-brauner-clutch-pochette-und-schal\/","url":"https:\/\/ema-bia.com\/de\/shop\/taschen\/silky-kit-de\/kit-aus-brauner-clutch-pochette-und-schal\/","name":"Kit aus brauner Clutch, Pochette und Schal - Silky Kit Clutch | Made in Italy | EMA-BIA","isPartOf":{"@id":"https:\/\/ema-bia.com\/de\/#website"},"primaryImageOfPage":{"@id":"https:\/\/ema-bia.com\/de\/shop\/taschen\/silky-kit-de\/kit-aus-brauner-clutch-pochette-und-schal\/#primaryimage"},"image":{"@id":"https:\/\/ema-bia.com\/de\/shop\/taschen\/silky-kit-de\/kit-aus-brauner-clutch-pochette-und-schal\/#primaryimage"},"thumbnailUrl":"https:\/\/ema-bia.com\/wp-content\/uploads\/2023\/04\/kit-clutch-pochette-e-foulard-marrone.jpg","datePublished":"2023-04-21T08:36:18+00:00","dateModified":"2025-02-07T10:12:35+00:00","description":"Kaufen Sie online Kit aus brauner Clutch, Pochette und Schal - Silky Kit Clutch in unserem Shop und entdecken Sie Angebote f\u00fcr EMA-BIA Produkte aus reiner Seide und 100% Made in Italy!","breadcrumb":{"@id":"https:\/\/ema-bia.com\/de\/shop\/taschen\/silky-kit-de\/kit-aus-brauner-clutch-pochette-und-schal\/#breadcrumb"},"inLanguage":"de","potentialAction":[{"@type":"ReadAction","target":["https:\/\/ema-bia.com\/de\/shop\/taschen\/silky-kit-de\/kit-aus-brauner-clutch-pochette-und-schal\/"]}]},{"@type":"ImageObject","inLanguage":"de","@id":"https:\/\/ema-bia.com\/de\/shop\/taschen\/silky-kit-de\/kit-aus-brauner-clutch-pochette-und-schal\/#primaryimage","url":"https:\/\/ema-bia.com\/wp-content\/uploads\/2023\/04\/kit-clutch-pochette-e-foulard-marrone.jpg","contentUrl":"https:\/\/ema-bia.com\/wp-content\/uploads\/2023\/04\/kit-clutch-pochette-e-foulard-marrone.jpg","width":1200,"height":1200,"caption":"Kit Clutch pochette e foulard marrone"},{"@type":"BreadcrumbList","@id":"https:\/\/ema-bia.com\/de\/shop\/taschen\/silky-kit-de\/kit-aus-brauner-clutch-pochette-und-schal\/#breadcrumb","itemListElement":[{"@type":"ListItem","position":1,"name":"Home","item":"https:\/\/ema-bia.com\/de\/"},{"@type":"ListItem","position":2,"name":"Shop","item":"https:\/\/ema-bia.com\/de\/shop\/"},{"@type":"ListItem","position":3,"name":"Kit aus brauner Clutch, Pochette und Schal &#8211; Silky Kit Clutch"}]},{"@type":"WebSite","@id":"https:\/\/ema-bia.com\/de\/#website","url":"https:\/\/ema-bia.com\/de\/","name":"EMA-BIA","description":"Accessori e borse in seta di alta qualit\u00e0","publisher":{"@id":"https:\/\/ema-bia.com\/de\/#organization"},"alternateName":"Borse in seta Made in Italy","potentialAction":[{"@type":"SearchAction","target":{"@type":"EntryPoint","urlTemplate":"https:\/\/ema-bia.com\/de\/?s={search_term_string}"},"query-input":{"@type":"PropertyValueSpecification","valueRequired":true,"valueName":"search_term_string"}}],"inLanguage":"de"},{"@type":"Organization","@id":"https:\/\/ema-bia.com\/de\/#organization","name":"EMA-BIA","alternateName":"EMA-BIA borse e accessori","url":"https:\/\/ema-bia.com\/de\/","logo":{"@type":"ImageObject","inLanguage":"de","@id":"https:\/\/ema-bia.com\/de\/#\/schema\/logo\/image\/","url":"https:\/\/ema-bia.com\/wp-content\/uploads\/2024\/12\/Nero-Cerchio-con-Posate-Ristorante-Logo.png","contentUrl":"https:\/\/ema-bia.com\/wp-content\/uploads\/2024\/12\/Nero-Cerchio-con-Posate-Ristorante-Logo.png","width":1500,"height":1500,"caption":"EMA-BIA"},"image":{"@id":"https:\/\/ema-bia.com\/de\/#\/schema\/logo\/image\/"},"sameAs":["https:\/\/www.facebook.com\/silky.ema.bia\/","https:\/\/www.instagram.com\/ema.bia\/","https:\/\/www.linkedin.com\/company\/ema-bia\/","https:\/\/www.youtube.com\/@ema-bia3311\/featured","https:\/\/www.tiktok.com\/@ema.bia"],"hasMerchantReturnPolicy":{"@type":"MerchantReturnPolicy","merchantReturnLink":"https:\/\/ema-bia.com\/diritto-di-recesso\/"}}]},"product_price_amount":"370.00","product_price_currency":"EUR","og_availability":"instock","product_availability":"instock","product_retailer_item_id":"8056420311136","product_condition":"new"},"_links":{"self":[{"href":"https:\/\/ema-bia.com\/de\/wp-json\/wp\/v2\/product\/17636","targetHints":{"allow":["GET"]}}],"collection":[{"href":"https:\/\/ema-bia.com\/de\/wp-json\/wp\/v2\/product"}],"about":[{"href":"https:\/\/ema-bia.com\/de\/wp-json\/wp\/v2\/types\/product"}],"replies":[{"embeddable":true,"href":"https:\/\/ema-bia.com\/de\/wp-json\/wp\/v2\/comments?post=17636"}],"wp:featuredmedia":[{"embeddable":true,"href":"https:\/\/ema-bia.com\/de\/wp-json\/wp\/v2\/media\/5232"}],"wp:attachment":[{"href":"https:\/\/ema-bia.com\/de\/wp-json\/wp\/v2\/media?parent=17636"}],"wp:term":[{"taxonomy":"product_brand","embeddable":true,"href":"https:\/\/ema-bia.com\/de\/wp-json\/wp\/v2\/product_brand?post=17636"},{"taxonomy":"product_cat","embeddable":true,"href":"https:\/\/ema-bia.com\/de\/wp-json\/wp\/v2\/product_cat?post=17636"},{"taxonomy":"product_tag","embeddable":true,"href":"https:\/\/ema-bia.com\/de\/wp-json\/wp\/v2\/product_tag?post=17636"}],"curies":[{"name":"wp","href":"https:\/\/api.w.org\/{rel}","templated":true}]}}