{"id":17136,"date":"2023-04-21T10:36:13","date_gmt":"2023-04-21T08:36:13","guid":{"rendered":"https:\/\/ema-bia.com\/shop\/unkategorisiert\/borsa-con-stampa-floreale-grigio\/"},"modified":"2025-02-07T11:13:11","modified_gmt":"2025-02-07T10:13:11","slug":"tasche-mit-grauem-blumendruck","status":"publish","type":"product","link":"https:\/\/ema-bia.com\/de\/shop\/taschen\/tasche-mit-grauem-blumendruck\/","title":{"rendered":"Tasche mit grauem Blumendruck- Silky kit 30"},"content":{"rendered":"<p>Gro\u00dfe Tageshandtasche, Schultertasche aus <strong>grauem Wildleder<\/strong> mit Eins\u00e4tzen aus Seide mit grauen Blumenmuster.<\/p>\n<p><span class=\"text\">Griffe aus <strong>echtem grauem Leder.<\/strong><\/span><\/p>\n<p>Das Innere, <strong>bestehend aus lam\u00e9 Stoff und einer mit Seide ausgekleideten Tasche<\/strong>, wurde entwickelt, um widerstandsf\u00e4hig zu sein. Die Taschen sind verst\u00e4rkt, um schweren Lasten standzuhalten, und die Materialien lassen sich leicht reinigen.<\/p>\n<p>TOP VERSCHLUSS TASCHE MIT REISSVERSCHLUSS<\/p>\n<p>Ein einzigartiges Kit, das in der Lage ist, ein klassisches Outfit in etwas \u00e4u\u00dferst raffiniertes und anspruchsvolles zu verwandeln, auch dank <strong>der beiden Silky Stripes<\/strong>, die enthalten sind. Die Streifen zeichnen sich durch die M\u00f6glichkeit aus, alles auf einfache Weise zu kombinieren und bieten immer, je nach individuellen Bed\u00fcrfnissen, einen klassischen, eleganten oder glamrockigen Effekt.<\/p>\n<p><strong>2 einfarbige graue Seident\u00fccher mit bedruckten Seidenschals, passend zum Stoff, der f\u00fcr die Details der Tasche verwendet wurde.<\/strong><\/p>\n<p>Auch die Verpackung, in der das Silky Kit 30 verkauft wird, wurde so gestaltet, dass sie sowohl n\u00fctzlich als auch sch\u00f6n ist: Die Kunstleder-Box eignet sich zur Aufbewahrung des Kits, kann aber auch verwendet werden, um andere Gegenst\u00e4nde sorgf\u00e4ltig aufzubewahren.<\/p>\n<p><strong>Jedes Kit besteht aus Silky 30 und N.2 Silky Stripes in Kombination.<\/strong><\/p>\n<p>*Die passenden Accessoires des &#8216;Silky Kits&#8217; sind nicht einzeln erh\u00e4ltlich.<\/p>\n<p>Jedes Kit besteht aus einer einzigartigen Silky 30 und zwei passenden Silky Stripes.<\/p>\n<p><strong>Seiden- und Lederhandtasche<\/strong><\/p>\n<p><strong>Italienische Struktur mit exklusivem Design aus Como:<\/strong><\/p>\n<p><strong>Handwerkliche Eleganz<\/strong><\/p>\n<p>Erkunden Sie die italienische Kunst und Handwerkskunst mit unserer handgefertigten strukturierten Seidentasche in Italien, wo jedes Detail von Exzellenz spricht.<\/p>\n<p><strong>Hochwertiges Material<\/strong>: Diese Tasche besteht aus hochwertiger strukturierter Seide, die au\u00dfergew\u00f6hnliche Festigkeit mit der intrinsischen Zartheit der Seide kombiniert, zusammen mit ausgew\u00e4hlten und edlen Lederarten, die nicht nur empfindliche Stellen sch\u00fctzen, sondern auch einen einzigartigen Materialkontrast bieten<\/p>\n<p><strong>Exklusives Design<\/strong>: Das einzigartige und faszinierende Muster wurde von renommierten Designern aus Como erstellt, die sich auf die Gestaltung von Seidenmustern spezialisiert haben. Der Druck verleiht der Tasche stets eine unterschiedliche Note von Originalit\u00e4t und Eleganz, um jeden bevorzugten Stil abzudecken.<\/p>\n<p><strong>Italienische Handwerk<\/strong>: Die italienische handwerkliche Verarbeitung ist in jeder Naht und jedem Detail offensichtlich. Diese Tasche ist das Ergebnis handwerklicher Fertigkeiten, die Qualit\u00e4t und Langlebigkeit im Laufe der Zeit garantieren. Ausgew\u00e4hlte Leder und galvanisierte Metallmaterialien. Handgen\u00e4hte Stellen an den wichtigsten Punkten verleihen Widerstandsf\u00e4higkeit im t\u00e4glichen Gebrauch.<\/p>\n<p>Wenn Sie diese Tasche tragen, werden Sie die Kunst und die italienische Tradition umarmen und das au\u00dfergew\u00f6hnliche Gef\u00fchl der strukturierten Seide sp\u00fcren. Es ist ein einzigartiges Accessoire, das zeitlosen Stil und italienische Handwerkskunst vereint und bei jeder Gelegenheit einen Hauch von Luxus und Originalit\u00e4t bietet.<br \/><em>Unsere Produkte sind echte <strong>Unikate<\/strong>, die mit Leidenschaft und Handwerkskunst hergestellt werden. Jedes <strong>Einzelst\u00fcck<\/strong> ist Teil einer <strong>exklusiven Kollektion<\/strong>, das Ergebnis einer sorgf\u00e4ltigen Materialauswahl und eines Herstellungsprozesses, der die besonderen Eigenschaften jedes Elements hervorhebt. Unsere Kollektionen repr\u00e4sentieren die Exzellenz der Handwerkskunst und bieten St\u00fccke, die eine einzigartige Geschichte erz\u00e4hlen.<\/em><br \/>Exklusive Kollektion von Produkten, die f\u00fcr jeden Anlass geeignet sind.<br \/>\nUnsere Kollektionen werden mit Liebe zum Detail und Qualit\u00e4t zusammengestellt, um Ihnen immer das Beste zu bieten.<\/p>\n","protected":false},"excerpt":{"rendered":"<p>Gro\u00dfe Tageshandtasche, Schultertasche aus grauem Wildleder mit Eins\u00e4tzen aus Seide mit grauen Blumenmuster. Griffe aus echtem grauem Leder. Das Innere, bestehend aus lam\u00e9 Stoff und einer mit Seide ausgekleideten Tasche, wurde entwickelt, um widerstandsf\u00e4hig zu sein. Die Taschen sind verst\u00e4rkt, um schweren Lasten standzuhalten, und die Materialien lassen sich leicht reinigen. TOP VERSCHLUSS TASCHE MIT [&hellip;]<\/p>\n","protected":false},"featured_media":34716,"comment_status":"open","ping_status":"closed","template":"","meta":{"_joinchat":[]},"product_brand":[],"product_cat":[213,229,322,212],"product_tag":[],"class_list":{"0":"post-17136","1":"product","2":"type-product","3":"status-publish","4":"has-post-thumbnail","6":"product_cat-handtaschen","7":"product_cat-schultertaschen","8":"product_cat-silky-kit-de","9":"product_cat-taschen","11":"first","12":"instock","13":"featured","14":"taxable","15":"shipping-taxable","16":"purchasable","17":"product-type-simple"},"yoast_head":"<!-- This site is optimized with the Yoast SEO Premium plugin v27.3 (Yoast SEO v27.3) - https:\/\/yoast.com\/product\/yoast-seo-premium-wordpress\/ -->\n<title>Tasche mit grauem Blumendruck- Silky kit 30 | Made in Italy | EMA-BIA<\/title>\n<meta name=\"description\" content=\"Kaufen Sie online Tasche mit grauem Blumendruck- Silky kit 30 in unserem Shop und entdecken Sie Angebote f\u00fcr EMA-BIA Produkte aus reiner Seide und 100% Made in Italy!\" \/>\n<meta name=\"robots\" content=\"index, follow, max-snippet:-1, max-image-preview:large, max-video-preview:-1\" \/>\n<link rel=\"canonical\" href=\"https:\/\/ema-bia.com\/de\/shop\/taschen\/tasche-mit-grauem-blumendruck\/\" \/>\n<meta property=\"og:locale\" content=\"de_DE\" \/>\n<meta property=\"og:type\" content=\"article\" \/>\n<meta property=\"og:title\" content=\"Tasche mit grauem Blumendruck- Silky kit 30\" \/>\n<meta property=\"og:description\" content=\"Kaufen Sie online Tasche mit grauem Blumendruck- Silky kit 30 in unserem Shop und entdecken Sie Angebote f\u00fcr EMA-BIA Produkte aus reiner Seide und 100% Made in Italy!\" \/>\n<meta property=\"og:url\" content=\"https:\/\/ema-bia.com\/de\/shop\/taschen\/tasche-mit-grauem-blumendruck\/\" \/>\n<meta property=\"og:site_name\" content=\"EMA-BIA\" \/>\n<meta property=\"article:publisher\" content=\"https:\/\/www.facebook.com\/silky.ema.bia\/\" \/>\n<meta property=\"article:modified_time\" content=\"2025-02-07T10:13:11+00:00\" \/>\n<meta property=\"og:image\" content=\"https:\/\/ema-bia.com\/wp-content\/uploads\/2023\/04\/borsa-con-stampa-floreale-grigio-e-nero.jpg\" \/>\n\t<meta property=\"og:image:width\" content=\"1200\" \/>\n\t<meta property=\"og:image:height\" content=\"1200\" \/>\n\t<meta property=\"og:image:type\" content=\"image\/jpeg\" \/>\n<meta name=\"twitter:card\" content=\"summary_large_image\" \/>\n<meta name=\"twitter:label1\" content=\"Preis\" \/>\n\t<meta name=\"twitter:data1\" content=\"&euro;&nbsp;378.00\" \/>\n\t<meta name=\"twitter:label2\" content=\"Verf\u00fcgbarkeit\" \/>\n\t<meta name=\"twitter:data2\" content=\"Auf Lager\" \/>\n<script type=\"application\/ld+json\" class=\"yoast-schema-graph\">{\"@context\":\"https:\\\/\\\/schema.org\",\"@graph\":[{\"@type\":\"WebPage\",\"@id\":\"https:\\\/\\\/ema-bia.com\\\/de\\\/shop\\\/taschen\\\/tasche-mit-grauem-blumendruck\\\/\",\"url\":\"https:\\\/\\\/ema-bia.com\\\/de\\\/shop\\\/taschen\\\/tasche-mit-grauem-blumendruck\\\/\",\"name\":\"Tasche mit grauem Blumendruck- Silky kit 30 | Made in Italy | EMA-BIA\",\"isPartOf\":{\"@id\":\"https:\\\/\\\/ema-bia.com\\\/de\\\/#website\"},\"primaryImageOfPage\":{\"@id\":\"https:\\\/\\\/ema-bia.com\\\/de\\\/shop\\\/taschen\\\/tasche-mit-grauem-blumendruck\\\/#primaryimage\"},\"image\":{\"@id\":\"https:\\\/\\\/ema-bia.com\\\/de\\\/shop\\\/taschen\\\/tasche-mit-grauem-blumendruck\\\/#primaryimage\"},\"thumbnailUrl\":\"https:\\\/\\\/ema-bia.com\\\/wp-content\\\/uploads\\\/2023\\\/04\\\/borsa-tracolla-1.png\",\"datePublished\":\"2023-04-21T08:36:13+00:00\",\"dateModified\":\"2025-02-07T10:13:11+00:00\",\"description\":\"Kaufen Sie online Tasche mit grauem Blumendruck- Silky kit 30 in unserem Shop und entdecken Sie Angebote f\u00fcr EMA-BIA Produkte aus reiner Seide und 100% Made in Italy!\",\"breadcrumb\":{\"@id\":\"https:\\\/\\\/ema-bia.com\\\/de\\\/shop\\\/taschen\\\/tasche-mit-grauem-blumendruck\\\/#breadcrumb\"},\"inLanguage\":\"de\",\"potentialAction\":[{\"@type\":\"ReadAction\",\"target\":[\"https:\\\/\\\/ema-bia.com\\\/de\\\/shop\\\/taschen\\\/tasche-mit-grauem-blumendruck\\\/\"]}]},{\"@type\":\"ImageObject\",\"inLanguage\":\"de\",\"@id\":\"https:\\\/\\\/ema-bia.com\\\/de\\\/shop\\\/taschen\\\/tasche-mit-grauem-blumendruck\\\/#primaryimage\",\"url\":\"https:\\\/\\\/ema-bia.com\\\/wp-content\\\/uploads\\\/2023\\\/04\\\/borsa-tracolla-1.png\",\"contentUrl\":\"https:\\\/\\\/ema-bia.com\\\/wp-content\\\/uploads\\\/2023\\\/04\\\/borsa-tracolla-1.png\",\"width\":1485,\"height\":1485},{\"@type\":\"BreadcrumbList\",\"@id\":\"https:\\\/\\\/ema-bia.com\\\/de\\\/shop\\\/taschen\\\/tasche-mit-grauem-blumendruck\\\/#breadcrumb\",\"itemListElement\":[{\"@type\":\"ListItem\",\"position\":1,\"name\":\"Home\",\"item\":\"https:\\\/\\\/ema-bia.com\\\/de\\\/\"},{\"@type\":\"ListItem\",\"position\":2,\"name\":\"Shop\",\"item\":\"https:\\\/\\\/ema-bia.com\\\/de\\\/shop\\\/\"},{\"@type\":\"ListItem\",\"position\":3,\"name\":\"Tasche mit grauem Blumendruck- Silky kit 30\"}]},{\"@type\":\"WebSite\",\"@id\":\"https:\\\/\\\/ema-bia.com\\\/de\\\/#website\",\"url\":\"https:\\\/\\\/ema-bia.com\\\/de\\\/\",\"name\":\"EMA-BIA\",\"description\":\"Accessori e borse in seta di alta qualit\u00e0\",\"publisher\":{\"@id\":\"https:\\\/\\\/ema-bia.com\\\/de\\\/#organization\"},\"alternateName\":\"Borse in seta Made in Italy\",\"potentialAction\":[{\"@type\":\"SearchAction\",\"target\":{\"@type\":\"EntryPoint\",\"urlTemplate\":\"https:\\\/\\\/ema-bia.com\\\/de\\\/?s={search_term_string}\"},\"query-input\":{\"@type\":\"PropertyValueSpecification\",\"valueRequired\":true,\"valueName\":\"search_term_string\"}}],\"inLanguage\":\"de\"},{\"@type\":\"Organization\",\"@id\":\"https:\\\/\\\/ema-bia.com\\\/de\\\/#organization\",\"name\":\"EMA-BIA\",\"alternateName\":\"EMA-BIA borse e accessori\",\"url\":\"https:\\\/\\\/ema-bia.com\\\/de\\\/\",\"logo\":{\"@type\":\"ImageObject\",\"inLanguage\":\"de\",\"@id\":\"https:\\\/\\\/ema-bia.com\\\/de\\\/#\\\/schema\\\/logo\\\/image\\\/\",\"url\":\"https:\\\/\\\/ema-bia.com\\\/wp-content\\\/uploads\\\/2024\\\/12\\\/Nero-Cerchio-con-Posate-Ristorante-Logo.png\",\"contentUrl\":\"https:\\\/\\\/ema-bia.com\\\/wp-content\\\/uploads\\\/2024\\\/12\\\/Nero-Cerchio-con-Posate-Ristorante-Logo.png\",\"width\":1500,\"height\":1500,\"caption\":\"EMA-BIA\"},\"image\":{\"@id\":\"https:\\\/\\\/ema-bia.com\\\/de\\\/#\\\/schema\\\/logo\\\/image\\\/\"},\"sameAs\":[\"https:\\\/\\\/www.facebook.com\\\/silky.ema.bia\\\/\",\"https:\\\/\\\/www.instagram.com\\\/ema.bia\\\/\",\"https:\\\/\\\/www.linkedin.com\\\/company\\\/ema-bia\\\/\",\"https:\\\/\\\/www.youtube.com\\\/@ema-bia3311\\\/featured\",\"https:\\\/\\\/www.tiktok.com\\\/@ema.bia\"],\"hasMerchantReturnPolicy\":{\"@type\":\"MerchantReturnPolicy\",\"merchantReturnLink\":\"https:\\\/\\\/ema-bia.com\\\/diritto-di-recesso\\\/\"}}]}<\/script>\n<meta property=\"product:price:amount\" content=\"378.00\" \/>\n<meta property=\"product:price:currency\" content=\"EUR\" \/>\n<meta property=\"og:availability\" content=\"instock\" \/>\n<meta property=\"product:availability\" content=\"instock\" \/>\n<meta property=\"product:retailer_item_id\" content=\"8056420311297\" \/>\n<meta property=\"product:condition\" content=\"new\" \/>\n<!-- \/ Yoast SEO Premium plugin. -->","yoast_head_json":{"title":"Tasche mit grauem Blumendruck- Silky kit 30 | Made in Italy | EMA-BIA","description":"Kaufen Sie online Tasche mit grauem Blumendruck- Silky kit 30 in unserem Shop und entdecken Sie Angebote f\u00fcr EMA-BIA Produkte aus reiner Seide und 100% Made in Italy!","robots":{"index":"index","follow":"follow","max-snippet":"max-snippet:-1","max-image-preview":"max-image-preview:large","max-video-preview":"max-video-preview:-1"},"canonical":"https:\/\/ema-bia.com\/de\/shop\/taschen\/tasche-mit-grauem-blumendruck\/","og_locale":"de_DE","og_type":"article","og_title":"Tasche mit grauem Blumendruck- Silky kit 30","og_description":"Kaufen Sie online Tasche mit grauem Blumendruck- Silky kit 30 in unserem Shop und entdecken Sie Angebote f\u00fcr EMA-BIA Produkte aus reiner Seide und 100% Made in Italy!","og_url":"https:\/\/ema-bia.com\/de\/shop\/taschen\/tasche-mit-grauem-blumendruck\/","og_site_name":"EMA-BIA","article_publisher":"https:\/\/www.facebook.com\/silky.ema.bia\/","article_modified_time":"2025-02-07T10:13:11+00:00","og_image":[{"width":1200,"height":1200,"url":"https:\/\/ema-bia.com\/wp-content\/uploads\/2023\/04\/borsa-con-stampa-floreale-grigio-e-nero.jpg","type":"image\/jpeg"}],"twitter_card":"summary_large_image","twitter_misc":{"Preis":"&euro;&nbsp;378.00","Verf\u00fcgbarkeit":"Auf Lager"},"schema":{"@context":"https:\/\/schema.org","@graph":[{"@type":"WebPage","@id":"https:\/\/ema-bia.com\/de\/shop\/taschen\/tasche-mit-grauem-blumendruck\/","url":"https:\/\/ema-bia.com\/de\/shop\/taschen\/tasche-mit-grauem-blumendruck\/","name":"Tasche mit grauem Blumendruck- Silky kit 30 | Made in Italy | EMA-BIA","isPartOf":{"@id":"https:\/\/ema-bia.com\/de\/#website"},"primaryImageOfPage":{"@id":"https:\/\/ema-bia.com\/de\/shop\/taschen\/tasche-mit-grauem-blumendruck\/#primaryimage"},"image":{"@id":"https:\/\/ema-bia.com\/de\/shop\/taschen\/tasche-mit-grauem-blumendruck\/#primaryimage"},"thumbnailUrl":"https:\/\/ema-bia.com\/wp-content\/uploads\/2023\/04\/borsa-tracolla-1.png","datePublished":"2023-04-21T08:36:13+00:00","dateModified":"2025-02-07T10:13:11+00:00","description":"Kaufen Sie online Tasche mit grauem Blumendruck- Silky kit 30 in unserem Shop und entdecken Sie Angebote f\u00fcr EMA-BIA Produkte aus reiner Seide und 100% Made in Italy!","breadcrumb":{"@id":"https:\/\/ema-bia.com\/de\/shop\/taschen\/tasche-mit-grauem-blumendruck\/#breadcrumb"},"inLanguage":"de","potentialAction":[{"@type":"ReadAction","target":["https:\/\/ema-bia.com\/de\/shop\/taschen\/tasche-mit-grauem-blumendruck\/"]}]},{"@type":"ImageObject","inLanguage":"de","@id":"https:\/\/ema-bia.com\/de\/shop\/taschen\/tasche-mit-grauem-blumendruck\/#primaryimage","url":"https:\/\/ema-bia.com\/wp-content\/uploads\/2023\/04\/borsa-tracolla-1.png","contentUrl":"https:\/\/ema-bia.com\/wp-content\/uploads\/2023\/04\/borsa-tracolla-1.png","width":1485,"height":1485},{"@type":"BreadcrumbList","@id":"https:\/\/ema-bia.com\/de\/shop\/taschen\/tasche-mit-grauem-blumendruck\/#breadcrumb","itemListElement":[{"@type":"ListItem","position":1,"name":"Home","item":"https:\/\/ema-bia.com\/de\/"},{"@type":"ListItem","position":2,"name":"Shop","item":"https:\/\/ema-bia.com\/de\/shop\/"},{"@type":"ListItem","position":3,"name":"Tasche mit grauem Blumendruck- Silky kit 30"}]},{"@type":"WebSite","@id":"https:\/\/ema-bia.com\/de\/#website","url":"https:\/\/ema-bia.com\/de\/","name":"EMA-BIA","description":"Accessori e borse in seta di alta qualit\u00e0","publisher":{"@id":"https:\/\/ema-bia.com\/de\/#organization"},"alternateName":"Borse in seta Made in Italy","potentialAction":[{"@type":"SearchAction","target":{"@type":"EntryPoint","urlTemplate":"https:\/\/ema-bia.com\/de\/?s={search_term_string}"},"query-input":{"@type":"PropertyValueSpecification","valueRequired":true,"valueName":"search_term_string"}}],"inLanguage":"de"},{"@type":"Organization","@id":"https:\/\/ema-bia.com\/de\/#organization","name":"EMA-BIA","alternateName":"EMA-BIA borse e accessori","url":"https:\/\/ema-bia.com\/de\/","logo":{"@type":"ImageObject","inLanguage":"de","@id":"https:\/\/ema-bia.com\/de\/#\/schema\/logo\/image\/","url":"https:\/\/ema-bia.com\/wp-content\/uploads\/2024\/12\/Nero-Cerchio-con-Posate-Ristorante-Logo.png","contentUrl":"https:\/\/ema-bia.com\/wp-content\/uploads\/2024\/12\/Nero-Cerchio-con-Posate-Ristorante-Logo.png","width":1500,"height":1500,"caption":"EMA-BIA"},"image":{"@id":"https:\/\/ema-bia.com\/de\/#\/schema\/logo\/image\/"},"sameAs":["https:\/\/www.facebook.com\/silky.ema.bia\/","https:\/\/www.instagram.com\/ema.bia\/","https:\/\/www.linkedin.com\/company\/ema-bia\/","https:\/\/www.youtube.com\/@ema-bia3311\/featured","https:\/\/www.tiktok.com\/@ema.bia"],"hasMerchantReturnPolicy":{"@type":"MerchantReturnPolicy","merchantReturnLink":"https:\/\/ema-bia.com\/diritto-di-recesso\/"}}]},"product_price_amount":"378.00","product_price_currency":"EUR","og_availability":"instock","product_availability":"instock","product_retailer_item_id":"8056420311297","product_condition":"new"},"_links":{"self":[{"href":"https:\/\/ema-bia.com\/de\/wp-json\/wp\/v2\/product\/17136","targetHints":{"allow":["GET"]}}],"collection":[{"href":"https:\/\/ema-bia.com\/de\/wp-json\/wp\/v2\/product"}],"about":[{"href":"https:\/\/ema-bia.com\/de\/wp-json\/wp\/v2\/types\/product"}],"replies":[{"embeddable":true,"href":"https:\/\/ema-bia.com\/de\/wp-json\/wp\/v2\/comments?post=17136"}],"wp:featuredmedia":[{"embeddable":true,"href":"https:\/\/ema-bia.com\/de\/wp-json\/wp\/v2\/media\/34716"}],"wp:attachment":[{"href":"https:\/\/ema-bia.com\/de\/wp-json\/wp\/v2\/media?parent=17136"}],"wp:term":[{"taxonomy":"product_brand","embeddable":true,"href":"https:\/\/ema-bia.com\/de\/wp-json\/wp\/v2\/product_brand?post=17136"},{"taxonomy":"product_cat","embeddable":true,"href":"https:\/\/ema-bia.com\/de\/wp-json\/wp\/v2\/product_cat?post=17136"},{"taxonomy":"product_tag","embeddable":true,"href":"https:\/\/ema-bia.com\/de\/wp-json\/wp\/v2\/product_tag?post=17136"}],"curies":[{"name":"wp","href":"https:\/\/api.w.org\/{rel}","templated":true}]}}