{"id":16954,"date":"2023-04-21T10:35:36","date_gmt":"2023-04-21T08:35:36","guid":{"rendered":"https:\/\/ema-bia.com\/shop\/unkategorisiert\/tasche-aus-schwarzem-leder-und-blumenseide-silky-24\/"},"modified":"2025-02-07T11:14:41","modified_gmt":"2025-02-07T10:14:41","slug":"tasche-in-leder-schwarz-e-sey-floral","status":"publish","type":"product","link":"https:\/\/ema-bia.com\/de\/shop\/taschen\/handtaschen\/tasche-in-leder-schwarz-e-sey-floral\/","title":{"rendered":"Tasche aus schwarzem Leder und Blumenseide &#8211; Silky 24"},"content":{"rendered":"<p>Silky 24: Handtasche mit Kette.<\/p>\n<p><strong>Schwarze<\/strong> Leder- und Seidenschultertasche mit Blumenmuster; ein vielseitiges Accessoire, das dank des praktischen ton-in-ton elastischen Bands und der abnehmbaren Kette leicht in eine Handtasche verwandelt werden kann.<\/p>\n<p>Was Silky 24 einzigartig macht, ist ihre wandelbare Natur: Die Kette kann abgenommen werden, um Platz f\u00fcr das elastische Band zu schaffen, das in wenigen Sekunden aus einer Umh\u00e4ngetasche eine <strong>elegante Clutch<\/strong> macht.<\/p>\n<p>Die Details sind bis ins kleinste Detail durchdacht, denn eine Tasche sollte nicht nur <strong>die Blicke auf sich ziehen<\/strong>, sondern auch <strong>praktisch<\/strong> sein.<\/p>\n<p>Das Innere wurde darauf ausgelegt, widerstandsf\u00e4hig zu sein, die Taschen wurden verst\u00e4rkt, um Gewicht standzuhalten, und die Materialien sind leicht zu reinigen, denn wie oft passiert es, dass etwas in der Tasche ausl\u00e4uft. Die Praktikabilit\u00e4t ist ein Detail, das nie au\u00dfer Acht gelassen werden kann, wenn man an ein Produkt denkt, das wirklich f\u00fcr alle Frauen <strong>n\u00fctzlich sein kann<\/strong> und sie im hektischen Alltag begleitet. Dazu kommt eine besondere Liebe zum Detail, zur Auswahl der Materialien und zum Design.<\/p>\n<p>Das Innere der Umh\u00e4ngetasche ist mit <strong>Lam\u00e9-Stoff und einer mit Seide gef\u00fctterten Tasche<\/strong> in Goldfarbe mit Rei\u00dfverschluss versehen.<\/p>\n<p><strong>Metalleins\u00e4tze<\/strong> betonen die Schattierungen von Seide.<\/p>\n<p><strong>Seiden- und Lederhandtasche<\/strong><\/p>\n<p><strong>Italienische Struktur mit exklusivem Design aus Como:<\/strong><\/p>\n<p><strong>Handwerkliche Eleganz<\/strong><\/p>\n<p>Erkunden Sie die italienische Kunst und Handwerkskunst mit unserer handgefertigten strukturierten Seidentasche in Italien, wo jedes Detail von Exzellenz spricht.<\/p>\n<p><strong>Hochwertiges Material<\/strong>: Diese Tasche besteht aus hochwertiger strukturierter Seide, die au\u00dfergew\u00f6hnliche Festigkeit mit der intrinsischen Zartheit der Seide kombiniert, zusammen mit ausgew\u00e4hlten und edlen Lederarten, die nicht nur empfindliche Stellen sch\u00fctzen, sondern auch einen einzigartigen Materialkontrast bieten<\/p>\n<p><strong>Exklusives Design<\/strong>: Das einzigartige und faszinierende Muster wurde von renommierten Designern aus Como erstellt, die sich auf die Gestaltung von Seidenmustern spezialisiert haben. Der Druck verleiht der Tasche stets eine unterschiedliche Note von Originalit\u00e4t und Eleganz, um jeden bevorzugten Stil abzudecken.<\/p>\n<p><strong>Italienische Handwerk<\/strong>: Die italienische handwerkliche Verarbeitung ist in jeder Naht und jedem Detail offensichtlich. Diese Tasche ist das Ergebnis handwerklicher Fertigkeiten, die Qualit\u00e4t und Langlebigkeit im Laufe der Zeit garantieren. Ausgew\u00e4hlte Leder und galvanisierte Metallmaterialien. Handgen\u00e4hte Stellen an den wichtigsten Punkten verleihen Widerstandsf\u00e4higkeit im t\u00e4glichen Gebrauch.<\/p>\n<p>Wenn Sie diese Tasche tragen, werden Sie die Kunst und die italienische Tradition umarmen und das au\u00dfergew\u00f6hnliche Gef\u00fchl der strukturierten Seide sp\u00fcren. Es ist ein einzigartiges Accessoire, das zeitlosen Stil und italienische Handwerkskunst vereint und bei jeder Gelegenheit einen Hauch von Luxus und Originalit\u00e4t bietet.<br \/>Exklusive Kollektion von Produkten, die f\u00fcr jeden Anlass geeignet sind.<br \/>\nUnsere Kollektionen werden mit Liebe zum Detail und Qualit\u00e4t zusammengestellt, um Ihnen immer das Beste zu bieten.<\/p>\n","protected":false},"excerpt":{"rendered":"<p>Silky 24: Handtasche mit Kette. Schwarze Leder- und Seidenschultertasche mit Blumenmuster; ein vielseitiges Accessoire, das dank des praktischen ton-in-ton elastischen Bands und der abnehmbaren Kette leicht in eine Handtasche verwandelt werden kann. Was Silky 24 einzigartig macht, ist ihre wandelbare Natur: Die Kette kann abgenommen werden, um Platz f\u00fcr das elastische Band zu schaffen, das [&hellip;]<\/p>\n","protected":false},"featured_media":9142,"comment_status":"open","ping_status":"closed","template":"","meta":{"_joinchat":[]},"product_brand":[],"product_cat":[213,229,212,214],"product_tag":[326],"class_list":{"0":"post-16954","1":"product","2":"type-product","3":"status-publish","4":"has-post-thumbnail","6":"product_cat-handtaschen","7":"product_cat-schultertaschen","8":"product_cat-taschen","9":"product_cat-umhaengetaschen","10":"product_tag-silky-24-de","12":"first","13":"instock","14":"taxable","15":"shipping-taxable","16":"purchasable","17":"product-type-simple"},"yoast_head":"<!-- This site is optimized with the Yoast SEO Premium plugin v27.3 (Yoast SEO v27.3) - https:\/\/yoast.com\/product\/yoast-seo-premium-wordpress\/ -->\n<title>Tasche aus schwarzem Leder und Blumenseide - Silky 24 | Made in Italy | EMA-BIA<\/title>\n<meta name=\"description\" content=\"Kaufe online das neue Tasche aus schwarzem Leder und Blumenseide - Silky 24 und entdecke die Angebote f\u00fcr Produkte von Ema Bia aus reiner Seide und zu 100 % Made in Italy!\" \/>\n<meta name=\"robots\" content=\"index, follow, max-snippet:-1, max-image-preview:large, max-video-preview:-1\" \/>\n<link rel=\"canonical\" href=\"https:\/\/ema-bia.com\/de\/shop\/taschen\/handtaschen\/tasche-in-leder-schwarz-e-sey-floral\/\" \/>\n<meta property=\"og:locale\" content=\"de_DE\" \/>\n<meta property=\"og:type\" content=\"article\" \/>\n<meta property=\"og:title\" content=\"Tasche aus schwarzem Leder und Blumenseide - Silky 24\" \/>\n<meta property=\"og:description\" content=\"Kaufe online das neue Tasche aus schwarzem Leder und Blumenseide - Silky 24 und entdecke die Angebote f\u00fcr Produkte von Ema Bia aus reiner Seide und zu 100 % Made in Italy!\" \/>\n<meta property=\"og:url\" content=\"https:\/\/ema-bia.com\/de\/shop\/taschen\/handtaschen\/tasche-in-leder-schwarz-e-sey-floral\/\" \/>\n<meta property=\"og:site_name\" content=\"EMA-BIA\" \/>\n<meta property=\"article:publisher\" content=\"https:\/\/www.facebook.com\/silky.ema.bia\/\" \/>\n<meta property=\"article:modified_time\" content=\"2025-02-07T10:14:41+00:00\" \/>\n<meta property=\"og:image\" content=\"https:\/\/ema-bia.com\/wp-content\/uploads\/2023\/04\/010_SLK24K01BL50000-2.jpg\" \/>\n\t<meta property=\"og:image:width\" content=\"1250\" \/>\n\t<meta property=\"og:image:height\" content=\"1250\" \/>\n\t<meta property=\"og:image:type\" content=\"image\/jpeg\" \/>\n<meta name=\"twitter:card\" content=\"summary_large_image\" \/>\n<meta name=\"twitter:label1\" content=\"Preis\" \/>\n\t<meta name=\"twitter:data1\" content=\"&euro;&nbsp;370.00\" \/>\n\t<meta name=\"twitter:label2\" content=\"Verf\u00fcgbarkeit\" \/>\n\t<meta name=\"twitter:data2\" content=\"Auf Lager\" \/>\n<script type=\"application\/ld+json\" class=\"yoast-schema-graph\">{\"@context\":\"https:\\\/\\\/schema.org\",\"@graph\":[{\"@type\":\"WebPage\",\"@id\":\"https:\\\/\\\/ema-bia.com\\\/de\\\/shop\\\/taschen\\\/handtaschen\\\/tasche-in-leder-schwarz-e-sey-floral\\\/\",\"url\":\"https:\\\/\\\/ema-bia.com\\\/de\\\/shop\\\/taschen\\\/handtaschen\\\/tasche-in-leder-schwarz-e-sey-floral\\\/\",\"name\":\"Tasche aus schwarzem Leder und Blumenseide - Silky 24 | Made in Italy | EMA-BIA\",\"isPartOf\":{\"@id\":\"https:\\\/\\\/ema-bia.com\\\/de\\\/#website\"},\"primaryImageOfPage\":{\"@id\":\"https:\\\/\\\/ema-bia.com\\\/de\\\/shop\\\/taschen\\\/handtaschen\\\/tasche-in-leder-schwarz-e-sey-floral\\\/#primaryimage\"},\"image\":{\"@id\":\"https:\\\/\\\/ema-bia.com\\\/de\\\/shop\\\/taschen\\\/handtaschen\\\/tasche-in-leder-schwarz-e-sey-floral\\\/#primaryimage\"},\"thumbnailUrl\":\"https:\\\/\\\/ema-bia.com\\\/wp-content\\\/uploads\\\/2023\\\/04\\\/010_SLK24K01BL50000-2.jpg\",\"datePublished\":\"2023-04-21T08:35:36+00:00\",\"dateModified\":\"2025-02-07T10:14:41+00:00\",\"description\":\"Kaufe online das neue Tasche aus schwarzem Leder und Blumenseide - Silky 24 und entdecke die Angebote f\u00fcr Produkte von Ema Bia aus reiner Seide und zu 100 % Made in Italy!\",\"breadcrumb\":{\"@id\":\"https:\\\/\\\/ema-bia.com\\\/de\\\/shop\\\/taschen\\\/handtaschen\\\/tasche-in-leder-schwarz-e-sey-floral\\\/#breadcrumb\"},\"inLanguage\":\"de\",\"potentialAction\":[{\"@type\":\"ReadAction\",\"target\":[\"https:\\\/\\\/ema-bia.com\\\/de\\\/shop\\\/taschen\\\/handtaschen\\\/tasche-in-leder-schwarz-e-sey-floral\\\/\"]}]},{\"@type\":\"ImageObject\",\"inLanguage\":\"de\",\"@id\":\"https:\\\/\\\/ema-bia.com\\\/de\\\/shop\\\/taschen\\\/handtaschen\\\/tasche-in-leder-schwarz-e-sey-floral\\\/#primaryimage\",\"url\":\"https:\\\/\\\/ema-bia.com\\\/wp-content\\\/uploads\\\/2023\\\/04\\\/010_SLK24K01BL50000-2.jpg\",\"contentUrl\":\"https:\\\/\\\/ema-bia.com\\\/wp-content\\\/uploads\\\/2023\\\/04\\\/010_SLK24K01BL50000-2.jpg\",\"width\":1250,\"height\":1250,\"caption\":\"Tasche aus schwarzem Leder und Blumenseide\"},{\"@type\":\"BreadcrumbList\",\"@id\":\"https:\\\/\\\/ema-bia.com\\\/de\\\/shop\\\/taschen\\\/handtaschen\\\/tasche-in-leder-schwarz-e-sey-floral\\\/#breadcrumb\",\"itemListElement\":[{\"@type\":\"ListItem\",\"position\":1,\"name\":\"Home\",\"item\":\"https:\\\/\\\/ema-bia.com\\\/de\\\/\"},{\"@type\":\"ListItem\",\"position\":2,\"name\":\"Shop\",\"item\":\"https:\\\/\\\/ema-bia.com\\\/de\\\/shop\\\/\"},{\"@type\":\"ListItem\",\"position\":3,\"name\":\"Tasche aus schwarzem Leder und Blumenseide &#8211; Silky 24\"}]},{\"@type\":\"WebSite\",\"@id\":\"https:\\\/\\\/ema-bia.com\\\/de\\\/#website\",\"url\":\"https:\\\/\\\/ema-bia.com\\\/de\\\/\",\"name\":\"EMA-BIA\",\"description\":\"Accessori e borse in seta di alta qualit\u00e0\",\"publisher\":{\"@id\":\"https:\\\/\\\/ema-bia.com\\\/de\\\/#organization\"},\"alternateName\":\"Borse in seta Made in Italy\",\"potentialAction\":[{\"@type\":\"SearchAction\",\"target\":{\"@type\":\"EntryPoint\",\"urlTemplate\":\"https:\\\/\\\/ema-bia.com\\\/de\\\/?s={search_term_string}\"},\"query-input\":{\"@type\":\"PropertyValueSpecification\",\"valueRequired\":true,\"valueName\":\"search_term_string\"}}],\"inLanguage\":\"de\"},{\"@type\":\"Organization\",\"@id\":\"https:\\\/\\\/ema-bia.com\\\/de\\\/#organization\",\"name\":\"EMA-BIA\",\"alternateName\":\"EMA-BIA borse e accessori\",\"url\":\"https:\\\/\\\/ema-bia.com\\\/de\\\/\",\"logo\":{\"@type\":\"ImageObject\",\"inLanguage\":\"de\",\"@id\":\"https:\\\/\\\/ema-bia.com\\\/de\\\/#\\\/schema\\\/logo\\\/image\\\/\",\"url\":\"https:\\\/\\\/ema-bia.com\\\/wp-content\\\/uploads\\\/2024\\\/12\\\/Nero-Cerchio-con-Posate-Ristorante-Logo.png\",\"contentUrl\":\"https:\\\/\\\/ema-bia.com\\\/wp-content\\\/uploads\\\/2024\\\/12\\\/Nero-Cerchio-con-Posate-Ristorante-Logo.png\",\"width\":1500,\"height\":1500,\"caption\":\"EMA-BIA\"},\"image\":{\"@id\":\"https:\\\/\\\/ema-bia.com\\\/de\\\/#\\\/schema\\\/logo\\\/image\\\/\"},\"sameAs\":[\"https:\\\/\\\/www.facebook.com\\\/silky.ema.bia\\\/\",\"https:\\\/\\\/www.instagram.com\\\/ema.bia\\\/\",\"https:\\\/\\\/www.linkedin.com\\\/company\\\/ema-bia\\\/\",\"https:\\\/\\\/www.youtube.com\\\/@ema-bia3311\\\/featured\",\"https:\\\/\\\/www.tiktok.com\\\/@ema.bia\"],\"hasMerchantReturnPolicy\":{\"@type\":\"MerchantReturnPolicy\",\"merchantReturnLink\":\"https:\\\/\\\/ema-bia.com\\\/diritto-di-recesso\\\/\"}}]}<\/script>\n<meta property=\"product:price:amount\" content=\"370.00\" \/>\n<meta property=\"product:price:currency\" content=\"EUR\" \/>\n<meta property=\"og:availability\" content=\"instock\" \/>\n<meta property=\"product:availability\" content=\"instock\" \/>\n<meta property=\"product:retailer_item_id\" content=\"8056420315431\" \/>\n<meta property=\"product:condition\" content=\"new\" \/>\n<!-- \/ Yoast SEO Premium plugin. -->","yoast_head_json":{"title":"Tasche aus schwarzem Leder und Blumenseide - Silky 24 | Made in Italy | EMA-BIA","description":"Kaufe online das neue Tasche aus schwarzem Leder und Blumenseide - Silky 24 und entdecke die Angebote f\u00fcr Produkte von Ema Bia aus reiner Seide und zu 100 % Made in Italy!","robots":{"index":"index","follow":"follow","max-snippet":"max-snippet:-1","max-image-preview":"max-image-preview:large","max-video-preview":"max-video-preview:-1"},"canonical":"https:\/\/ema-bia.com\/de\/shop\/taschen\/handtaschen\/tasche-in-leder-schwarz-e-sey-floral\/","og_locale":"de_DE","og_type":"article","og_title":"Tasche aus schwarzem Leder und Blumenseide - Silky 24","og_description":"Kaufe online das neue Tasche aus schwarzem Leder und Blumenseide - Silky 24 und entdecke die Angebote f\u00fcr Produkte von Ema Bia aus reiner Seide und zu 100 % Made in Italy!","og_url":"https:\/\/ema-bia.com\/de\/shop\/taschen\/handtaschen\/tasche-in-leder-schwarz-e-sey-floral\/","og_site_name":"EMA-BIA","article_publisher":"https:\/\/www.facebook.com\/silky.ema.bia\/","article_modified_time":"2025-02-07T10:14:41+00:00","og_image":[{"width":1250,"height":1250,"url":"https:\/\/ema-bia.com\/wp-content\/uploads\/2023\/04\/010_SLK24K01BL50000-2.jpg","type":"image\/jpeg"}],"twitter_card":"summary_large_image","twitter_misc":{"Preis":"&euro;&nbsp;370.00","Verf\u00fcgbarkeit":"Auf Lager"},"schema":{"@context":"https:\/\/schema.org","@graph":[{"@type":"WebPage","@id":"https:\/\/ema-bia.com\/de\/shop\/taschen\/handtaschen\/tasche-in-leder-schwarz-e-sey-floral\/","url":"https:\/\/ema-bia.com\/de\/shop\/taschen\/handtaschen\/tasche-in-leder-schwarz-e-sey-floral\/","name":"Tasche aus schwarzem Leder und Blumenseide - Silky 24 | Made in Italy | EMA-BIA","isPartOf":{"@id":"https:\/\/ema-bia.com\/de\/#website"},"primaryImageOfPage":{"@id":"https:\/\/ema-bia.com\/de\/shop\/taschen\/handtaschen\/tasche-in-leder-schwarz-e-sey-floral\/#primaryimage"},"image":{"@id":"https:\/\/ema-bia.com\/de\/shop\/taschen\/handtaschen\/tasche-in-leder-schwarz-e-sey-floral\/#primaryimage"},"thumbnailUrl":"https:\/\/ema-bia.com\/wp-content\/uploads\/2023\/04\/010_SLK24K01BL50000-2.jpg","datePublished":"2023-04-21T08:35:36+00:00","dateModified":"2025-02-07T10:14:41+00:00","description":"Kaufe online das neue Tasche aus schwarzem Leder und Blumenseide - Silky 24 und entdecke die Angebote f\u00fcr Produkte von Ema Bia aus reiner Seide und zu 100 % Made in Italy!","breadcrumb":{"@id":"https:\/\/ema-bia.com\/de\/shop\/taschen\/handtaschen\/tasche-in-leder-schwarz-e-sey-floral\/#breadcrumb"},"inLanguage":"de","potentialAction":[{"@type":"ReadAction","target":["https:\/\/ema-bia.com\/de\/shop\/taschen\/handtaschen\/tasche-in-leder-schwarz-e-sey-floral\/"]}]},{"@type":"ImageObject","inLanguage":"de","@id":"https:\/\/ema-bia.com\/de\/shop\/taschen\/handtaschen\/tasche-in-leder-schwarz-e-sey-floral\/#primaryimage","url":"https:\/\/ema-bia.com\/wp-content\/uploads\/2023\/04\/010_SLK24K01BL50000-2.jpg","contentUrl":"https:\/\/ema-bia.com\/wp-content\/uploads\/2023\/04\/010_SLK24K01BL50000-2.jpg","width":1250,"height":1250,"caption":"Tasche aus schwarzem Leder und Blumenseide"},{"@type":"BreadcrumbList","@id":"https:\/\/ema-bia.com\/de\/shop\/taschen\/handtaschen\/tasche-in-leder-schwarz-e-sey-floral\/#breadcrumb","itemListElement":[{"@type":"ListItem","position":1,"name":"Home","item":"https:\/\/ema-bia.com\/de\/"},{"@type":"ListItem","position":2,"name":"Shop","item":"https:\/\/ema-bia.com\/de\/shop\/"},{"@type":"ListItem","position":3,"name":"Tasche aus schwarzem Leder und Blumenseide &#8211; Silky 24"}]},{"@type":"WebSite","@id":"https:\/\/ema-bia.com\/de\/#website","url":"https:\/\/ema-bia.com\/de\/","name":"EMA-BIA","description":"Accessori e borse in seta di alta qualit\u00e0","publisher":{"@id":"https:\/\/ema-bia.com\/de\/#organization"},"alternateName":"Borse in seta Made in Italy","potentialAction":[{"@type":"SearchAction","target":{"@type":"EntryPoint","urlTemplate":"https:\/\/ema-bia.com\/de\/?s={search_term_string}"},"query-input":{"@type":"PropertyValueSpecification","valueRequired":true,"valueName":"search_term_string"}}],"inLanguage":"de"},{"@type":"Organization","@id":"https:\/\/ema-bia.com\/de\/#organization","name":"EMA-BIA","alternateName":"EMA-BIA borse e accessori","url":"https:\/\/ema-bia.com\/de\/","logo":{"@type":"ImageObject","inLanguage":"de","@id":"https:\/\/ema-bia.com\/de\/#\/schema\/logo\/image\/","url":"https:\/\/ema-bia.com\/wp-content\/uploads\/2024\/12\/Nero-Cerchio-con-Posate-Ristorante-Logo.png","contentUrl":"https:\/\/ema-bia.com\/wp-content\/uploads\/2024\/12\/Nero-Cerchio-con-Posate-Ristorante-Logo.png","width":1500,"height":1500,"caption":"EMA-BIA"},"image":{"@id":"https:\/\/ema-bia.com\/de\/#\/schema\/logo\/image\/"},"sameAs":["https:\/\/www.facebook.com\/silky.ema.bia\/","https:\/\/www.instagram.com\/ema.bia\/","https:\/\/www.linkedin.com\/company\/ema-bia\/","https:\/\/www.youtube.com\/@ema-bia3311\/featured","https:\/\/www.tiktok.com\/@ema.bia"],"hasMerchantReturnPolicy":{"@type":"MerchantReturnPolicy","merchantReturnLink":"https:\/\/ema-bia.com\/diritto-di-recesso\/"}}]},"product_price_amount":"370.00","product_price_currency":"EUR","og_availability":"instock","product_availability":"instock","product_retailer_item_id":"8056420315431","product_condition":"new"},"_links":{"self":[{"href":"https:\/\/ema-bia.com\/de\/wp-json\/wp\/v2\/product\/16954","targetHints":{"allow":["GET"]}}],"collection":[{"href":"https:\/\/ema-bia.com\/de\/wp-json\/wp\/v2\/product"}],"about":[{"href":"https:\/\/ema-bia.com\/de\/wp-json\/wp\/v2\/types\/product"}],"replies":[{"embeddable":true,"href":"https:\/\/ema-bia.com\/de\/wp-json\/wp\/v2\/comments?post=16954"}],"wp:featuredmedia":[{"embeddable":true,"href":"https:\/\/ema-bia.com\/de\/wp-json\/wp\/v2\/media\/9142"}],"wp:attachment":[{"href":"https:\/\/ema-bia.com\/de\/wp-json\/wp\/v2\/media?parent=16954"}],"wp:term":[{"taxonomy":"product_brand","embeddable":true,"href":"https:\/\/ema-bia.com\/de\/wp-json\/wp\/v2\/product_brand?post=16954"},{"taxonomy":"product_cat","embeddable":true,"href":"https:\/\/ema-bia.com\/de\/wp-json\/wp\/v2\/product_cat?post=16954"},{"taxonomy":"product_tag","embeddable":true,"href":"https:\/\/ema-bia.com\/de\/wp-json\/wp\/v2\/product_tag?post=16954"}],"curies":[{"name":"wp","href":"https:\/\/api.w.org\/{rel}","templated":true}]}}