{"id":16879,"date":"2023-05-26T10:00:31","date_gmt":"2023-05-26T08:00:31","guid":{"rendered":"https:\/\/ema-bia.com\/shop\/senza-categoria\/zebrafarbene-seiden-und-ledertasche-silky-moon-orizzonti\/"},"modified":"2025-02-07T11:14:47","modified_gmt":"2025-02-07T10:14:47","slug":"zebrafarbene-seiden-und-ledertasche-silky-moon-orizzonti","status":"publish","type":"product","link":"https:\/\/ema-bia.com\/de\/shop\/taschen\/zebrafarbene-seiden-und-ledertasche-silky-moon-orizzonti\/","title":{"rendered":"Zebrafarbene Seiden- und Ledertasche &#8211; Silky Moon Orizzonti"},"content":{"rendered":"<p>Seidenhandtasche mit <strong>Zebraprint<\/strong> und Ledergriff.<\/p>\n<p>Perfekte Mini-Tasche f\u00fcr den Abend, bietet Platz f\u00fcr ein <strong>XL-Handy und Kreditkarten<\/strong>.<\/p>\n<p>Innenfutter aus Seide und praktischer, verstellbarer Griff.<\/p>\n<p><strong>Seiden- und Lederhandtasche<\/strong><\/p>\n<p><strong>Italienische Struktur mit exklusivem Design aus Como:<\/strong><\/p>\n<p><strong>Handwerkliche Eleganz<\/strong><\/p>\n<p>Erkunden Sie die italienische Kunst und Handwerkskunst mit unserer handgefertigten strukturierten Seidentasche in Italien, wo jedes Detail von Exzellenz spricht.<\/p>\n<p><strong>Hochwertiges Material<\/strong>: Diese Tasche besteht aus hochwertiger strukturierter Seide, die au\u00dfergew\u00f6hnliche Festigkeit mit der intrinsischen Zartheit der Seide kombiniert, zusammen mit ausgew\u00e4hlten und edlen Lederarten, die nicht nur empfindliche Stellen sch\u00fctzen, sondern auch einen einzigartigen Materialkontrast bieten<\/p>\n<p><strong>Exklusives Design<\/strong>: Das einzigartige und faszinierende Muster wurde von renommierten Designern aus Como erstellt, die sich auf die Gestaltung von Seidenmustern spezialisiert haben. Der Druck verleiht der Tasche stets eine unterschiedliche Note von Originalit\u00e4t und Eleganz, um jeden bevorzugten Stil abzudecken.<\/p>\n<p><strong>Italienische Handwerk<\/strong>: Die italienische handwerkliche Verarbeitung ist in jeder Naht und jedem Detail offensichtlich. Diese Tasche ist das Ergebnis handwerklicher Fertigkeiten, die Qualit\u00e4t und Langlebigkeit im Laufe der Zeit garantieren. Ausgew\u00e4hlte Leder und galvanisierte Metallmaterialien. Handgen\u00e4hte Stellen an den wichtigsten Punkten verleihen Widerstandsf\u00e4higkeit im t\u00e4glichen Gebrauch.<\/p>\n<p>Wenn Sie diese Tasche tragen, werden Sie die Kunst und die italienische Tradition umarmen und das au\u00dfergew\u00f6hnliche Gef\u00fchl der strukturierten Seide sp\u00fcren. Es ist ein einzigartiges Accessoire, das zeitlosen Stil und italienische Handwerkskunst vereint und bei jeder Gelegenheit einen Hauch von Luxus und Originalit\u00e4t bietet.<br \/>Exklusive Kollektion von Produkten, die f\u00fcr jeden Anlass geeignet sind.<br \/>\nUnsere Kollektionen werden mit Liebe zum Detail und Qualit\u00e4t zusammengestellt, um Ihnen immer das Beste zu bieten.<\/p>\n","protected":false},"excerpt":{"rendered":"<p>Seidenhandtasche mit Zebraprint und Ledergriff. Perfekte Mini-Tasche f\u00fcr den Abend, bietet Platz f\u00fcr ein XL-Handy und Kreditkarten. Innenfutter aus Seide und praktischer, verstellbarer Griff. Seiden- und Lederhandtasche Italienische Struktur mit exklusivem Design aus Como: Handwerkliche Eleganz Erkunden Sie die italienische Kunst und Handwerkskunst mit unserer handgefertigten strukturierten Seidentasche in Italien, wo jedes Detail von Exzellenz [&hellip;]<\/p>\n","protected":false},"featured_media":2777,"comment_status":"open","ping_status":"closed","template":"","meta":{"_joinchat":[]},"product_brand":[],"product_cat":[213,229,212],"product_tag":[],"class_list":{"0":"post-16879","1":"product","2":"type-product","3":"status-publish","4":"has-post-thumbnail","6":"product_cat-handtaschen","7":"product_cat-schultertaschen","8":"product_cat-taschen","10":"first","11":"instock","12":"taxable","13":"shipping-taxable","14":"purchasable","15":"product-type-simple"},"yoast_head":"<!-- This site is optimized with the Yoast SEO Premium plugin v27.4 (Yoast SEO v27.4) - https:\/\/yoast.com\/product\/yoast-seo-premium-wordpress\/ -->\n<title>Zebrafarbene Seiden- und Ledertasche - Silky Moon Orizzonti | Made in Italy | EMA-BIA<\/title>\n<meta name=\"description\" content=\"Kaufen Sie online Zebrafarbene Seiden- und Ledertasche - Silky Moon Orizzonti in unserem Shop und entdecken Sie Angebote f\u00fcr EMA-BIA Produkte aus reiner Seide und 100% Made in Italy!\" \/>\n<meta name=\"robots\" content=\"index, follow, max-snippet:-1, max-image-preview:large, max-video-preview:-1\" \/>\n<link rel=\"canonical\" href=\"https:\/\/ema-bia.com\/de\/shop\/taschen\/zebrafarbene-seiden-und-ledertasche-silky-moon-orizzonti\/\" \/>\n<meta property=\"og:locale\" content=\"de_DE\" \/>\n<meta property=\"og:type\" content=\"article\" \/>\n<meta property=\"og:title\" content=\"Zebrafarbene Seiden- und Ledertasche - Silky Moon Orizzonti\" \/>\n<meta property=\"og:description\" content=\"Kaufen Sie online Zebrafarbene Seiden- und Ledertasche - Silky Moon Orizzonti in unserem Shop und entdecken Sie Angebote f\u00fcr EMA-BIA Produkte aus reiner Seide und 100% Made in Italy!\" \/>\n<meta property=\"og:url\" content=\"https:\/\/ema-bia.com\/de\/shop\/taschen\/zebrafarbene-seiden-und-ledertasche-silky-moon-orizzonti\/\" \/>\n<meta property=\"og:site_name\" content=\"EMA-BIA\" \/>\n<meta property=\"article:publisher\" content=\"https:\/\/www.facebook.com\/silky.ema.bia\/\" \/>\n<meta property=\"article:modified_time\" content=\"2025-02-07T10:14:47+00:00\" \/>\n<meta property=\"og:image\" content=\"https:\/\/ema-bia.com\/wp-content\/uploads\/2023\/04\/borsa-a-spalla-e-mano-in-seta-zebrata.jpg\" \/>\n\t<meta property=\"og:image:width\" content=\"457\" \/>\n\t<meta property=\"og:image:height\" content=\"457\" \/>\n\t<meta property=\"og:image:type\" content=\"image\/jpeg\" \/>\n<meta name=\"twitter:card\" content=\"summary_large_image\" \/>\n<meta name=\"twitter:label1\" content=\"Preis\" \/>\n\t<meta name=\"twitter:data1\" content=\"&euro;&nbsp;285.00\" \/>\n\t<meta name=\"twitter:label2\" content=\"Verf\u00fcgbarkeit\" \/>\n\t<meta name=\"twitter:data2\" content=\"Auf Lager\" \/>\n<script type=\"application\/ld+json\" class=\"yoast-schema-graph\">{\"@context\":\"https:\\\/\\\/schema.org\",\"@graph\":[{\"@type\":\"WebPage\",\"@id\":\"https:\\\/\\\/ema-bia.com\\\/de\\\/shop\\\/taschen\\\/zebrafarbene-seiden-und-ledertasche-silky-moon-orizzonti\\\/\",\"url\":\"https:\\\/\\\/ema-bia.com\\\/de\\\/shop\\\/taschen\\\/zebrafarbene-seiden-und-ledertasche-silky-moon-orizzonti\\\/\",\"name\":\"Zebrafarbene Seiden- und Ledertasche - Silky Moon Orizzonti | Made in Italy | EMA-BIA\",\"isPartOf\":{\"@id\":\"https:\\\/\\\/ema-bia.com\\\/de\\\/#website\"},\"primaryImageOfPage\":{\"@id\":\"https:\\\/\\\/ema-bia.com\\\/de\\\/shop\\\/taschen\\\/zebrafarbene-seiden-und-ledertasche-silky-moon-orizzonti\\\/#primaryimage\"},\"image\":{\"@id\":\"https:\\\/\\\/ema-bia.com\\\/de\\\/shop\\\/taschen\\\/zebrafarbene-seiden-und-ledertasche-silky-moon-orizzonti\\\/#primaryimage\"},\"thumbnailUrl\":\"https:\\\/\\\/ema-bia.com\\\/wp-content\\\/uploads\\\/2023\\\/04\\\/borsa-a-spalla-e-mano-in-seta-zebrata.jpg\",\"datePublished\":\"2023-05-26T08:00:31+00:00\",\"dateModified\":\"2025-02-07T10:14:47+00:00\",\"description\":\"Kaufen Sie online Zebrafarbene Seiden- und Ledertasche - Silky Moon Orizzonti in unserem Shop und entdecken Sie Angebote f\u00fcr EMA-BIA Produkte aus reiner Seide und 100% Made in Italy!\",\"breadcrumb\":{\"@id\":\"https:\\\/\\\/ema-bia.com\\\/de\\\/shop\\\/taschen\\\/zebrafarbene-seiden-und-ledertasche-silky-moon-orizzonti\\\/#breadcrumb\"},\"inLanguage\":\"de\",\"potentialAction\":[{\"@type\":\"ReadAction\",\"target\":[\"https:\\\/\\\/ema-bia.com\\\/de\\\/shop\\\/taschen\\\/zebrafarbene-seiden-und-ledertasche-silky-moon-orizzonti\\\/\"]}]},{\"@type\":\"ImageObject\",\"inLanguage\":\"de\",\"@id\":\"https:\\\/\\\/ema-bia.com\\\/de\\\/shop\\\/taschen\\\/zebrafarbene-seiden-und-ledertasche-silky-moon-orizzonti\\\/#primaryimage\",\"url\":\"https:\\\/\\\/ema-bia.com\\\/wp-content\\\/uploads\\\/2023\\\/04\\\/borsa-a-spalla-e-mano-in-seta-zebrata.jpg\",\"contentUrl\":\"https:\\\/\\\/ema-bia.com\\\/wp-content\\\/uploads\\\/2023\\\/04\\\/borsa-a-spalla-e-mano-in-seta-zebrata.jpg\",\"width\":457,\"height\":457,\"caption\":\"Zebrafarbene Seiden- und Ledertasche\"},{\"@type\":\"BreadcrumbList\",\"@id\":\"https:\\\/\\\/ema-bia.com\\\/de\\\/shop\\\/taschen\\\/zebrafarbene-seiden-und-ledertasche-silky-moon-orizzonti\\\/#breadcrumb\",\"itemListElement\":[{\"@type\":\"ListItem\",\"position\":1,\"name\":\"Home\",\"item\":\"https:\\\/\\\/ema-bia.com\\\/de\\\/\"},{\"@type\":\"ListItem\",\"position\":2,\"name\":\"Shop\",\"item\":\"https:\\\/\\\/ema-bia.com\\\/de\\\/shop\\\/\"},{\"@type\":\"ListItem\",\"position\":3,\"name\":\"Zebrafarbene Seiden- und Ledertasche &#8211; Silky Moon Orizzonti\"}]},{\"@type\":\"WebSite\",\"@id\":\"https:\\\/\\\/ema-bia.com\\\/de\\\/#website\",\"url\":\"https:\\\/\\\/ema-bia.com\\\/de\\\/\",\"name\":\"EMA-BIA\",\"description\":\"Accessori e borse in seta di alta qualit\u00e0\",\"publisher\":{\"@id\":\"https:\\\/\\\/ema-bia.com\\\/de\\\/#organization\"},\"alternateName\":\"Borse in seta Made in Italy\",\"potentialAction\":[{\"@type\":\"SearchAction\",\"target\":{\"@type\":\"EntryPoint\",\"urlTemplate\":\"https:\\\/\\\/ema-bia.com\\\/de\\\/?s={search_term_string}\"},\"query-input\":{\"@type\":\"PropertyValueSpecification\",\"valueRequired\":true,\"valueName\":\"search_term_string\"}}],\"inLanguage\":\"de\"},{\"@type\":\"Organization\",\"@id\":\"https:\\\/\\\/ema-bia.com\\\/de\\\/#organization\",\"name\":\"EMA-BIA\",\"alternateName\":\"EMA-BIA borse e accessori\",\"url\":\"https:\\\/\\\/ema-bia.com\\\/de\\\/\",\"logo\":{\"@type\":\"ImageObject\",\"inLanguage\":\"de\",\"@id\":\"https:\\\/\\\/ema-bia.com\\\/de\\\/#\\\/schema\\\/logo\\\/image\\\/\",\"url\":\"https:\\\/\\\/ema-bia.com\\\/wp-content\\\/uploads\\\/2024\\\/12\\\/Nero-Cerchio-con-Posate-Ristorante-Logo.png\",\"contentUrl\":\"https:\\\/\\\/ema-bia.com\\\/wp-content\\\/uploads\\\/2024\\\/12\\\/Nero-Cerchio-con-Posate-Ristorante-Logo.png\",\"width\":1500,\"height\":1500,\"caption\":\"EMA-BIA\"},\"image\":{\"@id\":\"https:\\\/\\\/ema-bia.com\\\/de\\\/#\\\/schema\\\/logo\\\/image\\\/\"},\"sameAs\":[\"https:\\\/\\\/www.facebook.com\\\/silky.ema.bia\\\/\",\"https:\\\/\\\/www.instagram.com\\\/ema.bia\\\/\",\"https:\\\/\\\/www.linkedin.com\\\/company\\\/ema-bia\\\/\",\"https:\\\/\\\/www.youtube.com\\\/@ema-bia3311\\\/featured\",\"https:\\\/\\\/www.tiktok.com\\\/@ema.bia\"],\"hasMerchantReturnPolicy\":{\"@type\":\"MerchantReturnPolicy\",\"merchantReturnLink\":\"https:\\\/\\\/ema-bia.com\\\/diritto-di-recesso\\\/\"}}]}<\/script>\n<meta property=\"product:price:amount\" content=\"285.00\" \/>\n<meta property=\"product:price:currency\" content=\"EUR\" \/>\n<meta property=\"og:availability\" content=\"instock\" \/>\n<meta property=\"product:availability\" content=\"instock\" \/>\n<meta property=\"product:retailer_item_id\" content=\"8056420316353\" \/>\n<meta property=\"product:condition\" content=\"new\" \/>\n<!-- \/ Yoast SEO Premium plugin. -->","yoast_head_json":{"title":"Zebrafarbene Seiden- und Ledertasche - Silky Moon Orizzonti | Made in Italy | EMA-BIA","description":"Kaufen Sie online Zebrafarbene Seiden- und Ledertasche - Silky Moon Orizzonti in unserem Shop und entdecken Sie Angebote f\u00fcr EMA-BIA Produkte aus reiner Seide und 100% Made in Italy!","robots":{"index":"index","follow":"follow","max-snippet":"max-snippet:-1","max-image-preview":"max-image-preview:large","max-video-preview":"max-video-preview:-1"},"canonical":"https:\/\/ema-bia.com\/de\/shop\/taschen\/zebrafarbene-seiden-und-ledertasche-silky-moon-orizzonti\/","og_locale":"de_DE","og_type":"article","og_title":"Zebrafarbene Seiden- und Ledertasche - Silky Moon Orizzonti","og_description":"Kaufen Sie online Zebrafarbene Seiden- und Ledertasche - Silky Moon Orizzonti in unserem Shop und entdecken Sie Angebote f\u00fcr EMA-BIA Produkte aus reiner Seide und 100% Made in Italy!","og_url":"https:\/\/ema-bia.com\/de\/shop\/taschen\/zebrafarbene-seiden-und-ledertasche-silky-moon-orizzonti\/","og_site_name":"EMA-BIA","article_publisher":"https:\/\/www.facebook.com\/silky.ema.bia\/","article_modified_time":"2025-02-07T10:14:47+00:00","og_image":[{"width":457,"height":457,"url":"https:\/\/ema-bia.com\/wp-content\/uploads\/2023\/04\/borsa-a-spalla-e-mano-in-seta-zebrata.jpg","type":"image\/jpeg"}],"twitter_card":"summary_large_image","twitter_misc":{"Preis":"&euro;&nbsp;285.00","Verf\u00fcgbarkeit":"Auf Lager"},"schema":{"@context":"https:\/\/schema.org","@graph":[{"@type":"WebPage","@id":"https:\/\/ema-bia.com\/de\/shop\/taschen\/zebrafarbene-seiden-und-ledertasche-silky-moon-orizzonti\/","url":"https:\/\/ema-bia.com\/de\/shop\/taschen\/zebrafarbene-seiden-und-ledertasche-silky-moon-orizzonti\/","name":"Zebrafarbene Seiden- und Ledertasche - Silky Moon Orizzonti | Made in Italy | EMA-BIA","isPartOf":{"@id":"https:\/\/ema-bia.com\/de\/#website"},"primaryImageOfPage":{"@id":"https:\/\/ema-bia.com\/de\/shop\/taschen\/zebrafarbene-seiden-und-ledertasche-silky-moon-orizzonti\/#primaryimage"},"image":{"@id":"https:\/\/ema-bia.com\/de\/shop\/taschen\/zebrafarbene-seiden-und-ledertasche-silky-moon-orizzonti\/#primaryimage"},"thumbnailUrl":"https:\/\/ema-bia.com\/wp-content\/uploads\/2023\/04\/borsa-a-spalla-e-mano-in-seta-zebrata.jpg","datePublished":"2023-05-26T08:00:31+00:00","dateModified":"2025-02-07T10:14:47+00:00","description":"Kaufen Sie online Zebrafarbene Seiden- und Ledertasche - Silky Moon Orizzonti in unserem Shop und entdecken Sie Angebote f\u00fcr EMA-BIA Produkte aus reiner Seide und 100% Made in Italy!","breadcrumb":{"@id":"https:\/\/ema-bia.com\/de\/shop\/taschen\/zebrafarbene-seiden-und-ledertasche-silky-moon-orizzonti\/#breadcrumb"},"inLanguage":"de","potentialAction":[{"@type":"ReadAction","target":["https:\/\/ema-bia.com\/de\/shop\/taschen\/zebrafarbene-seiden-und-ledertasche-silky-moon-orizzonti\/"]}]},{"@type":"ImageObject","inLanguage":"de","@id":"https:\/\/ema-bia.com\/de\/shop\/taschen\/zebrafarbene-seiden-und-ledertasche-silky-moon-orizzonti\/#primaryimage","url":"https:\/\/ema-bia.com\/wp-content\/uploads\/2023\/04\/borsa-a-spalla-e-mano-in-seta-zebrata.jpg","contentUrl":"https:\/\/ema-bia.com\/wp-content\/uploads\/2023\/04\/borsa-a-spalla-e-mano-in-seta-zebrata.jpg","width":457,"height":457,"caption":"Zebrafarbene Seiden- und Ledertasche"},{"@type":"BreadcrumbList","@id":"https:\/\/ema-bia.com\/de\/shop\/taschen\/zebrafarbene-seiden-und-ledertasche-silky-moon-orizzonti\/#breadcrumb","itemListElement":[{"@type":"ListItem","position":1,"name":"Home","item":"https:\/\/ema-bia.com\/de\/"},{"@type":"ListItem","position":2,"name":"Shop","item":"https:\/\/ema-bia.com\/de\/shop\/"},{"@type":"ListItem","position":3,"name":"Zebrafarbene Seiden- und Ledertasche &#8211; Silky Moon Orizzonti"}]},{"@type":"WebSite","@id":"https:\/\/ema-bia.com\/de\/#website","url":"https:\/\/ema-bia.com\/de\/","name":"EMA-BIA","description":"Accessori e borse in seta di alta qualit\u00e0","publisher":{"@id":"https:\/\/ema-bia.com\/de\/#organization"},"alternateName":"Borse in seta Made in Italy","potentialAction":[{"@type":"SearchAction","target":{"@type":"EntryPoint","urlTemplate":"https:\/\/ema-bia.com\/de\/?s={search_term_string}"},"query-input":{"@type":"PropertyValueSpecification","valueRequired":true,"valueName":"search_term_string"}}],"inLanguage":"de"},{"@type":"Organization","@id":"https:\/\/ema-bia.com\/de\/#organization","name":"EMA-BIA","alternateName":"EMA-BIA borse e accessori","url":"https:\/\/ema-bia.com\/de\/","logo":{"@type":"ImageObject","inLanguage":"de","@id":"https:\/\/ema-bia.com\/de\/#\/schema\/logo\/image\/","url":"https:\/\/ema-bia.com\/wp-content\/uploads\/2024\/12\/Nero-Cerchio-con-Posate-Ristorante-Logo.png","contentUrl":"https:\/\/ema-bia.com\/wp-content\/uploads\/2024\/12\/Nero-Cerchio-con-Posate-Ristorante-Logo.png","width":1500,"height":1500,"caption":"EMA-BIA"},"image":{"@id":"https:\/\/ema-bia.com\/de\/#\/schema\/logo\/image\/"},"sameAs":["https:\/\/www.facebook.com\/silky.ema.bia\/","https:\/\/www.instagram.com\/ema.bia\/","https:\/\/www.linkedin.com\/company\/ema-bia\/","https:\/\/www.youtube.com\/@ema-bia3311\/featured","https:\/\/www.tiktok.com\/@ema.bia"],"hasMerchantReturnPolicy":{"@type":"MerchantReturnPolicy","merchantReturnLink":"https:\/\/ema-bia.com\/diritto-di-recesso\/"}}]},"product_price_amount":"285.00","product_price_currency":"EUR","og_availability":"instock","product_availability":"instock","product_retailer_item_id":"8056420316353","product_condition":"new"},"_links":{"self":[{"href":"https:\/\/ema-bia.com\/de\/wp-json\/wp\/v2\/product\/16879","targetHints":{"allow":["GET"]}}],"collection":[{"href":"https:\/\/ema-bia.com\/de\/wp-json\/wp\/v2\/product"}],"about":[{"href":"https:\/\/ema-bia.com\/de\/wp-json\/wp\/v2\/types\/product"}],"replies":[{"embeddable":true,"href":"https:\/\/ema-bia.com\/de\/wp-json\/wp\/v2\/comments?post=16879"}],"wp:featuredmedia":[{"embeddable":true,"href":"https:\/\/ema-bia.com\/de\/wp-json\/wp\/v2\/media\/2777"}],"wp:attachment":[{"href":"https:\/\/ema-bia.com\/de\/wp-json\/wp\/v2\/media?parent=16879"}],"wp:term":[{"taxonomy":"product_brand","embeddable":true,"href":"https:\/\/ema-bia.com\/de\/wp-json\/wp\/v2\/product_brand?post=16879"},{"taxonomy":"product_cat","embeddable":true,"href":"https:\/\/ema-bia.com\/de\/wp-json\/wp\/v2\/product_cat?post=16879"},{"taxonomy":"product_tag","embeddable":true,"href":"https:\/\/ema-bia.com\/de\/wp-json\/wp\/v2\/product_tag?post=16879"}],"curies":[{"name":"wp","href":"https:\/\/api.w.org\/{rel}","templated":true}]}}